{"id":653,"date":"2017-08-22T13:50:43","date_gmt":"2017-08-22T16:50:43","guid":{"rendered":"https:\/\/wp.ufpel.edu.br\/engmateriais\/?page_id=653"},"modified":"2021-10-15T19:10:03","modified_gmt":"2021-10-15T22:10:03","slug":"daem","status":"publish","type":"page","link":"https:\/\/wp.ufpel.edu.br\/engmateriais\/o-curso\/daem\/","title":{"rendered":"DAEM"},"content":{"rendered":"<p>&nbsp;<\/p>\n<p>O Diret\u00f3rio Acad\u00eamico da Engenharia de Materiais est\u00e1 composto pelos seguintes alunos:<\/p>\n<p>Presidente: Amanda Aparecida Gomes;<\/p>\n<p>Vice-presidente: Luana Ricardo Farias;<\/p>\n<p>Departamento Financeiro: Augusto Santos do Nascimento;<\/p>\n<p>Departamento de Comunica\u00e7\u00e3o: Camila Prieto Villanova, Felipe Rodrigues Cassoni e N\u00fabia Clasen Louren\u00e7o;<\/p>\n<p>Projetos: Ot\u00e1vio Schmalfuss Esp\u00edndola;<\/p>\n<p>&nbsp;<\/p>\n","protected":false},"excerpt":{"rendered":"<p>&nbsp; O Diret\u00f3rio Acad\u00eamico da Engenharia de Materiais est\u00e1 composto pelos seguintes alunos: Presidente: Amanda Aparecida Gomes; Vice-presidente: Luana Ricardo Farias; Departamento Financeiro: Augusto Santos do Nascimento; Departamento de Comunica\u00e7\u00e3o: Camila Prieto Villanova, Felipe Rodrigues Cassoni e N\u00fabia Clasen Louren\u00e7o; Projetos: Ot\u00e1vio Schmalfuss Esp\u00edndola; &nbsp;<\/p>\n","protected":false},"author":479,"featured_media":0,"parent":19,"menu_order":7,"comment_status":"closed","ping_status":"closed","template":"","meta":{"footnotes":""},"class_list":["post-653","page","type-page","status-publish","hentry"],"_links":{"self":[{"href":"https:\/\/wp.ufpel.edu.br\/engmateriais\/wp-json\/wp\/v2\/pages\/653","targetHints":{"allow":["GET"]}}],"collection":[{"href":"https:\/\/wp.ufpel.edu.br\/engmateriais\/wp-json\/wp\/v2\/pages"}],"about":[{"href":"https:\/\/wp.ufpel.edu.br\/engmateriais\/wp-json\/wp\/v2\/types\/page"}],"author":[{"embeddable":true,"href":"https:\/\/wp.ufpel.edu.br\/engmateriais\/wp-json\/wp\/v2\/users\/479"}],"replies":[{"embeddable":true,"href":"https:\/\/wp.ufpel.edu.br\/engmateriais\/wp-json\/wp\/v2\/comments?post=653"}],"version-history":[{"count":7,"href":"https:\/\/wp.ufpel.edu.br\/engmateriais\/wp-json\/wp\/v2\/pages\/653\/revisions"}],"predecessor-version":[{"id":1804,"href":"https:\/\/wp.ufpel.edu.br\/engmateriais\/wp-json\/wp\/v2\/pages\/653\/revisions\/1804"}],"up":[{"embeddable":true,"href":"https:\/\/wp.ufpel.edu.br\/engmateriais\/wp-json\/wp\/v2\/pages\/19"}],"wp:attachment":[{"href":"https:\/\/wp.ufpel.edu.br\/engmateriais\/wp-json\/wp\/v2\/media?parent=653"}],"curies":[{"name":"wp","href":"https:\/\/api.w.org\/{rel}","templated":true}]}}