{"id":650,"date":"2017-08-22T13:36:46","date_gmt":"2017-08-22T16:36:46","guid":{"rendered":"https:\/\/wp.ufpel.edu.br\/engmateriais\/?page_id=650"},"modified":"2026-03-26T10:41:28","modified_gmt":"2026-03-26T13:41:28","slug":"colegiado-do-curso","status":"publish","type":"page","link":"https:\/\/wp.ufpel.edu.br\/engmateriais\/o-curso\/colegiado-do-curso\/","title":{"rendered":"Colegiado do Curso"},"content":{"rendered":"<p class=\"Default\" style=\"text-align: justify; line-height: 150%;\"><span style=\"font-family: 'Arial','sans-serif';\"><a href=\"https:\/\/wp.ufpel.edu.br\/engmateriais\/files\/2018\/09\/Regimento-Eng-de-Materiais.pdf\">Regimento Eng de Materiais<\/a><\/span><\/p>\n<p class=\"Default\" style=\"text-align: justify; line-height: 150%;\"><span style=\"font-family: 'Arial','sans-serif';\">O Colegiado do C<\/span>urso \u00e9 \u00f3rg\u00e3o consultivo, deliberativo e de execu\u00e7\u00e3o das atividades pol\u00edtico-administrativas e acad\u00eamicas, de coordena\u00e7\u00e3o did\u00e1tica e pedag\u00f3gica que tem por finalidade superintender o ensino, a pesquisa e a extens\u00e3o no \u00e2mbito de cada curso.<\/p>\n<p class=\"Default\">O Centro de Desenvolvimento Tecnol\u00f3gico (CDTec), no qual o curso de Gradua\u00e7\u00e3o em Engenharia de Materiais est\u00e1 inserido, dar\u00e1 suporte \u00e0s decis\u00f5es do colegiado, mediante an\u00e1lise e de acordo com as normas e regras do CDTec.<\/p>\n<p class=\"Default\">O Colegiado ser\u00e1 integrado necessariamente por docentes e por representa\u00e7\u00e3o discente, na forma da lei.<\/p>\n<p class=\"Default\">Os representantes ser\u00e3o eleitos por seus pares, em vota\u00e7\u00e3o secreta, convocada e organizada pelo coordenador do colegiado de curso.<\/p>\n<p class=\"Default\">Os representantes ter\u00e3o cada qual um suplente, eleito ou designado conforme o caso, pelo mesmo processo e na mesma ocasi\u00e3o da escolha dos titulares, aos quais substituem, automaticamente, nas faltas, impedimentos ou vac\u00e2ncia;<\/p>\n<p class=\"Default\">O Colegiado ser\u00e1 dirigido por um Coordenador, assessorado por um coordenador adjunto, ambos com mandato de dois anos, sendo estes necessariamente professores efetivos do quadro permanente do curso de gradua\u00e7\u00e3o em Engenharia de Materiais, eleitos pelos membros do Colegiado em vota\u00e7\u00e3o uni nominal, secreta, homologados pelo Conselho do Centro e nomeados pelo Reitor.<\/p>\n<p class=\"Default\">O mandato dos representantes discentes e docentes no colegiado \u00e9 de dois anos. Em caso de impossibilidade de um de seus representantes no decorrer do mandato, deve ser encaminhada a sua imediata substitui\u00e7\u00e3o junto ao colegiado. Os representantes discentes e docentes poder\u00e3o ter seus mandatos reconduzidos uma \u00fanica vez.<\/p>\n<p><a href=\"https:\/\/wp.ufpel.edu.br\/engmateriais\/files\/2026\/03\/Portaria_Interna_34.pdf\">Portaria_Interna_34<\/a><\/p>\n","protected":false},"excerpt":{"rendered":"<p>Regimento Eng de Materiais O Colegiado do Curso \u00e9 \u00f3rg\u00e3o consultivo, deliberativo e de execu\u00e7\u00e3o das atividades pol\u00edtico-administrativas e acad\u00eamicas, de coordena\u00e7\u00e3o did\u00e1tica e pedag\u00f3gica que tem por finalidade superintender o ensino, a pesquisa e a extens\u00e3o no \u00e2mbito de cada curso. O Centro de Desenvolvimento Tecnol\u00f3gico (CDTec), no qual o curso de Gradua\u00e7\u00e3o em [&hellip;]<\/p>\n","protected":false},"author":479,"featured_media":0,"parent":19,"menu_order":5,"comment_status":"closed","ping_status":"closed","template":"","meta":{"footnotes":""},"class_list":["post-650","page","type-page","status-publish","hentry"],"_links":{"self":[{"href":"https:\/\/wp.ufpel.edu.br\/engmateriais\/wp-json\/wp\/v2\/pages\/650","targetHints":{"allow":["GET"]}}],"collection":[{"href":"https:\/\/wp.ufpel.edu.br\/engmateriais\/wp-json\/wp\/v2\/pages"}],"about":[{"href":"https:\/\/wp.ufpel.edu.br\/engmateriais\/wp-json\/wp\/v2\/types\/page"}],"author":[{"embeddable":true,"href":"https:\/\/wp.ufpel.edu.br\/engmateriais\/wp-json\/wp\/v2\/users\/479"}],"replies":[{"embeddable":true,"href":"https:\/\/wp.ufpel.edu.br\/engmateriais\/wp-json\/wp\/v2\/comments?post=650"}],"version-history":[{"count":4,"href":"https:\/\/wp.ufpel.edu.br\/engmateriais\/wp-json\/wp\/v2\/pages\/650\/revisions"}],"predecessor-version":[{"id":2661,"href":"https:\/\/wp.ufpel.edu.br\/engmateriais\/wp-json\/wp\/v2\/pages\/650\/revisions\/2661"}],"up":[{"embeddable":true,"href":"https:\/\/wp.ufpel.edu.br\/engmateriais\/wp-json\/wp\/v2\/pages\/19"}],"wp:attachment":[{"href":"https:\/\/wp.ufpel.edu.br\/engmateriais\/wp-json\/wp\/v2\/media?parent=650"}],"curies":[{"name":"wp","href":"https:\/\/api.w.org\/{rel}","templated":true}]}}