{"id":625,"date":"2017-08-22T10:47:34","date_gmt":"2017-08-22T13:47:34","guid":{"rendered":"https:\/\/wp.ufpel.edu.br\/engmateriais\/?page_id=625"},"modified":"2017-10-17T10:12:36","modified_gmt":"2017-10-17T12:12:36","slug":"termos","status":"publish","type":"page","link":"https:\/\/wp.ufpel.edu.br\/engmateriais\/eventos\/provaveis-formandos\/estagios\/termos\/","title":{"rendered":"Termos"},"content":{"rendered":"<p>TERMOS DE EST\u00c1GIO<\/p>\n<p>&nbsp;<\/p>\n<ul>\n<li>O Termo UFPEL COMO\u00a0 INSTITUI\u00c7\u00c3O DE ENSINO deve ser utilizado quando o aluno for realizar o Est\u00e1gio em outra Institui\u00e7\u00e3o de Ensino ou em Empresa.<\/li>\n<li>O Termo UFPEL COMO PARTE CONCEDENTE\u00a0 deve ser utilizado quando o aluno for realizar o Est\u00e1gio na UFPEL.<\/li>\n<\/ul>\n<p>&nbsp;<\/p>\n<p>Ambos os Termos podem ser utilizados para Est\u00e1gio Obrigat\u00f3rio ou Est\u00e1gio N\u00e3o Obrigat\u00f3rio. O campo respectivo a este dado dever\u00e1 ser assinalado.<\/p>\n<p>&nbsp;<\/p>\n<p>Os Termos dever\u00e3o ser preenchidos e assinados em tr\u00eas vias: uma ficar\u00e1 para o aluno, outra com o Curso\u00a0 e a terceira com a Institui\u00e7\u00e3o\/Empresa que conceder o \u00a0Est\u00e1gio.<\/p>\n<p>&nbsp;<\/p>\n<p>Quando entregue\u00a0para arquivamento na Secretaria, dever\u00e3o obrigatoriamente conter as assinaturas originais do aluno, do Coordenador do Curso (campo Institui\u00e7\u00e3o de Ensino) e da parte concedente (Empresa\/Supervisor do Est\u00e1gio, conforme o caso).<\/p>\n<p><a href=\"https:\/\/wp.ufpel.edu.br\/engmateriais\/files\/2017\/08\/Termo-de-Compromisso-UFPel-como-INSTITUICAO-DE-ENSINO-5.docx\">Termo-de-Compromisso-UFPel-como-INSTITUICAO-DE-ENSINO<\/a><\/p>\n<p><a href=\"https:\/\/wp.ufpel.edu.br\/engmateriais\/files\/2017\/08\/Termo-de-Compromisso-UFPel-como-PARTE-CONCEDENTE3-3.docx\">Termo-de-Compromisso-UFPel-como-PARTE-CONCEDENTE<\/a><\/p>\n<p><a href=\"https:\/\/wp.ufpel.edu.br\/engmateriais\/files\/2017\/08\/Termo-de-Distrato-1.docx\">Termo de Distrato<\/a>\u00a0 \u00a0 \u00a0( Se necess\u00e1rio, este Termo dever\u00e1 ser preenchido e assinado em tr\u00eas vias em caso de conclus\u00e3o das horas de Est\u00e1gio Curricular antes do per\u00edodo previsto no Termo de Compromisso).<\/p>\n","protected":false},"excerpt":{"rendered":"<p>TERMOS DE EST\u00c1GIO &nbsp; O Termo UFPEL COMO\u00a0 INSTITUI\u00c7\u00c3O DE ENSINO deve ser utilizado quando o aluno for realizar o Est\u00e1gio em outra Institui\u00e7\u00e3o de Ensino ou em Empresa. O Termo UFPEL COMO PARTE CONCEDENTE\u00a0 deve ser utilizado quando o aluno for realizar o Est\u00e1gio na UFPEL. &nbsp; Ambos os Termos podem ser utilizados para [&hellip;]<\/p>\n","protected":false},"author":479,"featured_media":0,"parent":619,"menu_order":3,"comment_status":"closed","ping_status":"closed","template":"","meta":{"footnotes":""},"class_list":["post-625","page","type-page","status-publish","hentry"],"_links":{"self":[{"href":"https:\/\/wp.ufpel.edu.br\/engmateriais\/wp-json\/wp\/v2\/pages\/625","targetHints":{"allow":["GET"]}}],"collection":[{"href":"https:\/\/wp.ufpel.edu.br\/engmateriais\/wp-json\/wp\/v2\/pages"}],"about":[{"href":"https:\/\/wp.ufpel.edu.br\/engmateriais\/wp-json\/wp\/v2\/types\/page"}],"author":[{"embeddable":true,"href":"https:\/\/wp.ufpel.edu.br\/engmateriais\/wp-json\/wp\/v2\/users\/479"}],"replies":[{"embeddable":true,"href":"https:\/\/wp.ufpel.edu.br\/engmateriais\/wp-json\/wp\/v2\/comments?post=625"}],"version-history":[{"count":5,"href":"https:\/\/wp.ufpel.edu.br\/engmateriais\/wp-json\/wp\/v2\/pages\/625\/revisions"}],"predecessor-version":[{"id":820,"href":"https:\/\/wp.ufpel.edu.br\/engmateriais\/wp-json\/wp\/v2\/pages\/625\/revisions\/820"}],"up":[{"embeddable":true,"href":"https:\/\/wp.ufpel.edu.br\/engmateriais\/wp-json\/wp\/v2\/pages\/619"}],"wp:attachment":[{"href":"https:\/\/wp.ufpel.edu.br\/engmateriais\/wp-json\/wp\/v2\/media?parent=625"}],"curies":[{"name":"wp","href":"https:\/\/api.w.org\/{rel}","templated":true}]}}