{"id":623,"date":"2017-08-22T10:27:50","date_gmt":"2017-08-22T13:27:50","guid":{"rendered":"https:\/\/wp.ufpel.edu.br\/engmateriais\/?page_id=623"},"modified":"2023-09-06T09:35:39","modified_gmt":"2023-09-06T12:35:39","slug":"cadastro-de-seguro","status":"publish","type":"page","link":"https:\/\/wp.ufpel.edu.br\/engmateriais\/eventos\/provaveis-formandos\/estagios\/cadastro-de-seguro\/","title":{"rendered":"Cadastro de Seguro"},"content":{"rendered":"<p style=\"text-align: justify;\">CADASTRO DE SEGURO PARA ALUNOS EM EST\u00c1GIOa Universidade Federal de Pelotas &#8211; UFPEL firmou com a\u00a0<strong>SEGUROS SURA S.A.<\/strong>, CNPJ N\u00ba\u00a0<strong>33.065.699\/0001-27\u200b<\/strong>, contrato de\u00a0PRESTA\u00c7\u00c3O DE SERVI\u00c7O\u00a0DE\u00a0SEGURO COLETIVO PARA ACIDENTES PESSOAIS\u00a0DE ALUNOS E PRESTADORES DE SERVI\u00c7O ACAD\u00caMICO VOLUNT\u00c1RIO, com cobertura contra Morte Acidental (MA) e\u00a0Invalidez Permanente Total ou Parcial por Acidente (IPA), Capital Segurado no valor de R$ 20.000,00 (vinte mil reais), atrav\u00e9s do PRA Contrato 24\/2023 (<span contenteditable=\"false\"><a class=\"ancoraSei\" href=\"https:\/\/sei.ufpel.edu.br\/sei\/controlador.php?acao=protocolo_visualizar&amp;id_protocolo=2547240&amp;infra_sistema=100000100&amp;infra_unidade_atual=110000295&amp;infra_hash=fa46702f82c5d01851bd0a60feaaf86a8d601d8fb7a582087ea440908ac05336\" target=\"_blank\" rel=\"noopener\">2265094<\/a><\/span>)\u00a0(processo n\u00ba\u00a0<span contenteditable=\"false\"><a class=\"ancoraSei\" href=\"https:\/\/sei.ufpel.edu.br\/sei\/controlador.php?acao=protocolo_visualizar&amp;id_protocolo=2371831&amp;infra_sistema=100000100&amp;infra_unidade_atual=110000295&amp;infra_hash=ea6a5647f90714e1cd99d6c238aeac004171115734a43d7dd98017b992fa3f50\" target=\"_blank\" rel=\"noopener\">23110.010894\/2023-07<\/a><\/span>, PE 023\/2023), vigente a partir de\u00a0<strong>28\/08\/2023<\/strong>, por prazo de 12\u00a0meses, encerrando em 27\/08\/2024.<\/p>\n<p class=\"Texto_Justificado_Recuo_Primeira_Linha\">A presente contrata\u00e7\u00e3o tem por finalidade a cobertura de seguro para as seguintes atividades:\u00a0alunos regularmente matriculados na UFPEL em est\u00e1gios, atividades pr\u00e1ticas em geral, atividades extensionistas, projetos, sa\u00eddas de campo, visitas t\u00e9cnicas, atividades de resid\u00eancia e quaisquer outras atividades com risco aumentado.<\/p>\n<p class=\"Texto_Justificado_Recuo_Primeira_Linha\">A\u00a0partir de 28\/08\/2023 todos os alunos de gradua\u00e7\u00e3o\u00a0com v\u00ednculo ativo\u00a0ser\u00e3o automaticamente cadastrados junto a seguradora (os ingressantes ser\u00e3o considerados ativos a partir da primeira matr\u00edcula\u00a0em disciplina). Desta forma, o m\u00f3dulo do seguro no COBALTO ser\u00e1 descontinuado e os Colegiados de Cursos de Gradua\u00e7\u00e3o n\u00e3o ter\u00e3o a incumb\u00eancia do cadastramento de discentes de forma individual. A\u00a0lista de segurados ser\u00e1 processada, preferencialmente, no dia 28 ou pr\u00f3ximo dia \u00fatil\u00a0de cada m\u00eas e nela constar\u00e3o todas as altera\u00e7\u00f5es de v\u00ednculo\u00a0geradas at\u00e9 aquele momento.<\/p>\n<p>&nbsp;<\/p>\n<p>&nbsp;<\/p>\n<p style=\"text-align: justify;\"><strong>Dados do Seguro:<\/strong><\/p>\n<p class=\"Texto_Justificado_Recuo_Primeira_Linha\"><strong>Seguradora<\/strong>: SEGUROS SURA S.A.;<\/p>\n<p class=\"Texto_Justificado_Recuo_Primeira_Linha\"><strong>Valor da Cobertura<\/strong>: R$ 20.000,00;<\/p>\n<p class=\"Texto_Justificado_Recuo_Primeira_Linha\"><strong>Ap\u00f3lice:<\/strong>\u00a080\/982\/4<\/p>\n<p>&nbsp;<\/p>\n","protected":false},"excerpt":{"rendered":"<p>CADASTRO DE SEGURO PARA ALUNOS EM EST\u00c1GIOa Universidade Federal de Pelotas &#8211; UFPEL firmou com a\u00a0SEGUROS SURA S.A., CNPJ N\u00ba\u00a033.065.699\/0001-27\u200b, contrato de\u00a0PRESTA\u00c7\u00c3O DE SERVI\u00c7O\u00a0DE\u00a0SEGURO COLETIVO PARA ACIDENTES PESSOAIS\u00a0DE ALUNOS E PRESTADORES DE SERVI\u00c7O ACAD\u00caMICO VOLUNT\u00c1RIO, com cobertura contra Morte Acidental (MA) e\u00a0Invalidez Permanente Total ou Parcial por Acidente (IPA), Capital Segurado no valor de R$ [&hellip;]<\/p>\n","protected":false},"author":479,"featured_media":0,"parent":619,"menu_order":2,"comment_status":"closed","ping_status":"closed","template":"","meta":{"footnotes":""},"class_list":["post-623","page","type-page","status-publish","hentry"],"_links":{"self":[{"href":"https:\/\/wp.ufpel.edu.br\/engmateriais\/wp-json\/wp\/v2\/pages\/623","targetHints":{"allow":["GET"]}}],"collection":[{"href":"https:\/\/wp.ufpel.edu.br\/engmateriais\/wp-json\/wp\/v2\/pages"}],"about":[{"href":"https:\/\/wp.ufpel.edu.br\/engmateriais\/wp-json\/wp\/v2\/types\/page"}],"author":[{"embeddable":true,"href":"https:\/\/wp.ufpel.edu.br\/engmateriais\/wp-json\/wp\/v2\/users\/479"}],"replies":[{"embeddable":true,"href":"https:\/\/wp.ufpel.edu.br\/engmateriais\/wp-json\/wp\/v2\/comments?post=623"}],"version-history":[{"count":14,"href":"https:\/\/wp.ufpel.edu.br\/engmateriais\/wp-json\/wp\/v2\/pages\/623\/revisions"}],"predecessor-version":[{"id":2245,"href":"https:\/\/wp.ufpel.edu.br\/engmateriais\/wp-json\/wp\/v2\/pages\/623\/revisions\/2245"}],"up":[{"embeddable":true,"href":"https:\/\/wp.ufpel.edu.br\/engmateriais\/wp-json\/wp\/v2\/pages\/619"}],"wp:attachment":[{"href":"https:\/\/wp.ufpel.edu.br\/engmateriais\/wp-json\/wp\/v2\/media?parent=623"}],"curies":[{"name":"wp","href":"https:\/\/api.w.org\/{rel}","templated":true}]}}