{"id":621,"date":"2017-08-22T10:26:28","date_gmt":"2017-08-22T13:26:28","guid":{"rendered":"https:\/\/wp.ufpel.edu.br\/engmateriais\/?page_id=621"},"modified":"2017-09-01T10:35:13","modified_gmt":"2017-09-01T13:35:13","slug":"tipos","status":"publish","type":"page","link":"https:\/\/wp.ufpel.edu.br\/engmateriais\/eventos\/provaveis-formandos\/estagios\/tipos\/","title":{"rendered":"Tipos"},"content":{"rendered":"<p style=\"text-align: justify\"><span style=\"font-size: 14pt\">TIPOS DE EST\u00c1GIOS<\/span><\/p>\n<p style=\"text-align: justify\">O est\u00e1gio divide-se em duas modalidades:<\/p>\n<p style=\"text-align: justify\">&#8211; <strong>Est\u00e1gio obrigat\u00f3rio<\/strong>, que \u00e9 aquele definido como pr\u00e9 &#8211; requisito no projeto pedag\u00f3gico do curso para aprova\u00e7\u00e3o e obten\u00e7\u00e3o de diploma; e<\/p>\n<p style=\"text-align: justify\">&#8211; <strong>Est\u00e1gio n\u00e3o-obrigat\u00f3rio,<\/strong> que \u00e9 desenvolvido como atividade opcional, acrescida \u00e0 carga hor\u00e1ria regular e obrigat\u00f3ria.<\/p>\n<p style=\"text-align: justify\">Independente da modalidade, o est\u00e1gio n\u00e3o cria v\u00ednculo empregat\u00edcio de qualquer natureza, e somente poder\u00e1 ser realizado em \u00e1rea compat\u00edvel com a desenvolvida no curso. A regulamenta\u00e7\u00e3o dos est\u00e1gios na UFPel, em harmonia com a A Lei 11.788\/2008, d\u00e1-se atrav\u00e9s das Resolu\u00e7\u00f5es n\u00ba 03\/2009 e 04\/2009, ambas do Conselho Coordenador do Ensino, da Pesquisa e da Extens\u00e3o &#8211; COCEPE. A primeira disp\u00f5e acerca dos est\u00e1gios obrigat\u00f3rios e n\u00e3o obrigat\u00f3rios concedidos dentro da pr\u00f3pria UFPel (UFPel como Parte Concedente), ao passo que a outra regulamenta todos os est\u00e1gios realizados por acad\u00eamicos da Institui\u00e7\u00e3o (UFPel como Institui\u00e7\u00e3o de Ensino).<\/p>\n<p>&nbsp;<\/p>\n<p><span style=\"font-size: 12pt\"><strong>Manual de Est\u00e1gio da UFPEL<\/strong><\/span><\/p>\n<p><a href=\"https:\/\/wp.ufpel.edu.br\/cec\/files\/2013\/04\/estagio_na_ufpel.pdf\">estagio_na_ufpel<\/a><\/p>\n<p>&nbsp;<\/p>\n<p><span style=\"font-size: 12pt\"><strong>Lei de Est\u00e1gio<\/strong><\/span><\/p>\n<p><a href=\"https:\/\/wp.ufpel.edu.br\/cec\/files\/2013\/04\/Lei-de-est%C3%A1gio.pdf\">Lei de est\u00e1gio<\/a><\/p>\n<p>&nbsp;<\/p>\n<p><span style=\"font-size: 12pt\"><strong>Orienta\u00e7\u00f5es MEC<\/strong><\/span><\/p>\n<p><a href=\"https:\/\/wp.ufpel.edu.br\/cec\/files\/2013\/04\/cartilha_lei_estagio.pdf\">cartilha_lei_estagio<\/a><\/p>\n","protected":false},"excerpt":{"rendered":"<p>TIPOS DE EST\u00c1GIOS O est\u00e1gio divide-se em duas modalidades: &#8211; Est\u00e1gio obrigat\u00f3rio, que \u00e9 aquele definido como pr\u00e9 &#8211; requisito no projeto pedag\u00f3gico do curso para aprova\u00e7\u00e3o e obten\u00e7\u00e3o de diploma; e &#8211; Est\u00e1gio n\u00e3o-obrigat\u00f3rio, que \u00e9 desenvolvido como atividade opcional, acrescida \u00e0 carga hor\u00e1ria regular e obrigat\u00f3ria. Independente da modalidade, o est\u00e1gio n\u00e3o cria [&hellip;]<\/p>\n","protected":false},"author":479,"featured_media":0,"parent":619,"menu_order":1,"comment_status":"closed","ping_status":"closed","template":"","meta":{"footnotes":""},"class_list":["post-621","page","type-page","status-publish","hentry"],"_links":{"self":[{"href":"https:\/\/wp.ufpel.edu.br\/engmateriais\/wp-json\/wp\/v2\/pages\/621","targetHints":{"allow":["GET"]}}],"collection":[{"href":"https:\/\/wp.ufpel.edu.br\/engmateriais\/wp-json\/wp\/v2\/pages"}],"about":[{"href":"https:\/\/wp.ufpel.edu.br\/engmateriais\/wp-json\/wp\/v2\/types\/page"}],"author":[{"embeddable":true,"href":"https:\/\/wp.ufpel.edu.br\/engmateriais\/wp-json\/wp\/v2\/users\/479"}],"replies":[{"embeddable":true,"href":"https:\/\/wp.ufpel.edu.br\/engmateriais\/wp-json\/wp\/v2\/comments?post=621"}],"version-history":[{"count":6,"href":"https:\/\/wp.ufpel.edu.br\/engmateriais\/wp-json\/wp\/v2\/pages\/621\/revisions"}],"predecessor-version":[{"id":725,"href":"https:\/\/wp.ufpel.edu.br\/engmateriais\/wp-json\/wp\/v2\/pages\/621\/revisions\/725"}],"up":[{"embeddable":true,"href":"https:\/\/wp.ufpel.edu.br\/engmateriais\/wp-json\/wp\/v2\/pages\/619"}],"wp:attachment":[{"href":"https:\/\/wp.ufpel.edu.br\/engmateriais\/wp-json\/wp\/v2\/media?parent=621"}],"curies":[{"name":"wp","href":"https:\/\/api.w.org\/{rel}","templated":true}]}}