{"id":6,"date":"2015-02-11T09:54:33","date_gmt":"2015-02-11T11:54:33","guid":{"rendered":"https:\/\/wp.ufpel.edu.br\/engmateriais\/?page_id=6"},"modified":"2026-03-16T15:32:15","modified_gmt":"2026-03-16T18:32:15","slug":"docentes","status":"publish","type":"page","link":"https:\/\/wp.ufpel.edu.br\/engmateriais\/docentes\/","title":{"rendered":"DOCENTES"},"content":{"rendered":"<div>\n<p><strong>Atualmente, a Dire\u00e7\u00e3o do Centro de Desenvolvimento Tecnol\u00f3gico \u00e9 exercida por duas professoras da Engenharia de Materiais:<\/strong><\/p>\n<p>&nbsp;<\/p>\n<p>DIRETORA DO CDTEC:<\/p>\n<p class=\"ecxMsoNormal\"><strong>Prof\u00aa. Dr\u00aa. Amanda Dantas de Oliveira<\/strong><\/p>\n<p class=\"ecxMsoNormal\">e-mail: <span style=\"color: #0000ff;\"><a href=\"mailto:amandaoliveira82@gmail.com\">amandaoliveira82@gmail.com<\/a><\/span><\/p>\n<p style=\"text-align: justify;\"><a href=\"https:\/\/wp.ufpel.edu.br\/engmateriais\/files\/2025\/07\/foto-Amanda.jpg\"><img loading=\"lazy\" decoding=\"async\" class=\"wp-image-2557 alignleft\" src=\"https:\/\/wp.ufpel.edu.br\/engmateriais\/files\/2025\/07\/foto-Amanda.jpg\" alt=\"\" width=\"232\" height=\"232\" srcset=\"https:\/\/wp.ufpel.edu.br\/engmateriais\/files\/2025\/07\/foto-Amanda.jpg 1280w, https:\/\/wp.ufpel.edu.br\/engmateriais\/files\/2025\/07\/foto-Amanda-400x400.jpg 400w, https:\/\/wp.ufpel.edu.br\/engmateriais\/files\/2025\/07\/foto-Amanda-1024x1024.jpg 1024w, https:\/\/wp.ufpel.edu.br\/engmateriais\/files\/2025\/07\/foto-Amanda-200x200.jpg 200w, https:\/\/wp.ufpel.edu.br\/engmateriais\/files\/2025\/07\/foto-Amanda-768x768.jpg 768w, https:\/\/wp.ufpel.edu.br\/engmateriais\/files\/2025\/07\/foto-Amanda-619x619.jpg 619w\" sizes=\"auto, (max-width: 232px) 100vw, 232px\" \/><\/a><\/p>\n<p>&nbsp;<\/p>\n<p style=\"text-align: justify;\">Possui gradua\u00e7\u00e3o em Engenharia de Materiais pela Universidade Federal de Campina Grande (2006), mestrado em Ci\u00eancia e Engenharia de Materiais (CAPES 7) pela Universidade Federal de S\u00e3o Carlos (2009) e doutorado em Ci\u00eancia e Engenharia de Materiais (CAPES 7) pela Universidade Federal de S\u00e3o Carlos (2014). Tem experi\u00eancia na \u00e1rea de Engenharia de Materiais, com \u00eanfase em Pol\u00edmeros e Aplica\u00e7\u00f5es, atuando principalmente nos seguintes temas: blendas e nanocomp\u00f3sitos polim\u00e9ricos, materiais comp\u00f3sitos, biocomp\u00f3sitos, s\u00edntese de pol\u00edmeros, processamento de materiais polim\u00e9ricos, sistemas compatibilizantes.<\/p>\n<p>&nbsp;<\/p>\n<p>&nbsp;<\/p>\n<p>&nbsp;<\/p>\n<ul>\n<li><a href=\"http:\/\/buscatextual.cnpq.br\/buscatextual\/visualizacv.do?id=K4757266A3\">Curr\u00edculo Lattes<\/a><\/li>\n<\/ul>\n<div>\n<p>&nbsp;<\/p>\n<p>&nbsp;<\/p>\n<\/div>\n<p>DIRETORA ADJUNTA DO CDTEC:<\/p>\n<p><strong>Prof\u00aa. Dr\u00aa. Cristiane Wienke Raubach\u00a0<\/strong><\/p>\n<p>e-mail: <a class=\"Yh1nIb asUmFb AL18ce\" href=\"mailto:craubach.iqg@ufpel.edu.br\" target=\"_blank\" rel=\"noopener noreferrer\">craubach.iqg@ufpel.edu.br<\/a><\/p>\n<p style=\"text-align: justify;\"><a href=\"https:\/\/wp.ufpel.edu.br\/ppgcem\/files\/2018\/12\/servletrecuperafoto-2.jpg\"><img loading=\"lazy\" decoding=\"async\" class=\"alignleft wp-image-2801 \" src=\"https:\/\/wp.ufpel.edu.br\/ppgcem\/files\/2018\/12\/servletrecuperafoto-2-200x200.jpg\" alt=\"\" width=\"215\" height=\"215\" \/><\/a>Professora do Centro de Desenvolvimento Tecnol\u00f3gico (CDTec) da Universidade Federal de Pelotas (UFPel) \u2013 RS, membro colaborador do Programa de P\u00f3s-gradua\u00e7\u00e3o em Ci\u00eancias e Engenharia de Materiais na UFPel. Tem doutorado em Ci\u00eancia (\u00e1rea de concentra\u00e7\u00e3o qu\u00edmica) pela Universidade Federal de S\u00e3o Carlos-SP (2013), mestrado em qu\u00edmica pela Universidade Federal de Pelotas (2010) e gradua\u00e7\u00e3o em licenciatura em qu\u00edmica pela Universidade Federal de Pelotas (2008). Tem experi\u00eancia na \u00e1rea de Qu\u00edmica com \u00eanfase em Ci\u00eancia de Materiais, dedicando-se ao estudo de propriedades f\u00edsico-qu\u00edmicas dos materiais cer\u00e2micos multifuncionais, atuando principalmente nos seguintes temas: Sistemas core-Shell, Crescimento de cristais, Sistemas Fotocatal\u00edticos, C\u00e9lulas fotovoltaicas, Analises T\u00e9rmicas e S\u00ednteses solvot\u00e9rmicas assistidas por micro-ondas, bem como uma grande experi\u00eancias em microscopia e an\u00e1lises estruturais dos materiais.<\/p>\n<p>&nbsp;<\/p>\n<p>&nbsp;<\/p>\n<ul>\n<li><a href=\"http:\/\/buscatextual.cnpq.br\/buscatextual\/visualizacv.do?id=K4238914T2\">Curr\u00edculo Lattes<\/a><\/li>\n<\/ul>\n<\/div>\n<p>&nbsp;<\/p>\n<p>&nbsp;<\/p>\n<div>\n<p class=\"ecxMsoNormal\"><strong><span style=\"color: #ff0000;\">COORDENADOR DO CURSO:<\/span><\/strong><b><br \/>\n<\/b><\/p>\n<p class=\"ecxMsoNormal\"><strong>Prof. Dr. Sergio da Silva Cava<\/strong><\/p>\n<p class=\"ecxMsoNormal\">e-mail: <a href=\"mailto:sergiocava@gmail.com\">sergiocava@gmail.com<\/a><\/p>\n<p style=\"text-align: justify;\"><a href=\"https:\/\/wp.ufpel.edu.br\/ppgcem\/files\/2014\/10\/sergio.jpg\"><img loading=\"lazy\" decoding=\"async\" class=\"alignleft wp-image-1079 \" src=\"https:\/\/wp.ufpel.edu.br\/ppgcem\/files\/2014\/10\/sergio-159x159.jpg\" alt=\"sergio\" width=\"219\" height=\"219\" \/><\/a>Possui gradua\u00e7\u00e3o em Engenharia de Materiais pela Universidade Estadual de Ponta Grossa \u2013 UEPG (1995), mestrado em Ci\u00eancia e Engenharia de Materiais pela Universidade de S\u00e3o Paulo \u2013 USP\/SC (2000) e doutorado em Qu\u00edmica pela Universidade Federal de S\u00e3o Carlos \u2013 UFSCar (2003). Atualmente \u00e9 Professor Adjunto do Programa de P\u00f3s-Gradua\u00e7\u00e3o em Ci\u00eancia e Engenharia de Materiais \u2013 PPGCEM e do curso de Gradua\u00e7\u00e3o em Engenharia de Materiais do Centro de Desenvolvimento Tecnol\u00f3gico \u2013 CDTec da Universidade Federal de Pelotas \u2013 UFPel. Foi coordenador do PPGCEM\/UFPel durante dois mandatos, sendo o respons\u00e1vel pela implanta\u00e7\u00e3o do Mestrado e proposta do Doutorado. Tem experi\u00eancia na \u00e1rea de Engenharia de Materiais e Metal\u00fargica, com \u00eanfase em Cer\u00e2micos, atuando principalmente nos seguintes temas: processamento cer\u00e2mico, materiais cer\u00e2micos, s\u00edntese qu\u00edmica, revestimentos cer\u00e2micos e pigmentos inorg\u00e2nicos. Atualmente desenvolve trabalhos relacionados a s\u00edntese de novos materiais para aplica\u00e7\u00f5es diversas, como c\u00e9lulas fotovoltaicas, c\u00e9lulas combust\u00edveis, materiais magn\u00e9ticos, aplica\u00e7\u00f5es em odontologia e filmes anticorros\u00e3o e modifica\u00e7\u00e3o de superf\u00edcies. Estes trabalhos est\u00e3o sendo desenvolvidos na UFPel por meio do grupo de pesquisa Crescimento de Cristais Avan\u00e7ados Fot\u00f4nica \u2013 CCAF. O grupo envolve professores e estudantes de todos os n\u00edveis em v\u00e1rios cursos e programas de p\u00f3s-gradua\u00e7\u00e3o na UFPel e em outras universidade na Brasil e outros pa\u00edses.<\/p>\n<ul>\n<li>\u00a0<a href=\"http:\/\/lattes.cnpq.br\/2853098230406981\">Curr\u00edculo Lattes<\/a><\/li>\n<\/ul>\n<\/div>\n<p>&nbsp;<\/p>\n<p>&nbsp;<\/p>\n<p><strong>Prof. Dr. Mateus Meneguetti Ferrer<\/strong><\/p>\n<p>e-mail: <a class=\"rABsFf RffVmb AL18ce\" href=\"mailto:mateusmferrer@gmail.com\" target=\"_blank\" rel=\"noopener noreferrer\" data-tooltip-position=\"top\" data-tooltip=\"Do perfil do usu\u00e1rio do Google\">mateusmferrer@gmail.com<\/a><\/p>\n<p style=\"text-align: justify;\"><a href=\"https:\/\/wp.ufpel.edu.br\/engmateriais\/files\/2022\/04\/Mateus-Ferrer.jpg\"><img loading=\"lazy\" decoding=\"async\" class=\"wp-image-1863 alignleft\" src=\"https:\/\/wp.ufpel.edu.br\/engmateriais\/files\/2022\/04\/Mateus-Ferrer.jpg\" alt=\"\" width=\"235\" height=\"167\" srcset=\"https:\/\/wp.ufpel.edu.br\/engmateriais\/files\/2022\/04\/Mateus-Ferrer.jpg 520w, https:\/\/wp.ufpel.edu.br\/engmateriais\/files\/2022\/04\/Mateus-Ferrer-400x285.jpg 400w\" sizes=\"auto, (max-width: 235px) 100vw, 235px\" \/><\/a>Professor do Centro de Desenvolvimento Tecnol\u00f3gico da Universidade Federal de Pelotas (UFPel) e membro do Programa de P\u00f3s-Gradua\u00e7\u00e3o em Ci\u00eancia e Engenharia de Materiais da UFPel. Possui Doutorado em Ci\u00eancias (2016) e Mestrado em Qu\u00edmica (2012), ambos com \u00e1rea de concentra\u00e7\u00e3o em F\u00edsico-Qu\u00edmica, pela Universidade Federal de S\u00e3o Carlos e gradua\u00e7\u00e3o em Bacharelado em Qu\u00edmica pela Universidade Estadual de Maring\u00e1 (2007). Tem experi\u00eancia na \u00e1rea de F\u00edsico-Qu\u00edmica aplicada \u00e0 mat\u00e9ria condensada com foco em correla\u00e7\u00e3o te\u00f3rica-experimental de materiais cer\u00e2micos multifuncionais<\/p>\n<p style=\"text-align: justify;\">Curr\u00edculo Lattes: <a href=\"http:\/\/lattes.cnpq.br\/6355560471517685\">http:\/\/lattes.cnpq.br\/6355560471517685<\/a><\/p>\n<p>&nbsp;<\/p>\n<div>\n<p>&nbsp;<\/p>\n<p>&nbsp;<\/p>\n<p>&nbsp;<\/p>\n<p>&#8212;&#8212;&#8212;&#8212;&#8212;&#8212;&#8212;&#8212;&#8212;&#8212;&#8212;&#8212;&#8212;&#8212;&#8212;&#8212;&#8212;&#8212;&#8212;&#8212;&#8212;&#8212;&#8212;&#8212;&#8212;&#8212;&#8212;&#8212;&#8212;&#8212;&#8212;&#8212;&#8212;&#8212;&#8212;&#8212;&#8212;&#8212;&#8212;&#8212;&#8212;&#8212;&#8212;&#8212;&#8212;&#8212;&#8212;&#8212;&#8212;&#8212;&#8212;&#8212;&#8212;&#8212;&#8212;&#8212;&#8212;&#8212;&#8212;&#8212;&#8212;&#8212;&#8212;&#8212;&#8211;<\/p>\n<\/div>\n<p class=\"ecxMsoNormal\"><strong>Prof\u00aa. Dr\u00aa. Alice Gon\u00e7alves Osorio<\/strong><\/p>\n<p class=\"ecxMsoNormal\">e-mail: <a href=\"mailto:osorio.alice@gmail.com\">osorio.alice@gmail.com<\/a><\/p>\n<p style=\"text-align: justify;\"><a href=\"https:\/\/wp.ufpel.edu.br\/ppgcem\/files\/2014\/10\/alice.jpg\"><img loading=\"lazy\" decoding=\"async\" class=\"alignleft wp-image-1063 \" src=\"https:\/\/wp.ufpel.edu.br\/ppgcem\/files\/2014\/10\/alice-114x159.jpg\" alt=\"alice\" width=\"201\" height=\"281\" \/><\/a>Doutora em Engenharia de Materiais pela UFRGS, Mestre em Materials Science exploiting Large Scale Facilities (Mamaself \u2013 Fran\u00e7a e It\u00e1lia) pelo programa europeu Erasmus Mundus. Mestre em Ci\u00eancia e Tecnologia dos Materiais pela Universidade Federal do Rio Grande do Sul e Engenheira de materiais graduada pela Universidade Federal de Santa Catarina. Possui seis meses de experi\u00eancia no instituto Paul Scherrer (PSI), na Sui\u00e7a, e um ano de experi\u00eancia no instituto Scion, Nova Zel\u00e2ndia, onde trabalhou no desenvolvimento e processamento de comp\u00f3sitos polim\u00e9ricos. Possui experi\u00eancia na \u00e1rea metal\u00fargica, ceramista e de comp\u00f3sitos polim\u00e9ricos e, tamb\u00e9m, em consultoria de materiais. Atualmente atua como docente na Universidade Federal de Pelotas \u2013 UFPel, no Centro de Desenvolvimento Tecnol\u00f3gico (CDTec), \u00e9 professora permanente do Programa de P\u00f3s Gradua\u00e7\u00e3o em Ci\u00eancia e Engenharia de Materiais (PPGCEM\/UFPel) e do Programa de P\u00f3s Gradua\u00e7\u00e3o em Engenharia Mec\u00e2nica (PPMec\/FURG).<\/p>\n<ul>\n<li>\u00a0<a href=\"http:\/\/lattes.cnpq.br\/1390205328932584\">Curr\u00edculo Lattes<\/a><\/li>\n<\/ul>\n<p>&nbsp;<\/p>\n<p>&nbsp;<\/p>\n<div>\n<p><strong>Prof. Dr. Andr\u00e9 Luiz Missio<\/strong><\/p>\n<p>e-mail: <a class=\"rABsFf RffVmb AL18ce\" href=\"mailto:andreluizmissio@gmail.com\" target=\"_blank\" rel=\"noopener noreferrer\" data-tooltip-position=\"top\" data-tooltip=\"Do perfil do usu\u00e1rio do Google\">andreluizmissio@gmail.com<\/a><\/p>\n<p>&nbsp;<\/p>\n<p style=\"text-align: justify;\"><a href=\"https:\/\/wp.ufpel.edu.br\/engmateriais\/files\/2022\/04\/Andre-Missio.png\"><img loading=\"lazy\" decoding=\"async\" class=\" wp-image-1865 alignleft\" src=\"https:\/\/wp.ufpel.edu.br\/engmateriais\/files\/2022\/04\/Andre-Missio.png\" alt=\"\" width=\"221\" height=\"231\" \/><\/a>Professor do Curso de Engenharia de Materiais, Centro de DesenvolvimentoTecnol\u00f3gico (CDTec) da Universidade Federal de Pelotas (UFPel). Engenheiro Industrial Madeireiro formado pela Universidade Federal de Pelotas (2012), possui mestrado (2014) e doutorado (2017) em Engenharia Florestal pela Universidade Federal de Santa Maria na \u00e1rea de Tecnologia de Produtos Florestais. Vinculado aos Programas de P\u00f3s-Gradua\u00e7\u00e3o em Ci\u00eancia e Engenharia de Materiais (PPGCEM) e Ci\u00eancias Ambientais (PPGCAmb) da UFPel, desenvolve pesquisas e projetos na \u00e1rea de novos materiais sustent\u00e1veis, com \u00eanfase em taninos, nanocelulose, separa\u00e7\u00e3o e purifica\u00e7\u00e3o de materiais lignocelul\u00f3sicos e comp\u00f3sitos polim\u00e9ricos.<\/p>\n<p><a href=\"http:\/\/lattes.cnpq.br\/6923877786371495\">http:\/\/lattes.cnpq.br\/6923877786371495<\/a><\/p>\n<p>&nbsp;<\/p>\n<p>&nbsp;<\/p>\n<\/div>\n<div>\n<p class=\"ecxMsoNormal\"><strong>Prof\u00aa. Dr\u00aa. Cristiane Krause Santin<\/strong><\/p>\n<\/div>\n<p>e-mail: <a href=\"mailto:cristianekrause@hotmail.com\">cristianekrause@hotmail.com<\/a><\/p>\n<p><a href=\"https:\/\/wp.ufpel.edu.br\/engmateriais\/files\/2025\/10\/Cristiane-Krause-Santin.jpg\"><img loading=\"lazy\" decoding=\"async\" class=\"wp-image-2600 alignleft\" src=\"https:\/\/wp.ufpel.edu.br\/engmateriais\/files\/2025\/10\/Cristiane-Krause-Santin.jpg\" alt=\"\" width=\"207\" height=\"276\" srcset=\"https:\/\/wp.ufpel.edu.br\/engmateriais\/files\/2025\/10\/Cristiane-Krause-Santin.jpg 354w, https:\/\/wp.ufpel.edu.br\/engmateriais\/files\/2025\/10\/Cristiane-Krause-Santin-300x400.jpg 300w\" sizes=\"auto, (max-width: 207px) 100vw, 207px\" \/><\/a><\/p>\n<p style=\"text-align: justify;\">Gradua\u00e7\u00e3o em Qu\u00edmica pela Pontif\u00edcia Universidade Cat\u00f3lica do Rio Grande do Sul (1996) e Forma\u00e7\u00e3o Pedagogica em Quimica_R2 (2024), especializa\u00e7\u00e3o em Petroqu\u00edmica: Cat\u00e1lise e Pol\u00edmeros e mestrado em Qu\u00edmica pela Universidade Federal do Rio Grande do Sul (2001). Doutorado em Ci\u00eancia dos Materiais pela Universidade Federal do Rio Grande do Sul (2008), durante o qual realizou como bolsista CNPq_DAAD doutorado-sandu\u00edche na Alemanha_Hannover no Institut f\u00fcr Kautschuktechnologie e.v.(DIK). Especializa\u00e7\u00e3o em Docencia para a Educa\u00e7\u00e3o Profissional e Tecnologica (2023). Ampla experi\u00eancia na \u00e1rea com \u00eanfase em Pol\u00edmeros, Col\u00f3ides e desenvolvimento de novos materiais, atuando principalmente nos seguintes temas: pol\u00edmeros condutores, desenvolvimento de tintas condutoras, microgeis polimericos, nanomateriais e biomaterias, biofilmes polimericos a partir de fontes naturais, modifica\u00e7\u00e3o de elast\u00f4meros; funcionaliza\u00e7\u00e3o de pol\u00edmeros, desenvolvimento de novos materiais polim\u00e9ricos, caracteriza\u00e7\u00e3o de materiais, an\u00e1lises instrumentais, processamento de pol\u00edmeros. Colaboradora em projetos cient\u00edficos e tecnol\u00f3gicos, trabalhos t\u00e9cnicos, auditorias internas. Avaliadora em bancas cientificas. Docente do Ensino Superior na area de qu\u00edmica, fisico_quimica,inorganica, organica, pol\u00edmeros, caracteriza\u00e7\u00e3o de materiais, nanomateriais, biomateriais, corros\u00e3o e areas correlatas.<\/p>\n<p>&nbsp;<\/p>\n<p><a href=\"http:\/\/lattes.cnpq.br\/8668574495269159\">http:\/\/lattes.cnpq.br\/8668574495269159<\/a><\/p>\n<p>&nbsp;<\/p>\n<div>\n<p class=\"ecxMsoNormal\"><strong>Prof\u00aa. Dra\u00aa. Fabiula Danielli Bastos de Sousa<\/strong><\/p>\n<p class=\"ecxMsoNormal\">e-mail: <a href=\"mailto:fabiuladesousa@gmail.com\">fabiuladesousa@gmail.com<\/a><\/p>\n<p>&nbsp;<\/p>\n<p><a href=\"https:\/\/wp.ufpel.edu.br\/ppgcem\/files\/2018\/12\/servletrecuperafoto2.jpg\"><img loading=\"lazy\" decoding=\"async\" class=\"wp-image-2803 size-thumbnail alignleft\" src=\"https:\/\/wp.ufpel.edu.br\/ppgcem\/files\/2018\/12\/servletrecuperafoto2-200x200.jpg\" alt=\"\" width=\"200\" height=\"200\" \/><\/a><\/p>\n<p style=\"text-align: justify;\">Professora Adjunta na Universidade Federal de Pelotas na \u00e1rea de materiais polim\u00e9ricos, atuando no curso de gradua\u00e7\u00e3o de Engenharia de Materiais, e nos Programas de P\u00f3s Gradua\u00e7\u00e3o em Ci\u00eancia e Engenharia de Materiais (PPGCEM\/UFPel) e em Ci\u00eancias Ambientais (PPGCAmb\/UFPel). Doutora em Nanoci\u00eancias e Materiais Avan\u00e7ados pela Universidade Federal do ABC e em G\u00e9nie des Proc\u00e9d\u00e9s et des Produits (Engenharia de Processos e Produtos) pela Universit\u00e9 de Lorraine (Fran\u00e7a), ambos na \u00e1rea de blendas polim\u00e9ricas e reciclagem de elast\u00f4meros; mestre em Nanoci\u00eancias e Materiais Avan\u00e7ados pela Universidade Federal do ABC na \u00e1rea de nanocomp\u00f3sitos polim\u00e9ricos; e Engenheira Industrial Qu\u00edmica pela Escola de Engenharia de Lorena da Universidade de S\u00e3o Paulo \u2013 EEL USP. Possui experi\u00eancia na \u00e1rea de reciclagem de materiais polim\u00e9ricos em geral e na troca de aditivos de fontes tradicionais por outras op\u00e7\u00f5es provenientes de fontes renov\u00e1veis, atuando em projetos na \u00e1rea de revaloriza\u00e7\u00e3o de res\u00edduos s\u00f3lidos e da biomassa, buscando a produ\u00e7\u00e3o de materiais polim\u00e9ricos finais ecologicamente corretos e sustent\u00e1veis.<\/p>\n<ul>\n<li><a href=\"http:\/\/buscatextual.cnpq.br\/buscatextual\/visualizacv.do?id=K4250840A5\">Curr\u00edculo Lattes<\/a><\/li>\n<\/ul>\n<p>&nbsp;<\/p>\n<\/div>\n<h1 class=\"name\" tabindex=\"0\"><\/h1>\n<div>\n<p class=\"ecxMsoNormal\"><strong>Prof. Dr. Fernando Machado Machado<\/strong><\/p>\n<p class=\"ecxMsoNormal\">e-mail: <a href=\"mailto:antonio.takimi@gmail.com\">fernando.machado@hotmail.com.br<\/a><\/p>\n<p style=\"text-align: justify;\"><a href=\"https:\/\/wp.ufpel.edu.br\/ppgcem\/files\/2014\/10\/fernando.jpg\"><img loading=\"lazy\" decoding=\"async\" class=\"alignleft wp-image-1075 \" src=\"https:\/\/wp.ufpel.edu.br\/ppgcem\/files\/2014\/10\/fernando-117x159.jpg\" alt=\"fernando\" width=\"208\" height=\"283\" \/><\/a>Possui gradua\u00e7\u00e3o em F\u00edsica Bacharelado, \u00eanfase F\u00edsica M\u00e9dica pelo Centro Universit\u00e1rio Franciscano (2005), gradua\u00e7\u00e3o em Engenharia de Materiais pela Universidade Federal do Rio Grande do Sul (2011), mestrado em Engenharia Mec\u00e2nica pela Universidade Federal do Rio Grande do Sul (2007) e doutorando em Engenharia de Minas, Metal\u00fargica e de Materiais pela Universidade Federal do Rio Grande do Sul (2012). Tamb\u00e9m possui p\u00f3s-doutorado pela Universidade Federal do Rio Grande do Sul (2014). Atualmente, \u00e9 Professor Adjunto A da Universidade Federal de Pelotas (UFPEL). Tem experi\u00eancia nas \u00e1reas de Engenharia Mec\u00e2nica e Engenharia de Materiais, com \u00eanfase em Materiais Nanoestruturados, atuando principalmente nos seguintes temas: s\u00edntese, caracteriza\u00e7\u00e3o e aplica\u00e7\u00e3o de materiais nanoestruturados, nanotubos de carbono, adsor\u00e7\u00e3o e remo\u00e7\u00e3o de poluentes org\u00e2nicos.<\/p>\n<ul>\n<li>\u00a0<a href=\"http:\/\/lattes.cnpq.br\/4817691053221537\">Curr\u00edculo Lattes<\/a><\/li>\n<\/ul>\n<p>&nbsp;<\/p>\n<p>&nbsp;<\/p>\n<p>&nbsp;<\/p>\n<p class=\"ecxMsoNormal\"><strong>Prof. Dr. Neftal\u00ed Lenin Villarreal Carre\u00f1o<\/strong><\/p>\n<p class=\"ecxMsoNormal\">e-mail: <a href=\"mailto:nlv.carreno@gmail.com\">nlv.carreno@gmail.com<\/a><\/p>\n<p><a href=\"https:\/\/wp.ufpel.edu.br\/ppgcem\/files\/2018\/05\/IMG_20180503_180613045.jpg\"><img loading=\"lazy\" decoding=\"async\" class=\"alignleft wp-image-2367 size-thumbnail\" src=\"https:\/\/wp.ufpel.edu.br\/ppgcem\/files\/2018\/05\/IMG_20180503_180613045-200x200.jpg\" alt=\"\" width=\"200\" height=\"200\" \/><\/a><\/p>\n<p style=\"text-align: justify;\">Possui gradua\u00e7\u00e3o em Qu\u00edmica pela Universidade Federal de Santa Catarina (1997), mestrado em Qu\u00edmica pela Universidade Federal de Santa Catarina (1999), doutorado em Qu\u00edmica pela Universidade Federal de S\u00e3o Carlos (2002) e P\u00f3s-doutorado pela Universidade Federal de S\u00e3o Carlos, Engenharia de Materiais (Bolsista da FAPESP). Professor associado da Universidade Federal de Pelotas, P\u00f3s-Doutoramento no Exterior, University of Surrey, Advanced Technology Institute, Reino Unido, sob supervis\u00e3o do Professor S. Ravi Silva (Agosto 2012 a Julho 2013). Tem experi\u00eancia na \u00e1rea de Qu\u00edmica e Engenharia de Materiais, envolvendo os temas de catalise, superf\u00edcies nanoestruturadas de carbono (Derivados de Grafeno), desenvolvimento e aplica\u00e7\u00e3o de nanomateriais, comp\u00f3sitos polim\u00e9ricos, e biomateriais. Orientador de alunos de P\u00f3s-gradua\u00e7\u00e3o mestrado e doutorado. Atuo como coordenador do curso de Gradua\u00e7\u00e3o em Engenharia de Materiais criado na UFPEL (2009-2012). Atua como coordenador ajunto do Programa de Pos-gradua\u00e7\u00e3o em Ci\u00eancia e Engenharia de Materiais da UFPel. Membro do comit\u00ea Assessor de Engenharia da FAPERGS. Membro do MRS.<\/p>\n<ul>\n<li>\u00a0<a href=\"http:\/\/lattes.cnpq.br\/4035574249612354\">Curr\u00edculo Lattes<\/a><\/li>\n<\/ul>\n<p>&nbsp;<\/p>\n<p>&nbsp;<\/p>\n<p class=\"ecxMsoNormal\"><strong>Prof. Dr. Rubens Cameratta<\/strong><\/p>\n<p class=\"ecxMsoNormal\">e-mail: <span style=\"background-color: #ffffff;\">rubenscamaratta@yahoo.com.br<\/span><\/p>\n<p style=\"text-align: justify;\"><a href=\"https:\/\/wp.ufpel.edu.br\/engmateriais\/files\/2022\/04\/Rubens-Camaratta.jpg\"><img loading=\"lazy\" decoding=\"async\" class=\" wp-image-1866 alignleft\" src=\"https:\/\/wp.ufpel.edu.br\/engmateriais\/files\/2022\/04\/Rubens-Camaratta.jpg\" alt=\"\" width=\"204\" height=\"145\" srcset=\"https:\/\/wp.ufpel.edu.br\/engmateriais\/files\/2022\/04\/Rubens-Camaratta.jpg 520w, https:\/\/wp.ufpel.edu.br\/engmateriais\/files\/2022\/04\/Rubens-Camaratta-400x285.jpg 400w\" sizes=\"auto, (max-width: 204px) 100vw, 204px\" \/><\/a>Doutor com men\u00e7\u00e3o internancional pela Universidade Polit\u00e9cnica de Valencia (UPV) (2018). Possui p\u00f3s doutorado (2014), doutorado (2013) e mestrado (2007) em engenharia pelo programa de p\u00f3s gradua\u00e7\u00e3o (PPGE3M UFRGS) na \u00e1rea de ci\u00eancia e tecnologia de materiais. \u00c9 graduado no curso de Engenharia de Materiais da UFRGS (Universidade Federal do Rio Grande do Sul) (2004). Atualmente \u00e9 professor adjunto A no curso de Engenharia de Materiais da UFPel (Universidade Federal de Pelotas). Tem experi\u00eancia como professor substituto no departamento de materiais da UFRGS e como professor do curso de Engenharia de Materiais do Centro Universit\u00e1rio Franciscano. Possui experi\u00eancia em pesquisa na \u00e1rea de engenharia de materiais e metal\u00fargica, com \u00eanfase em cer\u00e2micos, atuando principalmente nos seguintes temas: s\u00edntese de \u00f3xidos nanom\u00e9tricos, biomim\u00e9tica, c\u00e9lulas solares sensibilizadas por corante e semicondutores.<span class=\"texto\">\u00a0(Texto informado pelo autor)<\/span><\/p>\n<p class=\"ecxMsoNormal\">Curr\u00edculo Lattes:\u00a0http:\/\/<a href=\"http:\/\/lattes.cnpq.br\/0379374374101043\">lattes.cnpq.br\/0379374374101043<\/a><\/p>\n<p>&nbsp;<\/p>\n<p>&nbsp;<\/p>\n<p><strong>Prof. Dr.\u00a0 Tiago Moreno Volkmer\u00a0<\/strong><\/p>\n<p><strong><b><span style=\"color: #ff0000;\">COORDENADOR ADJUNTO:<\/span><\/b><\/strong><\/p>\n<p>e-mail: tiagovolkmer@gmail.com<\/p>\n<div class=\"infpessoa\">\n<p style=\"text-align: justify;\"><img loading=\"lazy\" decoding=\"async\" class=\" wp-image-1867 alignleft\" src=\"https:\/\/wp.ufpel.edu.br\/engmateriais\/files\/2022\/04\/Tiago-Moreno.jpg\" alt=\"\" width=\"254\" height=\"181\" srcset=\"https:\/\/wp.ufpel.edu.br\/engmateriais\/files\/2022\/04\/Tiago-Moreno.jpg 520w, https:\/\/wp.ufpel.edu.br\/engmateriais\/files\/2022\/04\/Tiago-Moreno-400x285.jpg 400w\" sizes=\"auto, (max-width: 254px) 100vw, 254px\" \/><span style=\"text-align: justify;\">Possui gradua\u00e7\u00e3o em Engenharia de Materiais pela Universidade Federal do Rio Grande do Sul (2004), mestrado em Engenharia de Minas, Metal\u00fargica e de Materiais pela Universidade Federal do Rio Grande do Sul (2006), doutorado na da Universidade Federal do Rio Grande do Sul (2011) e P\u00f3s Doutorado no Georgia Institute of Technology (2014). Durante o doutorado, realizou est\u00e1gio sandu\u00edche no Consejo Superior de Investigaci\u00f3n Cientifica (CSIC) em Madri, na \u00e1rea de pol\u00edmeros. Foi coordenador do curso de engenharia de materiais na Universidade Franciscana (UFN) e atualmente \u00e9 professor na Universidade Federal de Pelotas (UFPEL). Tem experi\u00eancia na \u00e1rea de Engenharia de Materiais e Metal\u00fargica, com \u00eanfase em Biocer\u00e2micas, Pol\u00edmeros, Aplica\u00e7\u00f5es, atuando principalmente nos seguintes temas: s\u00edntese de combust\u00e3o de materiais nanoestruturados, fosfato tric\u00e1lcico, hidroxiapatita, electrospinning e nanopart\u00edculas polim\u00e9ricas.<\/span><span class=\"texto\" style=\"text-align: justify;\">\u00a0(Texto informado pelo autor)<\/span><\/p>\n<\/div>\n<p>Curr\u00edculo Lattes:\u00a0<a href=\"http:\/\/buscatextual.cnpq.br\/buscatextual\/visualizacv.do?id=K4707893Z8\" target=\"_blank\" rel=\"noopener noreferrer\">http:\/\/buscatextual.cnpq.br\/buscatextual\/visualizacv.do?id=K4707893Z8<\/a><\/p>\n<div class=\"yj6qo\"><\/div>\n<p class=\"ecxMsoNormal\">\n<\/div>\n<p><!--more--><\/p>\n","protected":false},"excerpt":{"rendered":"<p>Atualmente, a Dire\u00e7\u00e3o do Centro de Desenvolvimento Tecnol\u00f3gico \u00e9 exercida por duas professoras da Engenharia de Materiais: &nbsp; DIRETORA DO CDTEC: Prof\u00aa. Dr\u00aa. Amanda Dantas de Oliveira e-mail: amandaoliveira82@gmail.com &nbsp; Possui gradua\u00e7\u00e3o em Engenharia de Materiais pela Universidade Federal de Campina Grande (2006), mestrado em Ci\u00eancia e Engenharia de Materiais (CAPES 7) pela Universidade Federal [&hellip;]<\/p>\n","protected":false},"author":479,"featured_media":0,"parent":0,"menu_order":3,"comment_status":"closed","ping_status":"closed","template":"","meta":{"footnotes":""},"class_list":["post-6","page","type-page","status-publish","hentry"],"_links":{"self":[{"href":"https:\/\/wp.ufpel.edu.br\/engmateriais\/wp-json\/wp\/v2\/pages\/6","targetHints":{"allow":["GET"]}}],"collection":[{"href":"https:\/\/wp.ufpel.edu.br\/engmateriais\/wp-json\/wp\/v2\/pages"}],"about":[{"href":"https:\/\/wp.ufpel.edu.br\/engmateriais\/wp-json\/wp\/v2\/types\/page"}],"author":[{"embeddable":true,"href":"https:\/\/wp.ufpel.edu.br\/engmateriais\/wp-json\/wp\/v2\/users\/479"}],"replies":[{"embeddable":true,"href":"https:\/\/wp.ufpel.edu.br\/engmateriais\/wp-json\/wp\/v2\/comments?post=6"}],"version-history":[{"count":4,"href":"https:\/\/wp.ufpel.edu.br\/engmateriais\/wp-json\/wp\/v2\/pages\/6\/revisions"}],"predecessor-version":[{"id":2643,"href":"https:\/\/wp.ufpel.edu.br\/engmateriais\/wp-json\/wp\/v2\/pages\/6\/revisions\/2643"}],"wp:attachment":[{"href":"https:\/\/wp.ufpel.edu.br\/engmateriais\/wp-json\/wp\/v2\/media?parent=6"}],"curies":[{"name":"wp","href":"https:\/\/api.w.org\/{rel}","templated":true}]}}