{"id":560,"date":"2017-05-26T13:26:23","date_gmt":"2017-05-26T16:26:23","guid":{"rendered":"https:\/\/wp.ufpel.edu.br\/engmateriais\/?page_id=560"},"modified":"2026-03-26T10:43:14","modified_gmt":"2026-03-26T13:43:14","slug":"nucleo-docente-estruturante","status":"publish","type":"page","link":"https:\/\/wp.ufpel.edu.br\/engmateriais\/o-curso\/nucleo-docente-estruturante\/","title":{"rendered":"N\u00facleo Docente Estruturante"},"content":{"rendered":"<p>&nbsp;<\/p>\n<p><a href=\"https:\/\/wp.ufpel.edu.br\/engmateriais\/files\/2018\/09\/Regimento-NDE.pdf\">Regimento NDE<\/a><\/p>\n<p>O NDE constitui-se de grupo de docentes do curso, com atribui\u00e7\u00f5es acad\u00eamicas de acompanhamento, atuantes no processo de concep\u00e7\u00e3o, consolida\u00e7\u00e3o e cont\u00ednua atualiza\u00e7\u00e3o do presente instrumento. Para tanto os membros do NDE dever\u00e3o expressar o exerc\u00edcio de lideran\u00e7a acad\u00eamica no Curso que dever\u00e1 ser percebida na produ\u00e7\u00e3o de conhecimentos na \u00e1rea, no desenvolvimento do ensino, e em outras dimens\u00f5es entendidas como importantes pela Institui\u00e7\u00e3o, e que atuem sobre o desenvolvimento do Curso.<\/p>\n<p>Em conformidade com a Portaria MEC n\u00ba. 147\/2007, o N\u00facleo Docente Estruturante (NDE) do Curso de Engenharia de Materiais est\u00e1 constitu\u00eddo conforme portaria interna do CDTec\u00a0 n\u00ba 3,\u00a0 de 04 de mar\u00e7o de 2021.<\/p>\n<p><a href=\"https:\/\/wp.ufpel.edu.br\/engmateriais\/files\/2026\/03\/Portaria_Interna_35.pdf\">Portaria_Interna_35<\/a><\/p>\n<p>&nbsp;<\/p>\n","protected":false},"excerpt":{"rendered":"<p>&nbsp; Regimento NDE O NDE constitui-se de grupo de docentes do curso, com atribui\u00e7\u00f5es acad\u00eamicas de acompanhamento, atuantes no processo de concep\u00e7\u00e3o, consolida\u00e7\u00e3o e cont\u00ednua atualiza\u00e7\u00e3o do presente instrumento. Para tanto os membros do NDE dever\u00e3o expressar o exerc\u00edcio de lideran\u00e7a acad\u00eamica no Curso que dever\u00e1 ser percebida na produ\u00e7\u00e3o de conhecimentos na \u00e1rea, no [&hellip;]<\/p>\n","protected":false},"author":479,"featured_media":0,"parent":19,"menu_order":6,"comment_status":"closed","ping_status":"closed","template":"","meta":{"footnotes":""},"class_list":["post-560","page","type-page","status-publish","hentry"],"_links":{"self":[{"href":"https:\/\/wp.ufpel.edu.br\/engmateriais\/wp-json\/wp\/v2\/pages\/560","targetHints":{"allow":["GET"]}}],"collection":[{"href":"https:\/\/wp.ufpel.edu.br\/engmateriais\/wp-json\/wp\/v2\/pages"}],"about":[{"href":"https:\/\/wp.ufpel.edu.br\/engmateriais\/wp-json\/wp\/v2\/types\/page"}],"author":[{"embeddable":true,"href":"https:\/\/wp.ufpel.edu.br\/engmateriais\/wp-json\/wp\/v2\/users\/479"}],"replies":[{"embeddable":true,"href":"https:\/\/wp.ufpel.edu.br\/engmateriais\/wp-json\/wp\/v2\/comments?post=560"}],"version-history":[{"count":4,"href":"https:\/\/wp.ufpel.edu.br\/engmateriais\/wp-json\/wp\/v2\/pages\/560\/revisions"}],"predecessor-version":[{"id":2663,"href":"https:\/\/wp.ufpel.edu.br\/engmateriais\/wp-json\/wp\/v2\/pages\/560\/revisions\/2663"}],"up":[{"embeddable":true,"href":"https:\/\/wp.ufpel.edu.br\/engmateriais\/wp-json\/wp\/v2\/pages\/19"}],"wp:attachment":[{"href":"https:\/\/wp.ufpel.edu.br\/engmateriais\/wp-json\/wp\/v2\/media?parent=560"}],"curies":[{"name":"wp","href":"https:\/\/api.w.org\/{rel}","templated":true}]}}