{"id":550,"date":"2017-05-23T11:27:01","date_gmt":"2017-05-23T14:27:01","guid":{"rendered":"https:\/\/wp.ufpel.edu.br\/engmateriais\/?page_id=550"},"modified":"2019-10-31T12:13:05","modified_gmt":"2019-10-31T15:13:05","slug":"historico","status":"publish","type":"page","link":"https:\/\/wp.ufpel.edu.br\/engmateriais\/o-curso\/historico\/","title":{"rendered":"Hist\u00f3rico"},"content":{"rendered":"<p style=\"text-align: justify\">O Curso de Engenharia de Materiais foi proposto no ano de 2008 e definido como estrat\u00e9gico para o fortalecimento das atividades acad\u00eamicas da \u00e1rea de engenharia da Universidade Federal de Pelotas, quanto para o desenvolvimento s\u00f3cio-tecnol\u00f3gico da regi\u00e3o sul do RS. Sua concep\u00e7\u00e3o teve in\u00edcio pela intera\u00e7\u00e3o de grupos atuantes na \u00e1rea de Ci\u00eancia de Materiais, inseridos em diferentes unidades da UFPEL tais como, qu\u00edmica, f\u00edsica, odontologia, arquitetura e engenharias.<\/p>\n<p style=\"text-align: justify\">A proposta de cria\u00e7\u00e3o do curso de Engenharia de Materiais foi inserida no Programa Institucional de Reestrutura\u00e7\u00e3o e Expans\u00e3o das Universidades Federais, o REUNI da UFPel, sendo autorizado pela Institui\u00e7\u00e3o no segundo semestre de 2008 e passou a ser ofertado, no turno integral, no primeiro semestre de 2009. Nesse ano foram oferecidas vinte vagas para o ingresso de estudantes via vestibular. Fisicamente, o curso teve as suas atividades iniciadas junto ao Instituto de Qu\u00edmica e Geoci\u00eancias &#8211; IQG, no campus do Cap\u00e3o do Le\u00e3o e em 2010 teve suas instala\u00e7\u00f5es transferidas para o centro da cidade de Pelotas (Rua F\u00e9lix da Cunha, 809). Ainda em nesse, ano o professor Farid Butros Iunan Nader, no exerc\u00edcio de reitor da UFPEL resolve, conforme a portaria n\u00b0 1.564 de 06 de outubro de 2010, criar o curso de Engenharia de Materiais \u2013 Bacharelado.<\/p>\n<p style=\"text-align: justify\">Em abril de 2013, o curso foi avaliado pela primeira vez pela comiss\u00e3o do Minist\u00e9rio da Educa\u00e7\u00e3o (MEC). Nessa avalia\u00e7\u00e3o foram destacados como pontos fortes do curso a titula\u00e7\u00e3o, experi\u00eancia e regime de trabalho do corpo docente; os laborat\u00f3rios especializados e bem equipados; a estrutura curricular do curso; al\u00e9m do perfil de atua\u00e7\u00e3o do egresso bem definido e inserido no contexto regional e nacional. Por outro lado, como aspectos negativos foram destacados o espa\u00e7o f\u00edsico onde o curso se encontrava; a exist\u00eancia de v\u00e1rios campus, o que obrigava os alunos a se deslocarem entre esses para assistirem aulas especificas; o n\u00e3o atendimento das diretrizes Curriculares Nacionais para Educa\u00e7\u00e3o das Rela\u00e7\u00f5es \u00c9tnico-raciais e para o Ensino de hist\u00f3ria e Cultura Afro-Brasileira Ind\u00edgena em todas as disciplinas; e a exist\u00eancia de apenas um professor graduado no curso de Engenharia de Materiais. Em raz\u00e3o do acima exposto e considerando ainda as refer\u00eancias de qualidade dispostos na legisla\u00e7\u00e3o vigente, nas Diretrizes da Comiss\u00e3o Nacional de Avalia\u00e7\u00e3o da Educa\u00e7\u00e3o Superior, o Curso de Engenharia de Materiais da UFPel recebeu o conceito final igual a 4 \u2013 Muito bom de qualidade. Vale ressaltar que o curso de Engenharia de Materiais, atrav\u00e9s da sua Coordena\u00e7\u00e3o, N\u00facleo Docente Estruturante (NDE) e Colegiado, busca de forma ativa aprimorar os pontos positivos, e solucionar e superar os pontos negativos destacados quando da primeira avalia\u00e7\u00e3o do MEC.<\/p>\n<p style=\"text-align: justify\">O curso, em agosto de 2016, finalmente pode transferir-se para suas instala\u00e7\u00f5es definitivas no campus Anglo, Rua Gomes Carneiro, n\u00b0 1, Pelotas &#8211; RS.<\/p>\n<p style=\"text-align: justify\">Atualmente o Curso possui nove professores vinculados ao curso, dentre os quais cinco possuem o t\u00edtulo de Engenheiro de Materiais. Apesar da melhora desse indicador, o Curso carece de mais professores especializados na diferentes \u00e1reas de atua\u00e7\u00e3o da Engenharia de Materiais.<\/p>\n<p style=\"text-align: justify\">Com rela\u00e7\u00e3o \u00e0 situa\u00e7\u00e3o legal, o Curso de Engenharia de Materiais da UFPel \u00e9 Reconhecido conforme Portaria n\u00ba 649 de 10 de dezembro de 2013 da SERES\/MEC, publicada no D.O.U. em 11 de dezembro de 2013. A Renova\u00e7\u00e3o do Reconhecimento veio atrav\u00e9s da Portaria n\u00ba 1.097 de 24 de dezembro de 2015, publicado no D.O.U em 30 de dezembro de 2015 e posteriormente atrav\u00e9s da Portaria n\u00ba 921 de 27 de dezembro de 2018, publicado no D.O.U em 28 de dezembro de 2018.<\/p>\n<p>&nbsp;<\/p>\n<p>&nbsp;<\/p>\n<p>&nbsp;<\/p>\n","protected":false},"excerpt":{"rendered":"<p>O Curso de Engenharia de Materiais foi proposto no ano de 2008 e definido como estrat\u00e9gico para o fortalecimento das atividades acad\u00eamicas da \u00e1rea de engenharia da Universidade Federal de Pelotas, quanto para o desenvolvimento s\u00f3cio-tecnol\u00f3gico da regi\u00e3o sul do RS. Sua concep\u00e7\u00e3o teve in\u00edcio pela intera\u00e7\u00e3o de grupos atuantes na \u00e1rea de Ci\u00eancia de [&hellip;]<\/p>\n","protected":false},"author":479,"featured_media":0,"parent":19,"menu_order":2,"comment_status":"closed","ping_status":"closed","template":"","meta":{"footnotes":""},"class_list":["post-550","page","type-page","status-publish","hentry"],"_links":{"self":[{"href":"https:\/\/wp.ufpel.edu.br\/engmateriais\/wp-json\/wp\/v2\/pages\/550","targetHints":{"allow":["GET"]}}],"collection":[{"href":"https:\/\/wp.ufpel.edu.br\/engmateriais\/wp-json\/wp\/v2\/pages"}],"about":[{"href":"https:\/\/wp.ufpel.edu.br\/engmateriais\/wp-json\/wp\/v2\/types\/page"}],"author":[{"embeddable":true,"href":"https:\/\/wp.ufpel.edu.br\/engmateriais\/wp-json\/wp\/v2\/users\/479"}],"replies":[{"embeddable":true,"href":"https:\/\/wp.ufpel.edu.br\/engmateriais\/wp-json\/wp\/v2\/comments?post=550"}],"version-history":[{"count":5,"href":"https:\/\/wp.ufpel.edu.br\/engmateriais\/wp-json\/wp\/v2\/pages\/550\/revisions"}],"predecessor-version":[{"id":1537,"href":"https:\/\/wp.ufpel.edu.br\/engmateriais\/wp-json\/wp\/v2\/pages\/550\/revisions\/1537"}],"up":[{"embeddable":true,"href":"https:\/\/wp.ufpel.edu.br\/engmateriais\/wp-json\/wp\/v2\/pages\/19"}],"wp:attachment":[{"href":"https:\/\/wp.ufpel.edu.br\/engmateriais\/wp-json\/wp\/v2\/media?parent=550"}],"curies":[{"name":"wp","href":"https:\/\/api.w.org\/{rel}","templated":true}]}}