{"id":326,"date":"2016-04-27T13:32:22","date_gmt":"2016-04-27T16:32:22","guid":{"rendered":"https:\/\/wp.ufpel.edu.br\/engmateriais\/?page_id=326"},"modified":"2018-10-08T12:51:15","modified_gmt":"2018-10-08T15:51:15","slug":"apresentacao","status":"publish","type":"page","link":"https:\/\/wp.ufpel.edu.br\/engmateriais\/o-curso\/apresentacao\/","title":{"rendered":"Apresenta\u00e7\u00e3o"},"content":{"rendered":"<p style=\"text-align: justify\">A Engenharia de Materiais \u00e9 a \u00e1rea do conhecimento humano que est\u00e1 relacionada \u00e0 pesquisa, ao desenvolvimento, \u00e0 produ\u00e7\u00e3o e \u00e0 utiliza\u00e7\u00e3o de materiais com aplica\u00e7\u00e3o tecnol\u00f3gica. Tal \u00e1rea trata, portanto, dos princ\u00edpios cient\u00edficos fundamentais e tecnol\u00f3gicos envolvidos no desenvolvimento de materiais para aplica\u00e7\u00f5es espec\u00edficas de engenharia, seja na produ\u00e7\u00e3o, no processamento e sele\u00e7\u00e3o.<\/p>\n<p style=\"text-align: justify\">Engenharia de Materiais envolve as tecnologias pelas quais materiais s\u00e3o desenvolvidos, selecionados e os processos de produ\u00e7\u00e3o escolhidos para converter aqueles materiais em produtos, pela defini\u00e7\u00e3o do projeto, performance, produtividade, qualidade, e crit\u00e9rios de custo efetivo. Envolve a maior parte da tecnologia de que a sociedade depende, sendo que grande parte do desenvolvimento passa pela otimiza\u00e7\u00e3o da produ\u00e7\u00e3o de novos materiais em escalas de dimens\u00e3o vari\u00e1veis, desde materiais macrosc\u00f3picos at\u00e9 a nanosc\u00f3picos, obrigando a um conhecimento mais aprofundado em Engenharia de Materiais.<\/p>\n<p>A Tabela abaixo apresenta os dados gerais do curso.<\/p>\n<p>&nbsp;<\/p>\n<p>Apresenta\u00e7\u00e3o do curso de Engenharia de Materiais.<\/p>\n<table>\n<tbody>\n<tr>\n<td width=\"197\">Unidade<\/td>\n<td width=\"386\">Centro de Desenvolvimento Tecnol\u00f3gico<\/td>\n<\/tr>\n<tr>\n<td width=\"197\">Denomina\u00e7\u00e3o<\/td>\n<td width=\"386\">Engenharia de Materiais<\/td>\n<\/tr>\n<tr>\n<td width=\"197\">N\u00edvel<\/td>\n<td width=\"386\">Gradua\u00e7\u00e3o<\/td>\n<\/tr>\n<tr>\n<td width=\"197\">Habilita\u00e7\u00e3o<\/td>\n<td width=\"386\">Bacharelado<\/td>\n<\/tr>\n<tr>\n<td width=\"197\">Modalidade<\/td>\n<td width=\"386\">Presencial<\/td>\n<\/tr>\n<tr>\n<td width=\"197\">Titula\u00e7\u00e3o conferida<\/td>\n<td width=\"386\">Bacharel em Engenharia de Materiais<\/td>\n<\/tr>\n<tr>\n<td width=\"197\">Dura\u00e7\u00e3o<\/td>\n<td width=\"386\">10 semestres<\/td>\n<\/tr>\n<tr>\n<td width=\"197\">Dura\u00e7\u00e3o m\u00ednima de integraliza\u00e7\u00e3o<\/td>\n<td width=\"386\">09 semestres<\/td>\n<\/tr>\n<tr>\n<td width=\"197\">Dura\u00e7\u00e3o m\u00e1xima de integraliza\u00e7\u00e3o<\/td>\n<td style=\"text-align: justify\" width=\"386\">17 semestres contados a partir da primeira matr\u00edcula no curso e, 19 semestres para estudantes conv\u00eanios (Resolu\u00e7\u00e3o n\u00b0 02, de 01 de fevereiro de 2006, do COCEPE)<\/td>\n<\/tr>\n<tr>\n<td width=\"197\">Carga hor\u00e1ria<\/td>\n<td width=\"386\">3.598 horas<\/td>\n<\/tr>\n<tr>\n<td width=\"197\">Regime escolar<\/td>\n<td width=\"386\">Cr\u00e9ditos &#8211; semestral<\/td>\n<\/tr>\n<tr>\n<td width=\"197\">Formas de ingresso<\/td>\n<td width=\"386\">Sistema de Sele\u00e7\u00e3o Unificada, Programa de Avalia\u00e7\u00e3o da Vida Escolar, Transfer\u00eancia, Reop\u00e7\u00e3o, Reingresso e Portador de Diploma de Ensino Superior (Resolu\u00e7\u00e3o n\u00b0 05, de 11 de fevereiro de 2016, do COCEPE)<\/td>\n<\/tr>\n<tr>\n<td width=\"197\">N\u00famero de vagas anuais<\/td>\n<td width=\"386\">39 vagas &#8211; 32 (ENEM) e 7 (PAVE) (Resolu\u00e7\u00e3o n\u00b0 30, de 21 de setembro de 2017, do COCEPE)<\/td>\n<\/tr>\n<tr>\n<td width=\"197\">Turnos de funcionamento<\/td>\n<td width=\"386\">Integral<\/td>\n<\/tr>\n<tr>\n<td width=\"197\">Situa\u00e7\u00e3o legal<\/td>\n<td width=\"386\">Reconhecido conforme Portaria n\u00ba 649 de 10 de dezembro de 2013 da SERES\/MEC, publicada no D.O.U. em 11 de dezembro de 2013. Renova\u00e7\u00e3o do Reconhecimento atrav\u00e9s da Portaria n\u00ba 1.097 de 24 de dezembro de 2015, publicado no D.O.U em 30 de dezembro de 2015<\/td>\n<\/tr>\n<tr>\n<td width=\"197\">Conceito MEC<\/td>\n<td width=\"386\">4 (Muito bom) \u2013 visita realizada entre os dias 14 e 17\/04\/2013<\/td>\n<\/tr>\n<tr>\n<td width=\"197\">In\u00edcio do funcionamento<\/td>\n<td width=\"386\">Primeiro semestre de 2009<\/td>\n<\/tr>\n<\/tbody>\n<\/table>\n<p>&nbsp;<\/p>\n","protected":false},"excerpt":{"rendered":"<p>A Engenharia de Materiais \u00e9 a \u00e1rea do conhecimento humano que est\u00e1 relacionada \u00e0 pesquisa, ao desenvolvimento, \u00e0 produ\u00e7\u00e3o e \u00e0 utiliza\u00e7\u00e3o de materiais com aplica\u00e7\u00e3o tecnol\u00f3gica. Tal \u00e1rea trata, portanto, dos princ\u00edpios cient\u00edficos fundamentais e tecnol\u00f3gicos envolvidos no desenvolvimento de materiais para aplica\u00e7\u00f5es espec\u00edficas de engenharia, seja na produ\u00e7\u00e3o, no processamento e sele\u00e7\u00e3o. Engenharia [&hellip;]<\/p>\n","protected":false},"author":479,"featured_media":0,"parent":19,"menu_order":1,"comment_status":"closed","ping_status":"closed","template":"","meta":{"footnotes":""},"class_list":["post-326","page","type-page","status-publish","hentry"],"_links":{"self":[{"href":"https:\/\/wp.ufpel.edu.br\/engmateriais\/wp-json\/wp\/v2\/pages\/326","targetHints":{"allow":["GET"]}}],"collection":[{"href":"https:\/\/wp.ufpel.edu.br\/engmateriais\/wp-json\/wp\/v2\/pages"}],"about":[{"href":"https:\/\/wp.ufpel.edu.br\/engmateriais\/wp-json\/wp\/v2\/types\/page"}],"author":[{"embeddable":true,"href":"https:\/\/wp.ufpel.edu.br\/engmateriais\/wp-json\/wp\/v2\/users\/479"}],"replies":[{"embeddable":true,"href":"https:\/\/wp.ufpel.edu.br\/engmateriais\/wp-json\/wp\/v2\/comments?post=326"}],"version-history":[{"count":10,"href":"https:\/\/wp.ufpel.edu.br\/engmateriais\/wp-json\/wp\/v2\/pages\/326\/revisions"}],"predecessor-version":[{"id":1100,"href":"https:\/\/wp.ufpel.edu.br\/engmateriais\/wp-json\/wp\/v2\/pages\/326\/revisions\/1100"}],"up":[{"embeddable":true,"href":"https:\/\/wp.ufpel.edu.br\/engmateriais\/wp-json\/wp\/v2\/pages\/19"}],"wp:attachment":[{"href":"https:\/\/wp.ufpel.edu.br\/engmateriais\/wp-json\/wp\/v2\/media?parent=326"}],"curies":[{"name":"wp","href":"https:\/\/api.w.org\/{rel}","templated":true}]}}