{"id":27,"date":"2015-02-11T11:39:15","date_gmt":"2015-02-11T13:39:15","guid":{"rendered":"https:\/\/wp.ufpel.edu.br\/engmateriais\/?page_id=27"},"modified":"2023-03-09T13:56:50","modified_gmt":"2023-03-09T16:56:50","slug":"contato","status":"publish","type":"page","link":"https:\/\/wp.ufpel.edu.br\/engmateriais\/contato\/","title":{"rendered":"CONTATO"},"content":{"rendered":"<p style=\"text-align: center;\"><strong>Contato<\/strong><\/p>\n<p style=\"text-align: center;\"><strong>Universidade Federal de Pelotas<\/strong><strong><br \/>\n<strong>Centro de Desenvolvimento Tecnol\u00f3gico <\/strong><br \/>\n<strong>Curso de Engenharia de Materiais <\/strong><\/strong><\/p>\n<p>&nbsp;<\/p>\n<p style=\"text-align: center;\"><strong>E-mail:<\/strong> engmateriais@ufpel.edu.br\u00a0 \u00a0e\u00a0 \u00a0secretariamateriaisufpel@gmail.com<\/p>\n<p>&nbsp;<\/p>\n<p><strong>Telefones:<\/strong>\u00a0(53) 3284-3880 &#8211; Secretaria \u00a0 \/ \u00a0 \u00a0(53) 3284-3882 &#8211; Coordena\u00e7\u00e3o<br \/>\n<strong>Endere\u00e7o:<\/strong> Rua Gomes Carneiro, n\u00ba 01, sala B 312 (3\u00ba andar), \u00a0Centro, Pelotas \u2013 RS, \u00a0CEP: 96010-610<\/p>\n<p>&nbsp;<\/p>\n<p style=\"text-align: left;\"><strong>Atendimento da Secretaria:<\/strong><\/p>\n<p>Hor\u00e1rio: das 8:00 \u00e0s 12:00 horas e das 13:00 \u00e0s 17:00\u00a0 (de segunda a sexta-feira)<\/p>\n<p style=\"text-align: left;\">\n","protected":false},"excerpt":{"rendered":"<p>Contato Universidade Federal de Pelotas Centro de Desenvolvimento Tecnol\u00f3gico Curso de Engenharia de Materiais &nbsp; E-mail: engmateriais@ufpel.edu.br\u00a0 \u00a0e\u00a0 \u00a0secretariamateriaisufpel@gmail.com &nbsp; Telefones:\u00a0(53) 3284-3880 &#8211; Secretaria \u00a0 \/ \u00a0 \u00a0(53) 3284-3882 &#8211; Coordena\u00e7\u00e3o Endere\u00e7o: Rua Gomes Carneiro, n\u00ba 01, sala B 312 (3\u00ba andar), \u00a0Centro, Pelotas \u2013 RS, \u00a0CEP: 96010-610 &nbsp; Atendimento da Secretaria: Hor\u00e1rio: das 8:00 [&hellip;]<\/p>\n","protected":false},"author":479,"featured_media":0,"parent":0,"menu_order":9,"comment_status":"closed","ping_status":"closed","template":"","meta":{"footnotes":""},"class_list":["post-27","page","type-page","status-publish","hentry"],"_links":{"self":[{"href":"https:\/\/wp.ufpel.edu.br\/engmateriais\/wp-json\/wp\/v2\/pages\/27","targetHints":{"allow":["GET"]}}],"collection":[{"href":"https:\/\/wp.ufpel.edu.br\/engmateriais\/wp-json\/wp\/v2\/pages"}],"about":[{"href":"https:\/\/wp.ufpel.edu.br\/engmateriais\/wp-json\/wp\/v2\/types\/page"}],"author":[{"embeddable":true,"href":"https:\/\/wp.ufpel.edu.br\/engmateriais\/wp-json\/wp\/v2\/users\/479"}],"replies":[{"embeddable":true,"href":"https:\/\/wp.ufpel.edu.br\/engmateriais\/wp-json\/wp\/v2\/comments?post=27"}],"version-history":[{"count":15,"href":"https:\/\/wp.ufpel.edu.br\/engmateriais\/wp-json\/wp\/v2\/pages\/27\/revisions"}],"predecessor-version":[{"id":2158,"href":"https:\/\/wp.ufpel.edu.br\/engmateriais\/wp-json\/wp\/v2\/pages\/27\/revisions\/2158"}],"wp:attachment":[{"href":"https:\/\/wp.ufpel.edu.br\/engmateriais\/wp-json\/wp\/v2\/media?parent=27"}],"curies":[{"name":"wp","href":"https:\/\/api.w.org\/{rel}","templated":true}]}}