{"id":2494,"date":"2025-04-17T11:31:40","date_gmt":"2025-04-17T14:31:40","guid":{"rendered":"https:\/\/wp.ufpel.edu.br\/engmateriais\/?page_id=2494"},"modified":"2025-04-17T14:09:51","modified_gmt":"2025-04-17T17:09:51","slug":"formulario-de-matricula-estagio-e-tcc","status":"publish","type":"page","link":"https:\/\/wp.ufpel.edu.br\/engmateriais\/formularios-2\/formulario-de-matricula-estagio-e-tcc\/","title":{"rendered":"Formul\u00e1rio de matr\u00edcula- Est\u00e1gio e TCC"},"content":{"rendered":"<p><a href=\"https:\/\/wp.ufpel.edu.br\/engmateriais\/files\/2025\/04\/estagio_tcc-1-1.docx\">Est\u00e1gio_TCC\u00a0 (Word)<\/a><\/p>\n<p><a href=\"https:\/\/wp.ufpel.edu.br\/engmateriais\/files\/2025\/04\/estagio_tcc.pdf\">Formul\u00e1rio -Est\u00e1gio e TCC(PDF)<\/a><\/p>\n","protected":false},"excerpt":{"rendered":"<p>Est\u00e1gio_TCC\u00a0 (Word) Formul\u00e1rio -Est\u00e1gio e TCC(PDF)<\/p>\n","protected":false},"author":479,"featured_media":0,"parent":97,"menu_order":0,"comment_status":"closed","ping_status":"closed","template":"","meta":{"footnotes":""},"class_list":["post-2494","page","type-page","status-publish","hentry"],"_links":{"self":[{"href":"https:\/\/wp.ufpel.edu.br\/engmateriais\/wp-json\/wp\/v2\/pages\/2494","targetHints":{"allow":["GET"]}}],"collection":[{"href":"https:\/\/wp.ufpel.edu.br\/engmateriais\/wp-json\/wp\/v2\/pages"}],"about":[{"href":"https:\/\/wp.ufpel.edu.br\/engmateriais\/wp-json\/wp\/v2\/types\/page"}],"author":[{"embeddable":true,"href":"https:\/\/wp.ufpel.edu.br\/engmateriais\/wp-json\/wp\/v2\/users\/479"}],"replies":[{"embeddable":true,"href":"https:\/\/wp.ufpel.edu.br\/engmateriais\/wp-json\/wp\/v2\/comments?post=2494"}],"version-history":[{"count":7,"href":"https:\/\/wp.ufpel.edu.br\/engmateriais\/wp-json\/wp\/v2\/pages\/2494\/revisions"}],"predecessor-version":[{"id":2504,"href":"https:\/\/wp.ufpel.edu.br\/engmateriais\/wp-json\/wp\/v2\/pages\/2494\/revisions\/2504"}],"up":[{"embeddable":true,"href":"https:\/\/wp.ufpel.edu.br\/engmateriais\/wp-json\/wp\/v2\/pages\/97"}],"wp:attachment":[{"href":"https:\/\/wp.ufpel.edu.br\/engmateriais\/wp-json\/wp\/v2\/media?parent=2494"}],"curies":[{"name":"wp","href":"https:\/\/api.w.org\/{rel}","templated":true}]}}