{"id":21,"date":"2015-02-11T11:30:04","date_gmt":"2015-02-11T13:30:04","guid":{"rendered":"https:\/\/wp.ufpel.edu.br\/engmateriais\/?page_id=21"},"modified":"2025-04-15T08:49:21","modified_gmt":"2025-04-15T11:49:21","slug":"projeto-pedagogico","status":"publish","type":"page","link":"https:\/\/wp.ufpel.edu.br\/engmateriais\/estrutura-pedagogica\/projeto-pedagogico\/","title":{"rendered":"Projeto Pedag\u00f3gico"},"content":{"rendered":"<p><a href=\"https:\/\/wp.ufpel.edu.br\/engmateriais\/files\/2025\/04\/ppc-2025-Curriculo-4.pdf\">PROJETO PEDAG\u00d3GICO &#8211; vers\u00e3o 4 (2025)<\/a><\/p>\n<p><a href=\"https:\/\/wp.ufpel.edu.br\/engmateriais\/files\/2022\/04\/Projeto-Pedagogico-Novo.pdf\">PROJETO PEDAG\u00d3GICO &#8211; vers\u00e3o 3 (2020)<\/a><\/p>\n<p><a href=\"https:\/\/wp.ufpel.edu.br\/engmateriais\/files\/2015\/02\/PROJETO-PEDAG\u00d3GICO-VERS\u00c3O-FINAL-fevereiro-2012.pdf\">PROJETO PEDAG\u00d3GICO -vers\u00e3o 2 (2011)<\/a><\/p>\n<p>&nbsp;<\/p>\n","protected":false},"excerpt":{"rendered":"<p>PROJETO PEDAG\u00d3GICO &#8211; vers\u00e3o 4 (2025) PROJETO PEDAG\u00d3GICO &#8211; vers\u00e3o 3 (2020) PROJETO PEDAG\u00d3GICO -vers\u00e3o 2 (2011) &nbsp;<\/p>\n","protected":false},"author":479,"featured_media":0,"parent":642,"menu_order":1,"comment_status":"closed","ping_status":"closed","template":"","meta":{"footnotes":""},"class_list":["post-21","page","type-page","status-publish","hentry"],"_links":{"self":[{"href":"https:\/\/wp.ufpel.edu.br\/engmateriais\/wp-json\/wp\/v2\/pages\/21","targetHints":{"allow":["GET"]}}],"collection":[{"href":"https:\/\/wp.ufpel.edu.br\/engmateriais\/wp-json\/wp\/v2\/pages"}],"about":[{"href":"https:\/\/wp.ufpel.edu.br\/engmateriais\/wp-json\/wp\/v2\/types\/page"}],"author":[{"embeddable":true,"href":"https:\/\/wp.ufpel.edu.br\/engmateriais\/wp-json\/wp\/v2\/users\/479"}],"replies":[{"embeddable":true,"href":"https:\/\/wp.ufpel.edu.br\/engmateriais\/wp-json\/wp\/v2\/comments?post=21"}],"version-history":[{"count":11,"href":"https:\/\/wp.ufpel.edu.br\/engmateriais\/wp-json\/wp\/v2\/pages\/21\/revisions"}],"predecessor-version":[{"id":2487,"href":"https:\/\/wp.ufpel.edu.br\/engmateriais\/wp-json\/wp\/v2\/pages\/21\/revisions\/2487"}],"up":[{"embeddable":true,"href":"https:\/\/wp.ufpel.edu.br\/engmateriais\/wp-json\/wp\/v2\/pages\/642"}],"wp:attachment":[{"href":"https:\/\/wp.ufpel.edu.br\/engmateriais\/wp-json\/wp\/v2\/media?parent=21"}],"curies":[{"name":"wp","href":"https:\/\/api.w.org\/{rel}","templated":true}]}}