{"id":1919,"date":"2022-06-27T15:54:59","date_gmt":"2022-06-27T18:54:59","guid":{"rendered":"https:\/\/wp.ufpel.edu.br\/engmateriais\/?page_id=1919"},"modified":"2023-10-31T14:24:13","modified_gmt":"2023-10-31T17:24:13","slug":"relatos-dos-egressos","status":"publish","type":"page","link":"https:\/\/wp.ufpel.edu.br\/engmateriais\/relatos-dos-egressos\/","title":{"rendered":"RELATOS DOS EGRESSOS"},"content":{"rendered":"<p>&nbsp;<\/p>\n<ol>\n<li><strong>IZABEL CALDEIRA:<\/strong><\/li>\n<\/ol>\n<p style=\"font-weight: 400;\">Ol\u00e1 a todos!<\/p>\n<p style=\"font-weight: 400; text-align: justify;\">Me chamo Izabel Caldeira e atualmente resido em Lyon na Fran\u00e7a, onde fa\u00e7o meu doutorada na \u00e1rea de materiais para o desenvolvimento de sol-gel hidrofobes para textura\u00e7ao de superf\u00edcies.<\/p>\n<p style=\"font-weight: 400; text-align: justify;\">Eu fui aluna do curso de Engenharia de Materiais e tamb\u00e9m do Mestrado em Ciencia e Engenharia de Materias, diplomada em 2017. No mestrado, tive meu primeiro contato com a t\u00e9cnica do Sol-gel o que me ajudou muito no que trabalho agora.<\/p>\n<p style=\"font-weight: 400; text-align: justify;\">O curso de Engenharia de Materiais da UFPel \u00e9 um curso amplo e abrangente, que oferece a oportunidade ao aluno de explorar, conhecer e trabalhar com v\u00e1rias vertentes diferentes. Ele oferece o aporte necess\u00e1rio tanto para seguir na vida acad\u00eamica quanto na ind\u00fastria. No curso de Engenharia de Materiais, tive a oportunidade de aprender com \u00f3timos professores de diferentes \u00e1reas e por fim, fazer a escolha da \u00e1rea que mais me chamava aten\u00e7\u00e3o: pol\u00edmeros. No curso, tive a alegria de dividir muitos momentos com colegas que acompanho at\u00e9 hoje e que trabalham nos mais diversos setores da Engenharia de Materiais, provando a versatilidade do curso.<\/p>\n<p style=\"font-weight: 400; text-align: justify;\">Entao, se voc\u00ea \u00e9 movido por desafios, adora estar por dentro das inova\u00e7\u00f5es de materiais e \u00e9 apaixonado pela ci\u00eancia, n\u00e3o hesite em saber mais sobre o curso de Engenharia de Materiais e tudo que a UFPel pode oferecer para voc\u00ea!<\/p>\n<p>&nbsp;<\/p>\n<p>2. <strong>GUSTAVO LOGUERCIO:<\/strong><\/p>\n<p>Ol\u00e1, tudo bem? Eu me chamo Gustavo Loguercio e hoje eu moro em Hamburgo, na Alemanha, onde trabalho em uma multinacional como gerente de processos, na \u00e1rea de inova\u00e7\u00e3o e digital. Eu fui aluno na UFPEL do curso de engenharia de materiais, me formando em 2020, e foi na gradua\u00e7\u00e3o\u00a0que eu pude desenvolver muitos dos conhecimentos que me trouxeram aqui hoje.<\/p>\n<p>O que sempre me atraiu na engenharia de materiais foi a amplitude de possibilidades que ela fornece, tanto nos estudos da gradua\u00e7\u00e3o quanto nas op\u00e7\u00f5es\u00a0de carreira. Voc\u00ea pode estudar metais, pol\u00edmeros, cer\u00e2micos,\u00a0ir trabalhar com pesquisa, na ind\u00fastria, empreender. O curso tem uma infinidade de caminhos, e foi na UFPEL que eu fui descobrindo por quais eu queria trilhar. Pude participar das mais diversas atividades de extens\u00e3o, aprender com excelentes professores, e fazer amizades que mantenho at\u00e9 hoje. Foram essas experi\u00eancias que me levaram \u00e0 Gerdau, meu primeiro est\u00e1gio e, posteriormente, emprego e ajudaram a formar meu perfil profissional.<\/p>\n<p>Ent\u00e3o, se voc\u00ea \u00e9 uma pessoa inquieta, curiosa, que gosta de entender o porqu\u00ea das coisas, o curso de engenharia de materiais \u00e9 a escolha certa! E se quiser bater um papo, pode me procurar no Linkedin.3<\/p>\n<div style=\"width: 660px;\" class=\"wp-video\"><video class=\"wp-video-shortcode\" id=\"video-1919-1\" width=\"660\" height=\"660\" preload=\"metadata\" controls=\"controls\"><source type=\"video\/mp4\" src=\"https:\/\/wp.ufpel.edu.br\/engmateriais\/files\/2023\/02\/Img-7951-1.mp4?_=1\" \/><a href=\"https:\/\/wp.ufpel.edu.br\/engmateriais\/files\/2023\/02\/Img-7951-1.mp4\">https:\/\/wp.ufpel.edu.br\/engmateriais\/files\/2023\/02\/Img-7951-1.mp4<\/a><\/video><\/div>\n<p>&nbsp;<\/p>\n<p>3. <strong>CAIO MELO:<\/strong><\/p>\n<div dir=\"auto\">&#8220;O curso de bacharelado em Engenharia de Materiais da UFPEL foi muito importante na minha forma\u00e7\u00e3o t\u00e9cnica e cient\u00edfica. Atrav\u00e9s do curso pude conhecer o qu\u00e3o vasto e importante \u00e9 o ramo que envolve a Ci\u00eancia e Engenharia de Materiais. Atualmente trabalho como Pesquisador na \u00e1rea e reconhe\u00e7o que os estudos na institui\u00e7\u00e3o foram fundamentais na minha forma\u00e7\u00e3o.<\/div>\n<div dir=\"auto\">Quanto ao curso em si, ingressei em 2014, e por ser um curso ainda em fase de estabelecimento os laborat\u00f3rios continham pouca estrutura e poucas \u00e1reas de pesquisa estavam dispon\u00edveis. O que foi melhorando conforme novos professores foram sendo contratados. Um grande problema na \u00e9poca era a indisponibilidade de uso de alguns equipamentos de posse de alguns professores ou grupos de estudo, que blindavam o acesso ou o dificultavam, de modo que n\u00e3o era poss\u00edvel fazer a pesquisa somente dentro das estruturas do curso.&#8221;<\/div>\n<div dir=\"auto\"><\/div>\n<div dir=\"auto\"><\/div>\n<div dir=\"auto\"><strong>4. GUILHERME\u00a0 BARROS:<\/strong><\/div>\n<div dir=\"auto\">\n<div style=\"width: 480px;\" class=\"wp-video\"><video class=\"wp-video-shortcode\" id=\"video-1919-2\" width=\"480\" height=\"864\" preload=\"metadata\" controls=\"controls\"><source type=\"video\/mp4\" src=\"https:\/\/wp.ufpel.edu.br\/engmateriais\/files\/2023\/10\/VID-20231030-WA0023.mp4?_=2\" \/><a href=\"https:\/\/wp.ufpel.edu.br\/engmateriais\/files\/2023\/10\/VID-20231030-WA0023.mp4\">https:\/\/wp.ufpel.edu.br\/engmateriais\/files\/2023\/10\/VID-20231030-WA0023.mp4<\/a><\/video><\/div>\n<p>&nbsp;<\/p>\n<p><strong>5. DIONATAN OLIVEIRA:<\/strong><\/p>\n<div style=\"width: 480px;\" class=\"wp-video\"><video class=\"wp-video-shortcode\" id=\"video-1919-3\" width=\"480\" height=\"848\" preload=\"metadata\" controls=\"controls\"><source type=\"video\/mp4\" src=\"https:\/\/wp.ufpel.edu.br\/engmateriais\/files\/2023\/10\/VID-20231030-WA0024.mp4?_=3\" \/><a href=\"https:\/\/wp.ufpel.edu.br\/engmateriais\/files\/2023\/10\/VID-20231030-WA0024.mp4\">https:\/\/wp.ufpel.edu.br\/engmateriais\/files\/2023\/10\/VID-20231030-WA0024.mp4<\/a><\/video><\/div>\n<\/div>\n","protected":false},"excerpt":{"rendered":"<p>&nbsp; IZABEL CALDEIRA: Ol\u00e1 a todos! Me chamo Izabel Caldeira e atualmente resido em Lyon na Fran\u00e7a, onde fa\u00e7o meu doutorada na \u00e1rea de materiais para o desenvolvimento de sol-gel hidrofobes para textura\u00e7ao de superf\u00edcies. Eu fui aluna do curso de Engenharia de Materiais e tamb\u00e9m do Mestrado em Ciencia e Engenharia de Materias, diplomada [&hellip;]<\/p>\n","protected":false},"author":479,"featured_media":0,"parent":0,"menu_order":11,"comment_status":"closed","ping_status":"closed","template":"","meta":{"footnotes":""},"class_list":["post-1919","page","type-page","status-publish","hentry"],"_links":{"self":[{"href":"https:\/\/wp.ufpel.edu.br\/engmateriais\/wp-json\/wp\/v2\/pages\/1919","targetHints":{"allow":["GET"]}}],"collection":[{"href":"https:\/\/wp.ufpel.edu.br\/engmateriais\/wp-json\/wp\/v2\/pages"}],"about":[{"href":"https:\/\/wp.ufpel.edu.br\/engmateriais\/wp-json\/wp\/v2\/types\/page"}],"author":[{"embeddable":true,"href":"https:\/\/wp.ufpel.edu.br\/engmateriais\/wp-json\/wp\/v2\/users\/479"}],"replies":[{"embeddable":true,"href":"https:\/\/wp.ufpel.edu.br\/engmateriais\/wp-json\/wp\/v2\/comments?post=1919"}],"version-history":[{"count":13,"href":"https:\/\/wp.ufpel.edu.br\/engmateriais\/wp-json\/wp\/v2\/pages\/1919\/revisions"}],"predecessor-version":[{"id":2299,"href":"https:\/\/wp.ufpel.edu.br\/engmateriais\/wp-json\/wp\/v2\/pages\/1919\/revisions\/2299"}],"wp:attachment":[{"href":"https:\/\/wp.ufpel.edu.br\/engmateriais\/wp-json\/wp\/v2\/media?parent=1919"}],"curies":[{"name":"wp","href":"https:\/\/api.w.org\/{rel}","templated":true}]}}