{"id":1886,"date":"2022-04-12T10:44:27","date_gmt":"2022-04-12T13:44:27","guid":{"rendered":"https:\/\/wp.ufpel.edu.br\/engmateriais\/?page_id=1886"},"modified":"2024-09-19T09:50:51","modified_gmt":"2024-09-19T12:50:51","slug":"oportunidades","status":"publish","type":"page","link":"https:\/\/wp.ufpel.edu.br\/engmateriais\/oportunidades\/","title":{"rendered":"OPORTUNIDADES"},"content":{"rendered":"<p><strong>Est\u00e1gio de Ver\u00e3o Eaton<\/strong><\/p>\n<p>&nbsp;<\/p>\n<p><strong>Inscri\u00e7\u00f5es abertas para o Est\u00e1gio de Ver\u00e3o<\/strong><\/p>\n<p>Aten\u00e7\u00e3o para os requisitos:<\/p>\n<p><strong>\u00a0<\/strong><\/p>\n<p><strong>\u00a0<\/strong>Universit\u00e1rias mulheres a partir do 3\u00ba ano de Engenharia;<\/p>\n<p>Garra para aprender e ganhar cada vez mais posi\u00e7\u00f5es no mundo profissional;<\/p>\n<p><strong>Previs\u00e3o de forma\u00e7\u00e3o<\/strong>\u00a0entre dezembro de 2025\u00a0e dezembro de 2026.<\/p>\n<p>Ter disponibilidade para entrar nos nossos times nas cidades de Caxias do Sul (RS), Mogi Mirim (SP), S\u00e3o Jos\u00e9 dos Campos (SP) ou Valinhos (SP).<\/p>\n<p><strong>C<\/strong><strong>onfira alguns dos benef\u00edcios que oferecemos:<\/strong><\/p>\n<p>Bolsa-aux\u00edlio compat\u00edvel com o mercado<\/p>\n<p>&#xfe0f; Recesso remunerado<\/p>\n<p>Transporte, Restaurante<\/p>\n<p>Assist\u00eancia m\u00e9dica e odontol\u00f3gica<\/p>\n<p>Plataforma de treinamentos online com +20 mil cursos<\/p>\n<p>Seguro de vida, e muito mais!<\/p>\n<p>O\u00a0<strong>Est\u00e1gio de Ver\u00e3o<\/strong>\u00a0Eaton \u00e9 destinado a\u00a0<strong>universit\u00e1rias<\/strong>\u00a0a partir do 3\u00ba ano de\u00a0<strong>Engenharia<\/strong>. Esta iniciativa de\u00a0<strong>inclus\u00e3o de mulheres<\/strong>, possibilita que as estudantes aproveitem as f\u00e9rias da esta\u00e7\u00e3o para investir na\u00a0<strong>amplia\u00e7\u00e3o do conhecimento e experi\u00eancia pr\u00e1tica<\/strong>.<\/p>\n<p>Durante o per\u00edodo, voc\u00ea ter\u00e1 a\u00a0<strong>oportunidade de se desenvolver<\/strong>\u00a0profissionalmente e ainda conduzir\u00a0<strong>projetos de grande responsabilidade e impacto<\/strong>\u00a0na organiza\u00e7\u00e3o, atuando em \u00e1reas t\u00e9cnicas, ligadas \u00e0 excel\u00eancia operacional, inova\u00e7\u00e3o e melhoria cont\u00ednua.<\/p>\n<p>Venha fazer parte voc\u00ea tamb\u00e9m: As inscri\u00e7\u00f5es v\u00e3o at\u00e9\u00a030\u00a0de\u00a0Setembro, acesse:\u00a0https:\/\/www.ciadeestagios.com.br\/vagas\/eaton\/<\/p>\n<p>&nbsp;<\/p>\n<p><a href=\"https:\/\/wp.ufpel.edu.br\/engmateriais\/files\/2024\/09\/Cartaz-A4-eaton-verao-v1-TAR-2160-1.pdf\">Cartaz-A4-eaton-verao-v1-TAR-2160<\/a><\/p>\n<header class=\"entry-header\">\n<h1 class=\"entry-title\"><strong>Est\u00e1gio Braskem<\/strong><\/h1>\n<\/header>\n<div class=\"entry-content\">\n<p><strong>Pr\u00e9-requisito para participar:<\/strong><\/p>\n<p>Ser estudante a partir do 2\u00ba ano (4\u00ba per\u00edodo) de\u00a0<strong>bacharelado<\/strong>\u00a0ou\u00a0<strong>tecn\u00f3logo<\/strong>, de Engenharia de Materiais;<\/p>\n<p>Previs\u00e3o de\u00a0<strong>formatura a partir<\/strong>\u00a0de mar\u00e7o de 2026;<\/p>\n<p>Disponibilidade para\u00a0<strong>estagiar no modelo presencial ou h\u00edbrido<\/strong>\u00a0nas localidades das vagas.<\/p>\n<p><strong>As inscri\u00e7\u00f5es est\u00e3o abertas at\u00e9 o dia\u00a009 de setembro, no link:\u00a0https:\/\/go.eureca.me\/Estagio_Braskem2025<\/strong><\/p>\n<p><a href=\"https:\/\/wp.ufpel.edu.br\/engmateriais\/files\/2024\/08\/Braskem.png\"><img loading=\"lazy\" decoding=\"async\" class=\"alignnone size-full wp-image-2410\" src=\"https:\/\/wp.ufpel.edu.br\/engmateriais\/files\/2024\/08\/Braskem.png\" alt=\"\" width=\"1080\" height=\"1080\" \/><\/a><\/p>\n<\/div>\n<p>&nbsp;<\/p>\n<p>&nbsp;<\/p>\n<p>&nbsp;<\/p>\n<p>&nbsp;<\/p>\n<p>&nbsp;<\/p>\n<p>&nbsp;<\/p>\n<p>O <strong>Grupo TEADIT<\/strong> atua mundialmente no desenvolvimento de solu\u00e7\u00f5es para Veda\u00e7\u00e3o Industrial e Juntas de Expans\u00e3o, que protegem o meio ambiente e milhares de pessoas contra fluidos qu\u00edmicos agressivos. A Teadit opera 6 plantas de produ\u00e7\u00e3o: tr\u00eas no Brasil (Itatiba, Campinas e Rio de Janeiro), uma nos EUA, \u00c1ustria, Argentina e \u00cdndia, al\u00e9m de postos de atendimento espalhados globalmente. A variedade de solu\u00e7\u00f5es de veda\u00e7\u00e3o desenvolvida pelo Grupo Teadit est\u00e1 presente nas maiores ind\u00fastrias do mundo, garantindo o perfeito funcionamento operacional com foco na redu\u00e7\u00e3o de vazamentos.<br \/>\n<strong>\u00a0<\/strong><br \/>\n<strong>Requisitos e qualifica\u00e7\u00f5es:\u00a0<\/strong><\/p>\n<p>Cursando Engenharia Mec\u00e2nica, Engenharia Qu\u00edmica, Engenharia de Materiais, Engenharia de Produ\u00e7\u00e3o, \u00a0Qu\u00edmica e\/ou Qu\u00edmica Tecnol\u00f3gica;<\/p>\n<ul>\n<li>Pacote Office Avan\u00e7ado;<\/li>\n<li>Disponibilidade para atuar em Itatiba-SP 100% presencial<\/li>\n<\/ul>\n<p><strong>Benef\u00edcios:<\/strong><\/p>\n<ul>\n<li>Seguro de vida em grupo;<\/li>\n<li>Refei\u00e7\u00e3o no local;<\/li>\n<li>Vale alimenta\u00e7\u00e3o;<\/li>\n<li>Vale transporte;<\/li>\n<li>Estacionamento no local.<\/li>\n<\/ul>\n<p>Favor encaminhar os curr\u00edculos em nosso e-mail:\u00a0recrutamento@teadit.com\u00a0(no assunto mencionar \u201c<strong><u>Est\u00e1gio em Engenharia<\/u><\/strong>\u201d.<br \/>\n<a href=\"https:\/\/wp.ufpel.edu.br\/engmateriais\/files\/2024\/08\/ESTAGIO-ENGENHARIA.jpg\"><img loading=\"lazy\" decoding=\"async\" class=\"alignnone size-full wp-image-2406\" src=\"https:\/\/wp.ufpel.edu.br\/engmateriais\/files\/2024\/08\/ESTAGIO-ENGENHARIA.jpg\" alt=\"\" width=\"1080\" height=\"1920\" srcset=\"https:\/\/wp.ufpel.edu.br\/engmateriais\/files\/2024\/08\/ESTAGIO-ENGENHARIA.jpg 1080w, https:\/\/wp.ufpel.edu.br\/engmateriais\/files\/2024\/08\/ESTAGIO-ENGENHARIA-225x400.jpg 225w, https:\/\/wp.ufpel.edu.br\/engmateriais\/files\/2024\/08\/ESTAGIO-ENGENHARIA-576x1024.jpg 576w, https:\/\/wp.ufpel.edu.br\/engmateriais\/files\/2024\/08\/ESTAGIO-ENGENHARIA-768x1365.jpg 768w, https:\/\/wp.ufpel.edu.br\/engmateriais\/files\/2024\/08\/ESTAGIO-ENGENHARIA-864x1536.jpg 864w, https:\/\/wp.ufpel.edu.br\/engmateriais\/files\/2024\/08\/ESTAGIO-ENGENHARIA-619x1100.jpg 619w\" sizes=\"auto, (max-width: 1080px) 100vw, 1080px\" \/><\/a><\/p>\n<p>&nbsp;<\/p>\n<p>&nbsp;<\/p>\n<p>&nbsp;<\/p>\n<p><strong>Programa de Est\u00e1gio Eaton 2025<\/strong><\/p>\n<p style=\"font-weight: 400;\"><strong>A largada foi dada: inscri\u00e7\u00f5es abertas para o Programa de Est\u00e1gio Eaton 2025! Prepare suas habilidades e foque na inscri\u00e7\u00e3o!<\/strong><\/p>\n<p style=\"font-weight: 400;\">Aten\u00e7\u00e3o para os requisitos:<\/p>\n<p style=\"font-weight: 400;\"><strong>\u00a0<\/strong><\/p>\n<p style=\"font-weight: 400;\">\u00a0Garra para aprender e ganhar cada vez mais posi\u00e7\u00f5es no mundo profissional;<\/p>\n<p style=\"font-weight: 400;\">\u00a0Mergulhar de cabe\u00e7a no\u00a0curso de\u00a0gradua\u00e7\u00e3o ou t\u00e9cnico, com\u00a0<strong>previs\u00e3o de forma\u00e7\u00e3o<\/strong>\u00a0entre dezembro de 2025\u00a0e dezembro de 2026.<\/p>\n<p style=\"font-weight: 400;\">\u00a0Ter disponibilidade para entrar nos nossos times nas cidades de Caxias do Sul (RS), Mogi Mirim (SP), Porto Feliz (SP), S\u00e3o Jos\u00e9 dos Campos (SP),<br \/>\nS\u00e3o Paulo (SP) ou Valinhos (SP).<\/p>\n<p style=\"font-weight: 400;\"><strong>C<\/strong><strong>onfira alguns dos benef\u00edcios que oferecemos:<\/strong><\/p>\n<p style=\"font-weight: 400;\">\u00a0Bolsa-aux\u00edlio compat\u00edvel com o mercado<\/p>\n<p style=\"font-weight: 400;\">&#xfe0f; Recesso remunerado<\/p>\n<p style=\"font-weight: 400;\">\u00a0Transporte, Restaurante<\/p>\n<p style=\"font-weight: 400;\">\u00a0Assist\u00eancia m\u00e9dica e odontol\u00f3gica<\/p>\n<p style=\"font-weight: 400;\">\u00a0Plataforma de treinamentos online com +20 mil cursos<\/p>\n<p style=\"font-weight: 400;\">Seguro de vida, e muito mais!<\/p>\n<p style=\"font-weight: 400;\"><strong>S\u00e3o\u00a0mais 60 vagas, mais de\u00a020 cursos eleg\u00edveis\u00a0e\u00a0dezenas de \u00e1reas de atua\u00e7\u00e3o.<\/strong><\/p>\n<p style=\"font-weight: 400;\">Corre para n\u00e3o perder essa oportunidade! As inscri\u00e7\u00f5es v\u00e3o at\u00e9\u00a031\u00a0de\u00a0agosto, acesse:\u00a0<a href=\"https:\/\/www.ciadeestagios.com.br\/vagas\/eaton\/\" data-saferedirecturl=\"https:\/\/www.google.com\/url?q=https:\/\/www.ciadeestagios.com.br\/vagas\/eaton\/&amp;source=gmail&amp;ust=1723646410440000&amp;usg=AOvVaw0VqOcaaVvwgr-pDKEuRlkb\">https:\/\/www.ciadeestagios.com.br\/vagas\/eaton\/<\/a><\/p>\n<p style=\"font-weight: 400;\">___________________________________<\/p>\n<p style=\"font-weight: 400;\">Muito obrigado<\/p>\n<p style=\"font-weight: 400;\"><strong>Talentos Eaton<\/strong><\/p>\n<p style=\"font-weight: 400;\"><a href=\"mailto:talentos@eaton.com\">talentos@eaton.com<\/a><\/p>\n<p>&nbsp;<\/p>\n<p>&nbsp;<\/p>\n<p>&nbsp;<\/p>\n<p><b>Programa de Est\u00e1gio Eaton 2024 :<\/b><\/p>\n<p>&nbsp;<\/p>\n<p>Requisitos:<\/p>\n<p>Ter muita vontade de aprender e de se jogar pra valer no mundo profissional;<\/p>\n<p>Est\u00e1 cursando gradua\u00e7\u00e3o ou curso t\u00e9cnico, com\u00a0<strong>previs\u00e3o de forma\u00e7\u00e3o<\/strong>\u00a0entre Dezembro de 2024\u00a0e Dezembro de 2025.<\/p>\n<p>Ter disponibilidade para estagiar nas cidades de Caxias do Sul (RS), Mogi Mirim (SP), Porto Feliz (SP), S\u00e3o Jos\u00e9 dos Campos (SP), S\u00e3o Paulo (SP) ou Valinhos (SP);<\/p>\n<p>&nbsp;<\/p>\n<p>Confira alguns dos benef\u00edcios que oferecemos:<\/p>\n<p>Bolsa-aux\u00edlio compat\u00edvel com o mercado<\/p>\n<p>&#xfe0f; Recesso remunerado<\/p>\n<p>Transporte, Restaurante<\/p>\n<p>Assist\u00eancia m\u00e9dica e odontol\u00f3gica<\/p>\n<p>Plataforma de treinamentos online com +20 mil cursos<\/p>\n<p>Seguro de vida, e muito mais!<\/p>\n<p>&nbsp;<\/p>\n<p>S\u00e3o\u00a090 vagas, mais de\u00a020 cursos eleg\u00edveis\u00a0e\u00a0dezenas de \u00e1reas de atua\u00e7\u00e3o.<\/p>\n<p>Corre para n\u00e3o perder essa oportunidade! As inscri\u00e7\u00f5es v\u00e3o at\u00e9\u00a031\u00a0de\u00a0agosto, acesse:\u00a0<a href=\"https:\/\/www.ciadeestagios.com.br\/vagas\/eaton\/\" data-saferedirecturl=\"https:\/\/www.google.com\/url?q=https:\/\/www.ciadeestagios.com.br\/vagas\/eaton\/&amp;source=gmail&amp;ust=1691147180333000&amp;usg=AOvVaw19_wYE6jnp1neO-jBsSD0k\">Programa de Est\u00e1gio Eaton 2024 \u2014 Companhia de Est\u00e1gios (ciadeestagios.com.br)<\/a><\/p>\n<p>&nbsp;<\/p>\n<p style=\"font-weight: 400;\"><strong>Camila Diniz<br \/>\n<\/strong>Talent Management &amp; University Relations<\/p>\n<p style=\"font-weight: 400;\">Corporate Group,\u00a0Eaton<\/p>\n<p style=\"font-weight: 400;\">Endere\u00e7o: Rua Clark, 2061 | Valinhos, S\u00e3o Paulo<br \/>\nMobile:\u00a055 19 99214-8680<\/p>\n<p style=\"font-weight: 400;\"><u><a href=\"mailto:Talentos@eaton.com\">Talentos@eaton.com<\/a><\/u><\/p>\n<p>&nbsp;<\/p>\n<p>&nbsp;<\/p>\n<p>&nbsp;<\/p>\n<p><strong>GM de Gravata\u00ed:<\/strong><\/p>\n<p>&nbsp;<\/p>\n<p style=\"font-weight: 400;\">Est\u00e1gio 2023 General Motors &#8211; vagas exclusivas para mulheres, pessoas negras, pessoas com defici\u00eancia e\u00a0LGBTQIA+.<\/p>\n<p style=\"font-weight: 400;\">Se voc\u00ea tem interesse na \u00e1rea de Engenharia de Manufatura e estava procurando uma oportunidade para estagiar, acabou de encontrar!<\/p>\n<p style=\"font-weight: 400;\">Nossa vis\u00e3o \u00e9 a de um mundo com Zero acidente, Zero emiss\u00e3o e Zero congestionamento.<\/p>\n<p style=\"font-weight: 400;\">Abra\u00e7amos a responsabilidade de liderar a mudan\u00e7a que tornar\u00e1 nosso mundo melhor, mais seguro e mais justo para todos e queremos que voc\u00ea fa\u00e7a parte desta hist\u00f3ria!<\/p>\n<p style=\"font-weight: 400;\">Buscamos estudantes de:<\/p>\n<ul style=\"font-weight: 400;\">\n<li>Engenharia Mec\u00e2nica<\/li>\n<li>Engenharia de Produ\u00e7\u00e3o<\/li>\n<li>Engenharia El\u00e9trica<\/li>\n<li>Engenharia Eletr\u00f4nica<\/li>\n<li>Engenharia de Materiais<\/li>\n<li>Engenharia de Controle e Automa\u00e7\u00e3o<\/li>\n<li>Engenharia da Computa\u00e7\u00e3o<\/li>\n<li>Engenharia de Software<\/li>\n<li>TI<\/li>\n<li>An\u00e1lise e Desenvolvimento de Sistemas<\/li>\n<li>Sistemas da Informa\u00e7\u00e3o;<\/li>\n<\/ul>\n<p style=\"font-weight: 400;\">\u00c1rea de atua\u00e7\u00e3o:<\/p>\n<ul style=\"font-weight: 400;\">\n<li>Manufatura<\/li>\n<\/ul>\n<p style=\"font-weight: 400;\">Abaixo, est\u00e1 o link de inscri\u00e7\u00e3o para a vaga e mais informa\u00e7\u00f5es:<\/p>\n<p style=\"font-weight: 400;\"><a href=\"https:\/\/generalmotors.wd5.myworkdayjobs.com\/Careers_GM\/job\/Gravatai-Rio-Grande-do-Sul-Brazil\/Programa-de-Estgio-em-Engenharia-da-Manufatura---Gravata--Exclusivo-para-mulheres--pessoas-negras--pessoas-com-deficincia-e-ou-pessoas-trans-_JR-202304903\" data-saferedirecturl=\"https:\/\/www.google.com\/url?q=https:\/\/generalmotors.wd5.myworkdayjobs.com\/Careers_GM\/job\/Gravatai-Rio-Grande-do-Sul-Brazil\/Programa-de-Estgio-em-Engenharia-da-Manufatura---Gravata--Exclusivo-para-mulheres--pessoas-negras--pessoas-com-deficincia-e-ou-pessoas-trans-_JR-202304903&amp;source=gmail&amp;ust=1677667649498000&amp;usg=AOvVaw1ZTVndbcg6AnjNa9ykK7pL\">https:\/\/generalmotors.wd5.myworkdayjobs.com\/Careers_GM\/job\/Gravatai-Rio-Grande-do-Sul-Brazil\/Programa-de-Estgio-em-Engenharia-da-Manufatura&#8212;Gravata&#8211;Exclusivo-para-mulheres&#8211;pessoas-negras&#8211;pessoas-com-deficincia-e-ou-pessoas-trans-_JR-202304903<\/a><\/p>\n<table style=\"font-weight: 400; height: 119px;\" width=\"563\">\n<tbody>\n<tr>\n<td style=\"width: 52.9688px;\"><\/td>\n<td style=\"width: 494.031px;\">\n<p><strong>Mariana Ribas de S\u00e1<\/strong><\/p>\n<p>Polymers Shop, Gravatai<\/p>\n<p><a href=\"mailto:mariana.sa@gm.com\">mariana.sa@gm.com<\/a>\u00a0\u00a0\u00a0tel: +55 51 984370892<\/td>\n<\/tr>\n<\/tbody>\n<\/table>\n<p>&nbsp;<\/p>\n<p>&nbsp;<\/p>\n<p>&nbsp;<\/p>\n<p><strong>Yara Fertilizantes:<\/strong><\/p>\n<p style=\"font-weight: 400;\">Sou a Fernanda, recruiter na Yara, e respons\u00e1vel pelos Est\u00e1gios Yara! Divulgamos nossas oportunidades com inscri\u00e7\u00f5es at\u00e9 dia 3 de mar\u00e7o atrav\u00e9s doo link:\u00a0<a href=\"https:\/\/www.estagiar-br.com.br\/programas-estagio\/estagio-yara-2023\/110\" data-saferedirecturl=\"https:\/\/www.google.com\/url?q=https:\/\/www.estagiar-br.com.br\/programas-estagio\/estagio-yara-2023\/110&amp;source=gmail&amp;ust=1676649573160000&amp;usg=AOvVaw2P1sVrL4tiPdQX3MkhyHtj\">https:\/\/www.estagiar-br.com.br\/programas-estagio\/estagio-yara-2023\/110<\/a><\/p>\n<p style=\"font-weight: 400;\">Destas, mais de 10 oportunidades s\u00e3o para a unidade de Rio Grande!<\/p>\n<table style=\"font-weight: 400;\" width=\"100%\">\n<tbody>\n<tr>\n<td width=\"100%\">\n<p>Fernanda Provenzano<\/p>\n<p>Sr HR Analyst<\/p>\n<p>Yara Fertilizanres<\/p>\n<p>Mobile phone: 5551983128969<\/p>\n<p>Office phone: 5551999625602<\/p>\n<p>Email:\u00a0<a href=\"mailto:fernanda.provenzano@yara.com\">fernanda.provenzano@yara.com<\/a><\/p>\n<table width=\"600\">\n<tbody>\n<tr>\n<td width=\"115\"><\/td>\n<td width=\"485\">Yara Fertilizantes<br \/>\nRua Carlos Gomes, 1762<br \/>\n90410007 Porto Alegre, Brazil<br \/>\n<a href=\"https:\/\/www.yarabrasil.com.br\/\" data-saferedirecturl=\"https:\/\/www.google.com\/url?q=https:\/\/www.yarabrasil.com.br&amp;source=gmail&amp;ust=1676649573160000&amp;usg=AOvVaw0FNmK01_TOXZ2LXHfnwh-8\">www.yarabrasil.com.br<\/a><\/td>\n<\/tr>\n<\/tbody>\n<\/table>\n<\/td>\n<\/tr>\n<\/tbody>\n<\/table>\n<p>&nbsp;<\/p>\n<p>&nbsp;<\/p>\n<p><strong>VAGAS DE EST\u00c1GIO NA GERDAU<\/strong><\/p>\n<p>As inscri\u00e7\u00f5es para o Programa de Est\u00e1gio podem ser feitas atrav\u00e9s do link:\u00a0<a href=\"https:\/\/www.vagas.com.br\/vagas\/v2284383\/programa-de-estagio-gerdau-aracariguama\">https:\/\/www.vagas.com.br\/vagas\/v2284383\/programa-de-estagio-gerdau-aracariguama<\/a><\/p>\n<p>&nbsp;<\/p>\n<p><strong>VAGAS DE EST\u00c1GIO &#8211; MOVELARIA FISS<\/strong><\/p>\n<p>Os candidatos interessados dever\u00e3o encaminhar curr\u00edculo para\u00a0guilhermefiss@hotmail.com<\/p>\n<p>Para que os alunos conhe\u00e7am a empresa, o Instagram \u00e9: @fiss.movelaria<\/p>\n","protected":false},"excerpt":{"rendered":"<p>Est\u00e1gio de Ver\u00e3o Eaton &nbsp; Inscri\u00e7\u00f5es abertas para o Est\u00e1gio de Ver\u00e3o Aten\u00e7\u00e3o para os requisitos: \u00a0 \u00a0Universit\u00e1rias mulheres a partir do 3\u00ba ano de Engenharia; Garra para aprender e ganhar cada vez mais posi\u00e7\u00f5es no mundo profissional; Previs\u00e3o de forma\u00e7\u00e3o\u00a0entre dezembro de 2025\u00a0e dezembro de 2026. Ter disponibilidade para entrar nos nossos times nas [&hellip;]<\/p>\n","protected":false},"author":479,"featured_media":0,"parent":0,"menu_order":10,"comment_status":"closed","ping_status":"closed","template":"","meta":{"footnotes":""},"class_list":["post-1886","page","type-page","status-publish","hentry"],"_links":{"self":[{"href":"https:\/\/wp.ufpel.edu.br\/engmateriais\/wp-json\/wp\/v2\/pages\/1886","targetHints":{"allow":["GET"]}}],"collection":[{"href":"https:\/\/wp.ufpel.edu.br\/engmateriais\/wp-json\/wp\/v2\/pages"}],"about":[{"href":"https:\/\/wp.ufpel.edu.br\/engmateriais\/wp-json\/wp\/v2\/types\/page"}],"author":[{"embeddable":true,"href":"https:\/\/wp.ufpel.edu.br\/engmateriais\/wp-json\/wp\/v2\/users\/479"}],"replies":[{"embeddable":true,"href":"https:\/\/wp.ufpel.edu.br\/engmateriais\/wp-json\/wp\/v2\/comments?post=1886"}],"version-history":[{"count":19,"href":"https:\/\/wp.ufpel.edu.br\/engmateriais\/wp-json\/wp\/v2\/pages\/1886\/revisions"}],"predecessor-version":[{"id":1889,"href":"https:\/\/wp.ufpel.edu.br\/engmateriais\/wp-json\/wp\/v2\/pages\/1886\/revisions\/1889"}],"wp:attachment":[{"href":"https:\/\/wp.ufpel.edu.br\/engmateriais\/wp-json\/wp\/v2\/media?parent=1886"}],"curies":[{"name":"wp","href":"https:\/\/api.w.org\/{rel}","templated":true}]}}