{"id":1368,"date":"2019-04-08T11:48:36","date_gmt":"2019-04-08T14:48:36","guid":{"rendered":"https:\/\/wp.ufpel.edu.br\/engmateriais\/?page_id=1368"},"modified":"2022-04-12T10:10:27","modified_gmt":"2022-04-12T13:10:27","slug":"informes-gerais","status":"publish","type":"page","link":"https:\/\/wp.ufpel.edu.br\/engmateriais\/eventos\/provaveis-formandos\/informes-gerais\/","title":{"rendered":"Informes Gerais"},"content":{"rendered":"<p>\u00c9 de responsabilidade dos Prov\u00e1veis Formandos:<\/p>\n<ul>\n<li style=\"text-align: justify;\">Verificar a possibilidade real de colar grau no ano\/semestre pretendido.<\/li>\n<li style=\"text-align: justify;\">Acessar o COBALTO \u00e0 Integraliza\u00e7\u00e3o Curricular e verificar poss\u00edveis pend\u00eancias de disciplinas obrigat\u00f3rias ou optativas (devem ter sido cursadas todas as obrigat\u00f3rias e 15 cr\u00e9ditos de optativas).<\/li>\n<li style=\"text-align: justify;\">A partir de 2019-1, os prov\u00e1veis formandos dever\u00e3o realizar cadastro no Colegiado do Curso, afirmando esta vontade e entregando as c\u00f3pias, acompanhado dos originais, de todos os documentos relacionados abaixo:<\/li>\n<\/ul>\n<p style=\"text-align: justify;\">&#8211; RG atualizado (deve ser poss\u00edvel o reconhecimento por foto e por assinatura; &#8211; CPF;<\/p>\n<p style=\"text-align: justify;\">\u00a0&#8211; Certid\u00e3o de Nascimento ou Casamento;<\/p>\n<p style=\"text-align: justify;\">&#8211; T\u00edtulo de Eleitor ou documento que comprove estar em dia com a justi\u00e7a eleitoral;<\/p>\n<p style=\"text-align: justify;\">&#8211; Certificado de Reservista.<\/p>\n<ul>\n<li style=\"text-align: justify;\">T\u00e3o logo seja definido o Est\u00e1gio, realizar a entrega do Termo de Compromisso de Est\u00e1gio (em tr\u00eas vias) no Colegiado do Curso. Os documentos dever\u00e3o estar preenchidos e assinados pelo supervisor de est\u00e1gio e pelo aluno. Somente ap\u00f3s a Coordena\u00e7\u00e3o ir\u00e1 verificar e assinar o documento.<\/li>\n<li style=\"text-align: justify;\">A secretaria ir\u00e1 providenciar, ap\u00f3s a entrega do Termo de Compromisso de Est\u00e1gio, o cadastro do seguro para o aluno, junto ao sistema COBALTO.<\/li>\n<li style=\"text-align: justify;\">Entregar na secretaria os documentos comprobat\u00f3rios (original e c\u00f3pia) das Atividades Complementares e de Forma\u00e7\u00e3o Livre. Realizar o preenchimento da tabela (site do Curso) e encaminhar \u00e0 Coordena\u00e7\u00e3o.<\/li>\n<li style=\"text-align: justify;\">Ap\u00f3s o t\u00e9rmino do Est\u00e1gio, entregar na secretaria uma via do Relat\u00f3rio Final de Est\u00e1gio.<\/li>\n<li style=\"text-align: justify;\">Combinar com seu orientador de TCC a data de sua defesa, a composi\u00e7\u00e3o da banca e a entrega do trabalho.<\/li>\n<\/ul>\n<p>&nbsp;<\/p>\n","protected":false},"excerpt":{"rendered":"<p>\u00c9 de responsabilidade dos Prov\u00e1veis Formandos: Verificar a possibilidade real de colar grau no ano\/semestre pretendido. Acessar o COBALTO \u00e0 Integraliza\u00e7\u00e3o Curricular e verificar poss\u00edveis pend\u00eancias de disciplinas obrigat\u00f3rias ou optativas (devem ter sido cursadas todas as obrigat\u00f3rias e 15 cr\u00e9ditos de optativas). A partir de 2019-1, os prov\u00e1veis formandos dever\u00e3o realizar cadastro no Colegiado [&hellip;]<\/p>\n","protected":false},"author":479,"featured_media":0,"parent":1156,"menu_order":0,"comment_status":"closed","ping_status":"closed","template":"","meta":{"footnotes":""},"class_list":["post-1368","page","type-page","status-publish","hentry"],"_links":{"self":[{"href":"https:\/\/wp.ufpel.edu.br\/engmateriais\/wp-json\/wp\/v2\/pages\/1368","targetHints":{"allow":["GET"]}}],"collection":[{"href":"https:\/\/wp.ufpel.edu.br\/engmateriais\/wp-json\/wp\/v2\/pages"}],"about":[{"href":"https:\/\/wp.ufpel.edu.br\/engmateriais\/wp-json\/wp\/v2\/types\/page"}],"author":[{"embeddable":true,"href":"https:\/\/wp.ufpel.edu.br\/engmateriais\/wp-json\/wp\/v2\/users\/479"}],"replies":[{"embeddable":true,"href":"https:\/\/wp.ufpel.edu.br\/engmateriais\/wp-json\/wp\/v2\/comments?post=1368"}],"version-history":[{"count":4,"href":"https:\/\/wp.ufpel.edu.br\/engmateriais\/wp-json\/wp\/v2\/pages\/1368\/revisions"}],"predecessor-version":[{"id":1885,"href":"https:\/\/wp.ufpel.edu.br\/engmateriais\/wp-json\/wp\/v2\/pages\/1368\/revisions\/1885"}],"up":[{"embeddable":true,"href":"https:\/\/wp.ufpel.edu.br\/engmateriais\/wp-json\/wp\/v2\/pages\/1156"}],"wp:attachment":[{"href":"https:\/\/wp.ufpel.edu.br\/engmateriais\/wp-json\/wp\/v2\/media?parent=1368"}],"curies":[{"name":"wp","href":"https:\/\/api.w.org\/{rel}","templated":true}]}}