{"id":1249,"date":"2019-02-14T13:36:58","date_gmt":"2019-02-14T15:36:58","guid":{"rendered":"https:\/\/wp.ufpel.edu.br\/engmateriais\/?page_id=1249"},"modified":"2020-07-29T18:22:48","modified_gmt":"2020-07-29T21:22:48","slug":"formados-em-2018-2","status":"publish","type":"page","link":"https:\/\/wp.ufpel.edu.br\/engmateriais\/tccs\/formados-em-2018-2\/","title":{"rendered":"Formados em 2018-2"},"content":{"rendered":"<p><a href=\"https:\/\/wp.ufpel.edu.br\/engmateriais\/files\/2019\/02\/TCC-Alexandra.pdf\">Alexandra Augusta Reichert<\/a><\/p>\n<p><a href=\"https:\/\/wp.ufpel.edu.br\/engmateriais\/files\/2019\/02\/TCC-Bernardo.pdf\">\u00a0Bernardo Rodrigues Corr\u00eaa Tavares<\/a><\/p>\n<p><a href=\"https:\/\/wp.ufpel.edu.br\/engmateriais\/files\/2019\/02\/TCC-Carlos-Felipe.pdf\">Carlos Felipe de Medeiros Cunha<\/a><\/p>\n<p><a href=\"https:\/\/wp.ufpel.edu.br\/engmateriais\/files\/2019\/02\/TCC-Dielen.pdf\">\u00a0Dielen Marin<\/a><\/p>\n<p><a href=\"https:\/\/wp.ufpel.edu.br\/engmateriais\/files\/2019\/04\/TCC-F\u00e1bio.pdf\">\u00a0F\u00e1bio Calcagno Riemke\u00a0<\/a><\/p>\n<p><a href=\"https:\/\/wp.ufpel.edu.br\/engmateriais\/files\/2019\/02\/TCC-K\u00e1ssia.pdf\">\u00a0K\u00e1ssia Pe\u00e7anha Vieira<\/a><\/p>\n<p><a href=\"https:\/\/wp.ufpel.edu.br\/engmateriais\/files\/2019\/02\/TCC-T\u00e1bata.pdf\">T\u00e1bata Aires Vieira<\/a><\/p>\n<p><a href=\"https:\/\/wp.ufpel.edu.br\/engmateriais\/files\/2019\/02\/TCC-Ulysses.pdf\">Ulysses Guedes Andrade Alvarenga<\/a><\/p>\n<p>&nbsp;<\/p>\n","protected":false},"excerpt":{"rendered":"<p>Alexandra Augusta Reichert \u00a0Bernardo Rodrigues Corr\u00eaa Tavares Carlos Felipe de Medeiros Cunha \u00a0Dielen Marin \u00a0F\u00e1bio Calcagno Riemke\u00a0 \u00a0K\u00e1ssia Pe\u00e7anha Vieira T\u00e1bata Aires Vieira Ulysses Guedes Andrade Alvarenga &nbsp;<\/p>\n","protected":false},"author":479,"featured_media":0,"parent":1189,"menu_order":10,"comment_status":"closed","ping_status":"closed","template":"","meta":{"footnotes":""},"class_list":["post-1249","page","type-page","status-publish","hentry"],"_links":{"self":[{"href":"https:\/\/wp.ufpel.edu.br\/engmateriais\/wp-json\/wp\/v2\/pages\/1249","targetHints":{"allow":["GET"]}}],"collection":[{"href":"https:\/\/wp.ufpel.edu.br\/engmateriais\/wp-json\/wp\/v2\/pages"}],"about":[{"href":"https:\/\/wp.ufpel.edu.br\/engmateriais\/wp-json\/wp\/v2\/types\/page"}],"author":[{"embeddable":true,"href":"https:\/\/wp.ufpel.edu.br\/engmateriais\/wp-json\/wp\/v2\/users\/479"}],"replies":[{"embeddable":true,"href":"https:\/\/wp.ufpel.edu.br\/engmateriais\/wp-json\/wp\/v2\/comments?post=1249"}],"version-history":[{"count":6,"href":"https:\/\/wp.ufpel.edu.br\/engmateriais\/wp-json\/wp\/v2\/pages\/1249\/revisions"}],"predecessor-version":[{"id":1659,"href":"https:\/\/wp.ufpel.edu.br\/engmateriais\/wp-json\/wp\/v2\/pages\/1249\/revisions\/1659"}],"up":[{"embeddable":true,"href":"https:\/\/wp.ufpel.edu.br\/engmateriais\/wp-json\/wp\/v2\/pages\/1189"}],"wp:attachment":[{"href":"https:\/\/wp.ufpel.edu.br\/engmateriais\/wp-json\/wp\/v2\/media?parent=1249"}],"curies":[{"name":"wp","href":"https:\/\/api.w.org\/{rel}","templated":true}]}}