{"id":1206,"date":"2019-02-14T12:00:22","date_gmt":"2019-02-14T14:00:22","guid":{"rendered":"https:\/\/wp.ufpel.edu.br\/engmateriais\/?page_id=1206"},"modified":"2019-02-14T12:18:39","modified_gmt":"2019-02-14T14:18:39","slug":"formados-em-2015-2","status":"publish","type":"page","link":"https:\/\/wp.ufpel.edu.br\/engmateriais\/tccs\/formados-em-2015-2\/","title":{"rendered":"Formados em 2015-2"},"content":{"rendered":"<p><a href=\"https:\/\/wp.ufpel.edu.br\/engmateriais\/files\/2019\/02\/TCC-Fabio-Bohns.pdf\">F\u00e1bio Rocha Bohns<\/a><\/p>\n<p><a href=\"https:\/\/wp.ufpel.edu.br\/engmateriais\/files\/2019\/02\/TCC-Kayruza.pdf\">Kayruza Passos Sanches<\/a><\/p>\n<p><a href=\"https:\/\/wp.ufpel.edu.br\/engmateriais\/files\/2019\/02\/TCC-Marciel-Gaier.pdf\">Marciel Gaier<\/a><\/p>\n<p><a href=\"https:\/\/wp.ufpel.edu.br\/engmateriais\/files\/2019\/02\/TCC-Mariane.pdf\">Mariane Weirich Bosembecker<\/a><\/p>\n<p><a href=\"https:\/\/wp.ufpel.edu.br\/engmateriais\/files\/2019\/02\/TCC-Rafael.pdf\">Rafael Magalh\u00e3es Triani<\/a><\/p>\n<p><a href=\"https:\/\/wp.ufpel.edu.br\/engmateriais\/files\/2019\/02\/TCC-Rogerio.pdf\">Rog\u00e9rio Almeida Gouv\u00eaa<\/a><\/p>\n","protected":false},"excerpt":{"rendered":"<p>F\u00e1bio Rocha Bohns Kayruza Passos Sanches Marciel Gaier Mariane Weirich Bosembecker Rafael Magalh\u00e3es Triani Rog\u00e9rio Almeida Gouv\u00eaa<\/p>\n","protected":false},"author":479,"featured_media":0,"parent":1189,"menu_order":4,"comment_status":"closed","ping_status":"closed","template":"","meta":{"footnotes":""},"class_list":["post-1206","page","type-page","status-publish","hentry"],"_links":{"self":[{"href":"https:\/\/wp.ufpel.edu.br\/engmateriais\/wp-json\/wp\/v2\/pages\/1206","targetHints":{"allow":["GET"]}}],"collection":[{"href":"https:\/\/wp.ufpel.edu.br\/engmateriais\/wp-json\/wp\/v2\/pages"}],"about":[{"href":"https:\/\/wp.ufpel.edu.br\/engmateriais\/wp-json\/wp\/v2\/types\/page"}],"author":[{"embeddable":true,"href":"https:\/\/wp.ufpel.edu.br\/engmateriais\/wp-json\/wp\/v2\/users\/479"}],"replies":[{"embeddable":true,"href":"https:\/\/wp.ufpel.edu.br\/engmateriais\/wp-json\/wp\/v2\/comments?post=1206"}],"version-history":[{"count":3,"href":"https:\/\/wp.ufpel.edu.br\/engmateriais\/wp-json\/wp\/v2\/pages\/1206\/revisions"}],"predecessor-version":[{"id":1220,"href":"https:\/\/wp.ufpel.edu.br\/engmateriais\/wp-json\/wp\/v2\/pages\/1206\/revisions\/1220"}],"up":[{"embeddable":true,"href":"https:\/\/wp.ufpel.edu.br\/engmateriais\/wp-json\/wp\/v2\/pages\/1189"}],"wp:attachment":[{"href":"https:\/\/wp.ufpel.edu.br\/engmateriais\/wp-json\/wp\/v2\/media?parent=1206"}],"curies":[{"name":"wp","href":"https:\/\/api.w.org\/{rel}","templated":true}]}}