{"id":12,"date":"2015-02-11T10:46:19","date_gmt":"2015-02-11T12:46:19","guid":{"rendered":"https:\/\/wp.ufpel.edu.br\/engmateriais\/?page_id=12"},"modified":"2026-02-26T16:31:22","modified_gmt":"2026-02-26T19:31:22","slug":"horarios","status":"publish","type":"page","link":"https:\/\/wp.ufpel.edu.br\/engmateriais\/horarios\/","title":{"rendered":"HOR\u00c1RIOS"},"content":{"rendered":"<p><a href=\"https:\/\/engmatufpel.github.io\/previa2026-1\/\">Hor\u00e1rio 2026-1<\/a><\/p>\n<p><a href=\"https:\/\/sergiocava.github.io\/2025-2\/\">Hor\u00e1rio 2025-2<\/a><\/p>\n<p><a href=\"https:\/\/wp.ufpel.edu.br\/engmateriais\/files\/2025\/02\/horarios-2025-1.html\">Hor\u00e1rio 2025-1<\/a><\/p>\n<p><a href=\"https:\/\/wp.ufpel.edu.br\/engmateriais\/files\/2024\/09\/horarios-2024-2.html\">Hor\u00e1rio 2024-2<\/a><\/p>\n<p><a href=\"https:\/\/wp.ufpel.edu.br\/engmateriais\/files\/2024\/03\/horarios2024-1.pdf\">Hor\u00e1rio 2024-1<\/a><\/p>\n<p><a href=\"https:\/\/wp.ufpel.edu.br\/engmateriais\/files\/2023\/11\/Horario-2023-2.pdf\">Hor\u00e1rio 2023-2<\/a><\/p>\n<p><a href=\"https:\/\/wp.ufpel.edu.br\/engmateriais\/files\/2023\/06\/Horario-2023-1-ultimo.pdf\">Hor\u00e1rio 2023-1 <\/a><\/p>\n<p><a href=\"https:\/\/wp.ufpel.edu.br\/engmateriais\/files\/2023\/01\/Horario_2022-2-1.pdf\">Horario_2022-2<\/a><\/p>\n<p><a href=\"https:\/\/wp.ufpel.edu.br\/engmateriais\/files\/2022\/08\/Horario-2022-1-1.pdf\">Hor\u00e1rio 2022-1<\/a><\/p>\n<p><a href=\"https:\/\/wp.ufpel.edu.br\/engmateriais\/files\/2022\/02\/Horario-2021-2-1.docx\">Hor\u00e1rio 2021-2<\/a><\/p>\n<p><a href=\"https:\/\/wp.ufpel.edu.br\/engmateriais\/files\/2021\/07\/Horario-2021-1-4.docx\">Hor\u00e1rio 2021-1<\/a><\/p>\n<p><a href=\"https:\/\/wp.ufpel.edu.br\/engmateriais\/files\/2021\/03\/Horario-2020-2-2.docx\">Hor\u00e1rio 2020-2<\/a><\/p>\n<p><a href=\"https:\/\/wp.ufpel.edu.br\/engmateriais\/files\/2020\/09\/Horario-Calendario-Remoto-2020-1.docx\">Hor\u00e1rio\u00a0 2020-1 Novo Calend\u00e1rio<\/a><\/p>\n<p><a href=\"https:\/\/wp.ufpel.edu.br\/engmateriais\/files\/2020\/03\/Hor\u00e1rio-2020-1-5.docx\">Hor\u00e1rio 2020-1 &#8211; Suspenso<\/a><\/p>\n<p><a href=\"https:\/\/wp.ufpel.edu.br\/engmateriais\/files\/2019\/08\/Hor\u00e1rio-2019-2-6.docx\">Hor\u00e1rio 2019-2<\/a><\/p>\n<p><a href=\"https:\/\/wp.ufpel.edu.br\/engmateriais\/files\/2019\/03\/Hor\u00e1rio-2019-1-3.docx\">Hor\u00e1rio-2019-1<\/a><\/p>\n<p><a href=\"https:\/\/wp.ufpel.edu.br\/engmateriais\/files\/2018\/09\/Hor\u00e1rios-2018-2-1.docx\">Hor\u00e1rio 2018-2<\/a><\/p>\n<p><a href=\"https:\/\/wp.ufpel.edu.br\/engmateriais\/files\/2018\/04\/Hor\u00e1rio-2018-1.docx\">Hor\u00e1rio 2018-1<\/a><\/p>\n<p><a href=\"https:\/\/wp.ufpel.edu.br\/engmateriais\/files\/2015\/02\/Hor\u00e1rios-2017-2-2.docx\">Hor\u00e1rio 2017-2<\/a><\/p>\n<p><a href=\"https:\/\/wp.ufpel.edu.br\/engmateriais\/files\/2015\/02\/Hor\u00e1rios-2017-1.docx\">Hor\u00e1rio 2017-1<\/a><\/p>\n<p><a href=\"https:\/\/wp.ufpel.edu.br\/engmateriais\/files\/2015\/02\/Hor\u00e1rios-2016-2.docx\">Hor\u00e1rio 2016-2<\/a><\/p>\n<p><a href=\"https:\/\/wp.ufpel.edu.br\/engmateriais\/files\/2015\/02\/Hor\u00e1rios-2015-2.docx\">Hor\u00e1rio 2015-2<\/a><\/p>\n<p><a href=\"https:\/\/wp.ufpel.edu.br\/engmateriais\/files\/2015\/02\/Hor\u00e1rio-2016-1.docx\">Hor\u00e1rio 2016-1<\/a><\/p>\n<p><a href=\"https:\/\/wp.ufpel.edu.br\/engmateriais\/files\/2015\/02\/Hor\u00e1rios-2015-1.docx\">Hor\u00e1rio 2015-1\u00a0 <\/a><\/p>\n<p>&nbsp;<\/p>\n","protected":false},"excerpt":{"rendered":"<p>Hor\u00e1rio 2026-1 Hor\u00e1rio 2025-2 Hor\u00e1rio 2025-1 Hor\u00e1rio 2024-2 Hor\u00e1rio 2024-1 Hor\u00e1rio 2023-2 Hor\u00e1rio 2023-1 Horario_2022-2 Hor\u00e1rio 2022-1 Hor\u00e1rio 2021-2 Hor\u00e1rio 2021-1 Hor\u00e1rio 2020-2 Hor\u00e1rio\u00a0 2020-1 Novo Calend\u00e1rio Hor\u00e1rio 2020-1 &#8211; Suspenso Hor\u00e1rio 2019-2 Hor\u00e1rio-2019-1 Hor\u00e1rio 2018-2 Hor\u00e1rio 2018-1 Hor\u00e1rio 2017-2 Hor\u00e1rio 2017-1 Hor\u00e1rio 2016-2 Hor\u00e1rio 2015-2 Hor\u00e1rio 2016-1 Hor\u00e1rio 2015-1\u00a0 &nbsp;<\/p>\n","protected":false},"author":479,"featured_media":0,"parent":0,"menu_order":4,"comment_status":"closed","ping_status":"closed","template":"","meta":{"footnotes":""},"class_list":["post-12","page","type-page","status-publish","hentry"],"_links":{"self":[{"href":"https:\/\/wp.ufpel.edu.br\/engmateriais\/wp-json\/wp\/v2\/pages\/12","targetHints":{"allow":["GET"]}}],"collection":[{"href":"https:\/\/wp.ufpel.edu.br\/engmateriais\/wp-json\/wp\/v2\/pages"}],"about":[{"href":"https:\/\/wp.ufpel.edu.br\/engmateriais\/wp-json\/wp\/v2\/types\/page"}],"author":[{"embeddable":true,"href":"https:\/\/wp.ufpel.edu.br\/engmateriais\/wp-json\/wp\/v2\/users\/479"}],"replies":[{"embeddable":true,"href":"https:\/\/wp.ufpel.edu.br\/engmateriais\/wp-json\/wp\/v2\/comments?post=12"}],"version-history":[{"count":4,"href":"https:\/\/wp.ufpel.edu.br\/engmateriais\/wp-json\/wp\/v2\/pages\/12\/revisions"}],"predecessor-version":[{"id":2628,"href":"https:\/\/wp.ufpel.edu.br\/engmateriais\/wp-json\/wp\/v2\/pages\/12\/revisions\/2628"}],"wp:attachment":[{"href":"https:\/\/wp.ufpel.edu.br\/engmateriais\/wp-json\/wp\/v2\/media?parent=12"}],"curies":[{"name":"wp","href":"https:\/\/api.w.org\/{rel}","templated":true}]}}