{"id":1186,"date":"2019-02-14T09:47:50","date_gmt":"2019-02-14T11:47:50","guid":{"rendered":"https:\/\/wp.ufpel.edu.br\/engmateriais\/?page_id=1186"},"modified":"2019-02-14T09:47:50","modified_gmt":"2019-02-14T11:47:50","slug":"solicitacao-de-urgencia-de-diploma","status":"publish","type":"page","link":"https:\/\/wp.ufpel.edu.br\/engmateriais\/eventos\/provaveis-formandos\/solicitacao-de-urgencia-de-diploma\/","title":{"rendered":"Solicita\u00e7\u00e3o de Urg\u00eancia de Diploma"},"content":{"rendered":"<div class=\"content_header corFundo\"><strong>Defini\u00e7\u00e3o<\/strong><\/div>\n<article id=\"single_post_inside\" class=\"single_post_inside\">A solicita\u00e7\u00e3o de urg\u00eancia da expedi\u00e7\u00e3o de diploma poder\u00e1 ser realizada somente nos casos comprovados, por alunos que j\u00e1 realizaram a cola\u00e7\u00e3o de grau e por motivo de for\u00e7a maior n\u00e3o podem esperar o tempo normal para a entrega do diploma, como por exemplo nos casos de:<br \/>\nI \u2013 Aprova\u00e7\u00e3o em concurso p\u00fablico onde o edital cita apenas o diploma, negando assim a apresenta\u00e7\u00e3o do certificado de conclus\u00e3o;<br \/>\nII \u2013 Participa\u00e7\u00e3o em programa de p\u00f3s-gradua\u00e7\u00e3o fora do pa\u00eds ou ainda no pa\u00eds, quando o edital cita apenas o diploma;<br \/>\nIII \u2013 Demais casos, onde o diploma se faz necess\u00e1rio, sem que exista a possibilidade comprovada da entrega do Certificado de Conclus\u00e3o.<\/p>\n<p><strong>Como solicitar<\/strong><br \/>\nA solicita\u00e7\u00e3o de urg\u00eancia de diploma pode ser realizada no atendimento da CRA, via correio ou pelo e-mail (dracurriculos@gmail.com). A solicita\u00e7\u00e3o dever\u00e1 conter o requerimento preenchido e documento que ampare a justificativa.<\/p>\n<p><strong>Requerimento<\/strong><br \/>\n<a href=\"https:\/\/wp.ufpel.edu.br\/cra\/files\/2018\/10\/Requerimento-urg%C3%AAncia-de-diploma.pdf\">Requerimento de urg\u00eancia de diploma<\/a><\/p>\n<\/article>\n","protected":false},"excerpt":{"rendered":"<p>Defini\u00e7\u00e3o A solicita\u00e7\u00e3o de urg\u00eancia da expedi\u00e7\u00e3o de diploma poder\u00e1 ser realizada somente nos casos comprovados, por alunos que j\u00e1 realizaram a cola\u00e7\u00e3o de grau e por motivo de for\u00e7a maior n\u00e3o podem esperar o tempo normal para a entrega do diploma, como por exemplo nos casos de: I \u2013 Aprova\u00e7\u00e3o em concurso p\u00fablico onde [&hellip;]<\/p>\n","protected":false},"author":479,"featured_media":0,"parent":1156,"menu_order":4,"comment_status":"closed","ping_status":"closed","template":"","meta":{"footnotes":""},"class_list":["post-1186","page","type-page","status-publish","hentry"],"_links":{"self":[{"href":"https:\/\/wp.ufpel.edu.br\/engmateriais\/wp-json\/wp\/v2\/pages\/1186","targetHints":{"allow":["GET"]}}],"collection":[{"href":"https:\/\/wp.ufpel.edu.br\/engmateriais\/wp-json\/wp\/v2\/pages"}],"about":[{"href":"https:\/\/wp.ufpel.edu.br\/engmateriais\/wp-json\/wp\/v2\/types\/page"}],"author":[{"embeddable":true,"href":"https:\/\/wp.ufpel.edu.br\/engmateriais\/wp-json\/wp\/v2\/users\/479"}],"replies":[{"embeddable":true,"href":"https:\/\/wp.ufpel.edu.br\/engmateriais\/wp-json\/wp\/v2\/comments?post=1186"}],"version-history":[{"count":1,"href":"https:\/\/wp.ufpel.edu.br\/engmateriais\/wp-json\/wp\/v2\/pages\/1186\/revisions"}],"predecessor-version":[{"id":1187,"href":"https:\/\/wp.ufpel.edu.br\/engmateriais\/wp-json\/wp\/v2\/pages\/1186\/revisions\/1187"}],"up":[{"embeddable":true,"href":"https:\/\/wp.ufpel.edu.br\/engmateriais\/wp-json\/wp\/v2\/pages\/1156"}],"wp:attachment":[{"href":"https:\/\/wp.ufpel.edu.br\/engmateriais\/wp-json\/wp\/v2\/media?parent=1186"}],"curies":[{"name":"wp","href":"https:\/\/api.w.org\/{rel}","templated":true}]}}