{"id":1178,"date":"2019-02-14T09:04:33","date_gmt":"2019-02-14T11:04:33","guid":{"rendered":"https:\/\/wp.ufpel.edu.br\/engmateriais\/?page_id=1178"},"modified":"2025-08-05T21:13:30","modified_gmt":"2025-08-06T00:13:30","slug":"colacao-de-grau","status":"publish","type":"page","link":"https:\/\/wp.ufpel.edu.br\/engmateriais\/eventos\/provaveis-formandos\/colacao-de-grau\/","title":{"rendered":"Cola\u00e7\u00e3o de Grau"},"content":{"rendered":"<p><strong>Defini\u00e7\u00e3o<\/strong><br \/>\nA cola\u00e7\u00e3o de grau \u00e9 uma cerim\u00f4nia de car\u00e1ter obrigat\u00f3rio para a outorga do grau de bacharel, licenciando ou tecn\u00f3logo, de acordo com o curso que o discente concluiu.<\/p>\n<p><strong>Como solicitar<\/strong><br \/>\nDiscentes com ingresso a partir de 2018\/1 dever\u00e3o observar o disposto na Resolu\u00e7\u00e3o n\u00ba 05\/2018\/CONSUN, que normatiza as cola\u00e7\u00f5es de grau institucionais. O mesmo vale para discentes com ingresso anterior a 2018\/1 que optarem por participar de cola\u00e7\u00e3o de grau institucional.<br \/>\nPara discentes com ingresso anterior a 2018\/1 que n\u00e3o optarem pela cola\u00e7\u00e3o de grau institucional, as datas das cola\u00e7\u00f5es de grau, externa e interna, ser\u00e3o definidas pelas dire\u00e7\u00f5es das unidades acad\u00eamicas, que as tornar\u00e3o p\u00fablicas at\u00e9 60 dias ap\u00f3s o in\u00edcio do per\u00edodo letivo.<br \/>\nPara participar de uma das cola\u00e7\u00f5es o discente, prov\u00e1vel formando, dever\u00e1 manifestar-se no colegiado de seu curso, no prazo estabelecido no calend\u00e1rio acad\u00eamico.<\/p>\n<p>&nbsp;<\/p>\n<h3><span style=\"font-size: 12pt;\">Antecipa\u00e7\u00e3o da Cola\u00e7\u00e3o de Grau<\/span><\/h3>\n<p><strong>Defini\u00e7\u00e3o<\/strong><br \/>\nOs discentes que n\u00e3o optarem por formatura institucional podem requerer, excepcionalmente, a antecipa\u00e7\u00e3o da cola\u00e7\u00e3o de grau.<br \/>\nQuem pode requerer a antecipa\u00e7\u00e3o? Discente que n\u00e3o esteja matriculado em componentes curriculares que exijam o cumprimento m\u00ednimo de dias letivos (100 dias semestralmente, conforme previs\u00e3o legal), salvo matr\u00edcula em componentes ofertados em regime concentrado e justificando o motivo da solicita\u00e7\u00e3o nos seguintes casos:<br \/>\nI \u2013 aprova\u00e7\u00e3o em concurso p\u00fablico ou processos seletivos, dentro do n\u00famero de vagas do edital;<br \/>\nII \u2013 por decis\u00e3o judicial;<br \/>\nIII \u2013 se o discente for servidor p\u00fablico, quando houver transfer\u00eancia ex-of\u00edcio;<br \/>\nIV \u2013 por transfer\u00eancia do c\u00f4njuge, desde que este seja servidor p\u00fablico e a transfer\u00eancia seja ex-of\u00edcio;<br \/>\nV \u2013 aprova\u00e7\u00e3o em sele\u00e7\u00e3o para programas de p\u00f3s-gradua\u00e7\u00e3o, que exija o diploma de gradua\u00e7\u00e3o para efetiva\u00e7\u00e3o da matr\u00edcula.<\/p>\n<p><strong>Como solicitar<\/strong><br \/>\nO pedido dever\u00e1 ser encaminhado, pelo requerente, ao colegiado de curso, que analisar\u00e1 a solicita\u00e7\u00e3o somente nos casos supracitados. O colegiado de curso poder\u00e1 deferir o pedido se o aluno tiver integralizado a matriz curricular do curso, se todos os registros constarem no sistema e se a situa\u00e7\u00e3o junto ao ENADE estiver regularizada.<br \/>\nAs cola\u00e7\u00f5es de grau antecipadas ser\u00e3o, obrigatoriamente, internas.<\/p>\n<p><strong>Legisla\u00e7\u00e3o espec\u00edfica:<\/strong><br \/>\n<a href=\"https:\/\/wp.ufpel.edu.br\/scs\/files\/2018\/07\/RES-05.2018-SEI_23110.023302_2018_41-2.pdf\">Resolu\u00e7\u00e3o N\u00b0 05\/2018<\/a><br \/>\n<a href=\"http:\/\/portal.mec.gov.br\/cne\/arquivos\/pdf\/2004\/pces379_04.pdf\">Parecer CNE N\u00b0 379\/2004<\/a><\/p>\n<p>&nbsp;<\/p>\n<p>&nbsp;<\/p>\n","protected":false},"excerpt":{"rendered":"<p>Defini\u00e7\u00e3o A cola\u00e7\u00e3o de grau \u00e9 uma cerim\u00f4nia de car\u00e1ter obrigat\u00f3rio para a outorga do grau de bacharel, licenciando ou tecn\u00f3logo, de acordo com o curso que o discente concluiu. Como solicitar Discentes com ingresso a partir de 2018\/1 dever\u00e3o observar o disposto na Resolu\u00e7\u00e3o n\u00ba 05\/2018\/CONSUN, que normatiza as cola\u00e7\u00f5es de grau institucionais. O [&hellip;]<\/p>\n","protected":false},"author":479,"featured_media":0,"parent":1156,"menu_order":4,"comment_status":"closed","ping_status":"closed","template":"","meta":{"footnotes":""},"class_list":["post-1178","page","type-page","status-publish","hentry"],"_links":{"self":[{"href":"https:\/\/wp.ufpel.edu.br\/engmateriais\/wp-json\/wp\/v2\/pages\/1178","targetHints":{"allow":["GET"]}}],"collection":[{"href":"https:\/\/wp.ufpel.edu.br\/engmateriais\/wp-json\/wp\/v2\/pages"}],"about":[{"href":"https:\/\/wp.ufpel.edu.br\/engmateriais\/wp-json\/wp\/v2\/types\/page"}],"author":[{"embeddable":true,"href":"https:\/\/wp.ufpel.edu.br\/engmateriais\/wp-json\/wp\/v2\/users\/479"}],"replies":[{"embeddable":true,"href":"https:\/\/wp.ufpel.edu.br\/engmateriais\/wp-json\/wp\/v2\/comments?post=1178"}],"version-history":[{"count":5,"href":"https:\/\/wp.ufpel.edu.br\/engmateriais\/wp-json\/wp\/v2\/pages\/1178\/revisions"}],"predecessor-version":[{"id":2570,"href":"https:\/\/wp.ufpel.edu.br\/engmateriais\/wp-json\/wp\/v2\/pages\/1178\/revisions\/2570"}],"up":[{"embeddable":true,"href":"https:\/\/wp.ufpel.edu.br\/engmateriais\/wp-json\/wp\/v2\/pages\/1156"}],"wp:attachment":[{"href":"https:\/\/wp.ufpel.edu.br\/engmateriais\/wp-json\/wp\/v2\/media?parent=1178"}],"curies":[{"name":"wp","href":"https:\/\/api.w.org\/{rel}","templated":true}]}}