{"id":1172,"date":"2019-02-14T08:49:15","date_gmt":"2019-02-14T10:49:15","guid":{"rendered":"https:\/\/wp.ufpel.edu.br\/engmateriais\/?page_id=1172"},"modified":"2019-04-05T13:12:07","modified_gmt":"2019-04-05T16:12:07","slug":"cadastro-de-provavel-formando","status":"publish","type":"page","link":"https:\/\/wp.ufpel.edu.br\/engmateriais\/eventos\/provaveis-formandos\/cadastro-de-provavel-formando\/","title":{"rendered":"Cadastro de Prov\u00e1vel Formando"},"content":{"rendered":"<p><strong>Ser\u00e1 de inteira responsabilidade do aluno prov\u00e1vel formando:<\/strong><\/p>\n<ol>\n<li>O aluno dever\u00e1 se cadastrar como prov\u00e1vel formando no Colegiado de Curso.<\/li>\n<li>O aluno entregar\u00e1 no Colegiado de Curso c\u00f3pias dos documentos necess\u00e1rios para emiss\u00e3o do Hist\u00f3rico Final e Diploma:<\/li>\n<\/ol>\n<ul>\n<li>Carteira de Identidade atualizada (original e c\u00f3pia, ou c\u00f3pia autenticada). N\u00e3o ser\u00e1 aceito CNH em substitui\u00e7\u00e3o ao RG.<\/li>\n<li>Certid\u00e3o de Nascimento ou Casamento ( original e c\u00f3pia, ou c\u00f3pia autenticada), quando houver necessidade de altera\u00e7\u00e3o do nome registrado no sistema acad\u00eamico ou altera\u00e7\u00e3o do estado civil.<\/li>\n<li>Certid\u00e3o de Quita\u00e7\u00e3o Eleitoral (dispon\u00edvel em:\u00a0<a href=\"http:\/\/www.tse.jus.br\/eleitor\/certidoes\/certidao-de-quitacao-eleitoral\">http:\/\/www.tse.jus.br\/eleitor\/certidoes\/certidao-de-quitacao-eleitoral<\/a>);<\/li>\n<li>Certificado de Quita\u00e7\u00e3o com o Servi\u00e7o Militar,\u00a0 no caso de discente do sexo masculino.<\/li>\n<\/ul>\n<p>3. O aluno conferir\u00e1 o pr\u00f3prio cadastro. Dados a conferir:<\/p>\n<ul>\n<li>Nome (inclusive acentos);<\/li>\n<li>Nacionalidade;<\/li>\n<li>RG , \u00d3rg\u00e3o Emissor e UF;<\/li>\n<li>Data e UF do nascimento.<\/li>\n<\/ul>\n<p>Esses dados ser\u00e3o usados para emiss\u00e3o do hist\u00f3rico final e Diploma.<\/p>\n<p>&nbsp;<\/p>\n<p>&nbsp;<\/p>\n","protected":false},"excerpt":{"rendered":"<p>Ser\u00e1 de inteira responsabilidade do aluno prov\u00e1vel formando: O aluno dever\u00e1 se cadastrar como prov\u00e1vel formando no Colegiado de Curso. O aluno entregar\u00e1 no Colegiado de Curso c\u00f3pias dos documentos necess\u00e1rios para emiss\u00e3o do Hist\u00f3rico Final e Diploma: Carteira de Identidade atualizada (original e c\u00f3pia, ou c\u00f3pia autenticada). N\u00e3o ser\u00e1 aceito CNH em substitui\u00e7\u00e3o ao [&hellip;]<\/p>\n","protected":false},"author":479,"featured_media":0,"parent":1156,"menu_order":1,"comment_status":"closed","ping_status":"closed","template":"","meta":{"footnotes":""},"class_list":["post-1172","page","type-page","status-publish","hentry"],"_links":{"self":[{"href":"https:\/\/wp.ufpel.edu.br\/engmateriais\/wp-json\/wp\/v2\/pages\/1172","targetHints":{"allow":["GET"]}}],"collection":[{"href":"https:\/\/wp.ufpel.edu.br\/engmateriais\/wp-json\/wp\/v2\/pages"}],"about":[{"href":"https:\/\/wp.ufpel.edu.br\/engmateriais\/wp-json\/wp\/v2\/types\/page"}],"author":[{"embeddable":true,"href":"https:\/\/wp.ufpel.edu.br\/engmateriais\/wp-json\/wp\/v2\/users\/479"}],"replies":[{"embeddable":true,"href":"https:\/\/wp.ufpel.edu.br\/engmateriais\/wp-json\/wp\/v2\/comments?post=1172"}],"version-history":[{"count":6,"href":"https:\/\/wp.ufpel.edu.br\/engmateriais\/wp-json\/wp\/v2\/pages\/1172\/revisions"}],"predecessor-version":[{"id":1365,"href":"https:\/\/wp.ufpel.edu.br\/engmateriais\/wp-json\/wp\/v2\/pages\/1172\/revisions\/1365"}],"up":[{"embeddable":true,"href":"https:\/\/wp.ufpel.edu.br\/engmateriais\/wp-json\/wp\/v2\/pages\/1156"}],"wp:attachment":[{"href":"https:\/\/wp.ufpel.edu.br\/engmateriais\/wp-json\/wp\/v2\/media?parent=1172"}],"curies":[{"name":"wp","href":"https:\/\/api.w.org\/{rel}","templated":true}]}}