{"id":1156,"date":"2019-02-13T12:34:20","date_gmt":"2019-02-13T14:34:20","guid":{"rendered":"https:\/\/wp.ufpel.edu.br\/engmateriais\/?page_id=1156"},"modified":"2019-02-14T09:01:58","modified_gmt":"2019-02-14T11:01:58","slug":"provaveis-formandos","status":"publish","type":"page","link":"https:\/\/wp.ufpel.edu.br\/engmateriais\/eventos\/provaveis-formandos\/","title":{"rendered":"Prov\u00e1veis Formandos"},"content":{"rendered":"<p><strong>Defini\u00e7\u00e3o de Prov\u00e1vel Formando<\/strong><br \/>\n\u00c9 considerado prov\u00e1vel formando o discente que tiver expectativa de colar grau ao t\u00e9rmino do per\u00edodo letivo vigente, integralizando o curr\u00edculo do curso ao qual esteja vinculado, de acordo com as condi\u00e7\u00f5es definidas no projeto pedag\u00f3gico do curso e em situa\u00e7\u00e3o regular no ENADE, componente curricular obrigat\u00f3rio.<\/p>\n","protected":false},"excerpt":{"rendered":"<p>Defini\u00e7\u00e3o de Prov\u00e1vel Formando \u00c9 considerado prov\u00e1vel formando o discente que tiver expectativa de colar grau ao t\u00e9rmino do per\u00edodo letivo vigente, integralizando o curr\u00edculo do curso ao qual esteja vinculado, de acordo com as condi\u00e7\u00f5es definidas no projeto pedag\u00f3gico do curso e em situa\u00e7\u00e3o regular no ENADE, componente curricular obrigat\u00f3rio.<\/p>\n","protected":false},"author":479,"featured_media":0,"parent":16,"menu_order":3,"comment_status":"closed","ping_status":"closed","template":"","meta":{"footnotes":""},"class_list":["post-1156","page","type-page","status-publish","hentry"],"_links":{"self":[{"href":"https:\/\/wp.ufpel.edu.br\/engmateriais\/wp-json\/wp\/v2\/pages\/1156","targetHints":{"allow":["GET"]}}],"collection":[{"href":"https:\/\/wp.ufpel.edu.br\/engmateriais\/wp-json\/wp\/v2\/pages"}],"about":[{"href":"https:\/\/wp.ufpel.edu.br\/engmateriais\/wp-json\/wp\/v2\/types\/page"}],"author":[{"embeddable":true,"href":"https:\/\/wp.ufpel.edu.br\/engmateriais\/wp-json\/wp\/v2\/users\/479"}],"replies":[{"embeddable":true,"href":"https:\/\/wp.ufpel.edu.br\/engmateriais\/wp-json\/wp\/v2\/comments?post=1156"}],"version-history":[{"count":6,"href":"https:\/\/wp.ufpel.edu.br\/engmateriais\/wp-json\/wp\/v2\/pages\/1156\/revisions"}],"predecessor-version":[{"id":1177,"href":"https:\/\/wp.ufpel.edu.br\/engmateriais\/wp-json\/wp\/v2\/pages\/1156\/revisions\/1177"}],"up":[{"embeddable":true,"href":"https:\/\/wp.ufpel.edu.br\/engmateriais\/wp-json\/wp\/v2\/pages\/16"}],"wp:attachment":[{"href":"https:\/\/wp.ufpel.edu.br\/engmateriais\/wp-json\/wp\/v2\/media?parent=1156"}],"curies":[{"name":"wp","href":"https:\/\/api.w.org\/{rel}","templated":true}]}}