{"id":1154,"date":"2019-02-13T12:33:44","date_gmt":"2019-02-13T14:33:44","guid":{"rendered":"https:\/\/wp.ufpel.edu.br\/engmateriais\/?page_id=1154"},"modified":"2025-07-24T11:58:44","modified_gmt":"2025-07-24T14:58:44","slug":"alunos-regulares","status":"publish","type":"page","link":"https:\/\/wp.ufpel.edu.br\/engmateriais\/eventos\/alunos-regulares\/","title":{"rendered":"Alunos Regulares"},"content":{"rendered":"<ol>\n<li style=\"text-align: justify;\"><strong>Matr\u00edcula em disciplinas<\/strong>:\u00a0 A partir do segundo semestre o aluno dever\u00e1 solicitar matr\u00edcula on-line a cada per\u00edodo letivo, escolhendo quais atividades curriculares pretende fazer. Vale lembrar que n\u00e3o \u00e9 permitida a matr\u00edcula com colis\u00e3o de hor\u00e1rios entre disciplinas e que os pr\u00e9-requisitos dever\u00e3o ser respeitados. Disciplinas de\u00a0 PRIMEIRO SEMESTRE n\u00e3o podem ser solicitadas on-line. O pedido para curs\u00e1-las dever\u00e1 ser realizado\u00a0 no per\u00edodo de Corre\u00e7\u00e3o de Matr\u00edculas.<\/li>\n<\/ol>\n<ol style=\"text-align: justify;\" start=\"2\">\n<li><strong>Solicita\u00e7\u00e3o de matr\u00edcula on-line:<\/strong> no per\u00edodo estipulado no Calend\u00e1rio Acad\u00eamico, os alunos regulares dever\u00e3o acessar o Sistema Cobalto, informando seu n\u00famero de matr\u00edcula e senha, para solicitar matr\u00edcula nas disciplinas que pretende cursar naquele semestre. Este procedimento \u00e9 <u>mera solicita\u00e7\u00e3o<\/u>. A confirma\u00e7\u00e3o de matr\u00edcula nas disciplinas se d\u00e1 ap\u00f3s o processamento das solicita\u00e7\u00f5es e \u00e9 seguida pelo per\u00edodo de Corre\u00e7\u00e3o de Matr\u00edcula. O aluno que n\u00e3o conseguir vaga na disciplina ou no hor\u00e1rio desejado pode solicitar Corre\u00e7\u00e3o de Matr\u00edcula.<\/li>\n<\/ol>\n<p class=\"has-16-undefined-undefined-font-size\"><strong>Defini\u00e7\u00e3o<\/strong><br \/>\nA Rematr\u00edcula N\u00c3O \u00e9 destinada aos alunos ingressantes na Universidade.<\/p>\n<p class=\"has-16-undefined-undefined-font-size\">A matr\u00edcula \u00e9 obrigat\u00f3ria em cada per\u00edodo letivo previsto para o funcionamento do curso, de acordo com o calend\u00e1rio acad\u00eamico.<\/p>\n<p class=\"has-16-undefined-undefined-font-size\">A aus\u00eancia de matr\u00edcula em um per\u00edodo letivo poder\u00e1 implicar no desligamento do curso por abandono.<\/p>\n<p class=\"has-16-undefined-undefined-font-size\">O discente poder\u00e1 realizar qualquer atividade curricular em seu curso de origem, ressalvados os pr\u00e9-requisitos constantes nos projetos pedag\u00f3gicos, desde que haja disponibilidade de vaga. O discente deve observar o m\u00ednimo de cr\u00e9ditos obrigat\u00f3rios a serem cursados a cada semestre, conforme previsto no Projeto Pedag\u00f3gico do Curso.<\/p>\n<p class=\"has-16-undefined-undefined-font-size\">N\u00e3o ser\u00e1 permitida a matr\u00edcula em componentes curriculares em que houver colis\u00e3o total ou parcial de hor\u00e1rios.<\/p>\n<p class=\"has-16-undefined-undefined-font-size\"><strong>Como solicitar<\/strong><br \/>\nI-\u00a0 O discente dever\u00e1 fazer\u00a0<i>login<\/i>\u00a0no sistema acad\u00eamico\u00a0<a href=\"https:\/\/cobalto.ufpel.edu.br\/\">COBALTO<\/a>, acessar o menu\u00a0<a class=\"\" href=\"https:\/\/cobalto.ufpel.edu.br\/academico\/alunos\/solicitacaoMatricula\">Solicita\u00e7\u00e3o de matr\u00edcula<\/a>\u00a0e selecionar os componentes curriculares que pretende cursar.<br \/>\nII- O sistema processa as solicita\u00e7\u00f5es, conforme estabelecido na Resolu\u00e7\u00e3o COCEPE n\u00ba 47\/2018.<br \/>\nIII- O discente consulta sua solicita\u00e7\u00e3o no sistema\u00a0<a href=\"https:\/\/cobalto.ufpel.edu.br\/\">COBALTO<\/a>, no menu\u00a0<a class=\"\" href=\"https:\/\/cobalto.ufpel.edu.br\/academico\/alunos\/atestadoMatriculado\">Matr\u00edcula<\/a>, para confirmar em quais componentes curriculares foi matriculado. Se a solicita\u00e7\u00e3o foi contemplada \u00e9 s\u00f3 aguardar o in\u00edcio das aulas. Caso seja necess\u00e1ria alguma altera\u00e7\u00e3o, dever\u00e1 ser realizada na corre\u00e7\u00e3o de matr\u00edcula.<\/p>\n<p>&nbsp;<\/p>\n<ol style=\"text-align: justify;\" start=\"3\">\n<li><strong>Corre\u00e7\u00e3o de Matr\u00edcula:<\/strong> o aluno que desejar corrigir sua matr\u00edcula, tanto incluindo quanto exclu\u00eddo disciplinas, poder\u00e1 faz\u00ea-lo no per\u00edodo estipulado pelo Calend\u00e1rio Acad\u00eamico (ver o Calend\u00e1rio no site do CRA).\u00a0 A an\u00e1lise do pedido \u00e9 feita pelo Coordenador do Curso. Acompanhar pelo COBALTO no final do prazo de corre\u00e7\u00e3o. Caso a disciplina n\u00e3o apare\u00e7a ser\u00e1 por um dos motivos: colis\u00e3o de hor\u00e1rios, falta de pr\u00e9-requisito(s) ou falta de vagas. Mais informa\u00e7\u00f5es em https:\/\/wp.ufpel.edu.br\/cra\/matricula\/<\/li>\n<\/ol>\n<ol style=\"text-align: justify;\" start=\"4\">\n<li><strong>Matr\u00edcula Especial:<\/strong> o aluno do Curso de Engenharia de Materiais poder\u00e1 solicitar Matr\u00edcula Especial em duas disciplinas\/semestre em outros cursos da UFPel.<br \/>\n<strong>Defini\u00e7\u00e3o &#8211; <\/strong>A matr\u00edcula especial permite ao discente realizar matr\u00edcula em componente curriculares de outros cursos da UFPel. Esta modalidade de matr\u00edcula est\u00e1 condicionada \u00e0 disponibilidade de vagas na disciplina e no per\u00edodo letivo desejado.<br \/>\nA matr\u00edcula especial n\u00e3o poder\u00e1 ultrapassar o total de dois componentes curriculares por per\u00edodo letivo e 20% da carga hor\u00e1ria do curso de origem.<br \/>\nN\u00e3o ser\u00e1 permitida a matr\u00edcula em componentes curriculares em que houver colis\u00e3o total ou parcial de hor\u00e1rios. A matr\u00edcula especial \u00e9 destinada apenas para acrescentar componentes curriculares, \u00e9 vedada a altera\u00e7\u00e3o da matr\u00edcula original. <strong>Como solicitar<\/strong><br \/>\nA Matr\u00edcula Especial possui per\u00edodo estipulado no Calend\u00e1rio Acad\u00eamico. Para solicitar a matr\u00edcula especial o discente deve:<br \/>\nI \u2013 estar matriculado em, no m\u00ednimo, oito cr\u00e9ditos no curso de origem;<br \/>\nII \u2013 solicitar matr\u00edcula especial no\u00a0<a href=\"https:\/\/cobalto.ufpel.edu.br\/\">Cobalto<\/a>\u00a0, no menu\u00a0<a class=\"\" href=\"https:\/\/cobalto.ufpel.edu.br\/academico\/alunos\/solicitacaoMatriculaEspecial\">Solicita\u00e7\u00e3o de matr\u00edcula especial<\/a>, em disciplina do curso pretendido, no per\u00edodo previsto no Calend\u00e1rio Acad\u00eamico;<br \/>\nIII \u2013 o curso de origem do discente avaliar\u00e1 a solicita\u00e7\u00e3o em prazo previsto no Calend\u00e1rio Acad\u00eamico, autorizando ou n\u00e3o a solicita\u00e7\u00e3o;<br \/>\nIV \u2013 caso o curso de origem tenha autorizado, o curso que oferta a disciplina pretendida pelo discente receber\u00e1 a solicita\u00e7\u00e3o e avaliar\u00e1, homologando ou n\u00e3o o pedido.<br \/>\nV \u2013 O discente consulta sua solicita\u00e7\u00e3o no sistema\u00a0<a href=\"https:\/\/cobalto.ufpel.edu.br\/\">COBALTO<\/a>, no menu\u00a0<a class=\"\" href=\"https:\/\/cobalto.ufpel.edu.br\/academico\/alunos\/atestadoMatriculado\">Matr\u00edcula<\/a>, para confirmar em quais componentes curriculares foi matriculado. Se a solicita\u00e7\u00e3o foi contemplada \u00e9 s\u00f3 aguardar o in\u00edcio das aulas.Veja o tutorial completo em https:\/\/wp.ufpel.edu.br\/cra\/matricula\/<\/li>\n<\/ol>\n<p>&nbsp;<\/p>\n<ol style=\"text-align: justify;\" start=\"5\">\n<li><strong>Aproveitamento de disciplinas:<\/strong> O aproveitamento pode ser solicitado por alunos que j\u00e1 tenham cursado disciplina de curso superior com aprova\u00e7\u00e3o, que tenha correspond\u00eancia com a disciplina do Curso de Engenharia de Materiais que o aluno deseja ser dispensado. O percentual m\u00ednimo \u00e9 de 75% de conte\u00fado program\u00e1tico <strong><u>e <\/u><\/strong>75% da carga hor\u00e1ria para haver a dispensa.<\/li>\n<\/ol>\n<p style=\"text-align: justify;\">\u00a0 \u00a0 <strong>Como Solicitar<\/strong><br \/>\nPara solicitar o aproveitamento de estudos o discente dever\u00e1 acessar o menu do Cobalto: Aluno &gt; Cadastro &gt; Solicita\u00e7\u00e3o de aproveitamentos, clicar em \u201cNovo\u201d e selecionar a disciplina que deseja solicitar o aproveitamento.<br \/>\n\u00c9 preciso fazer uma solicita\u00e7\u00e3o para cada aproveitamento pretendido.<br \/>\na)\u00a0<strong>para disciplinas cursadas na UFPEL<\/strong>\u00a0dever\u00e1 indicar a(s) disciplina(s) relacionadas pelo sistema quer usar para a solicita\u00e7\u00e3o de aproveitamento e clicar em \u201cSalvar\u201d.<br \/>\nb)\u00a0<strong>para disciplinas cursadas em outra institui\u00e7\u00e3o<\/strong>\u00a0dever\u00e1 selecionar a institui\u00e7\u00e3o, anexar o seu hist\u00f3rico escolar, indicar o nome das disciplinas que deseja utilizar para o aproveitamento, anexar o conte\u00fado program\u00e1tico (ou plano de ensino) da disciplina cursada e clicar em \u201cSalvar\u201d.<\/p>\n<p>&nbsp;<\/p>\n<ol style=\"text-align: justify;\" start=\"6\">\n<li><strong>Segunda chamada (prova\/trabalho):<\/strong> O discente que, por impedimento legal devidamente comprovado, faltar a uma avalia\u00e7\u00e3o, poder\u00e1 realiz\u00e1-la em outro momento, desde que requeira por escrito ao colegiado do curso, at\u00e9 3 (tr\u00eas) dias \u00fateis ap\u00f3s a realiza\u00e7\u00e3o da avalia\u00e7\u00e3o anterior:<\/li>\n<\/ol>\n<p style=\"text-align: justify;\">\u00a0 \u00a0 \u00a0 Pelo Regulamento de Gradua\u00e7\u00e3o, considera-se motivo para solicita\u00e7\u00e3o de nova data para realiza\u00e7\u00e3o de\u00a0 \u00a0 \u00a0 \u00a0 \u00a0 \u00a0 \u00a0 \u00a0avalia\u00e7\u00e3o:<\/p>\n<ol style=\"text-align: justify;\">\n<li>a) acidentes &#8211; mediante apresenta\u00e7\u00e3o de boletim de ocorr\u00eancia policial;<\/li>\n<li>b) assalto &#8211; mediante apresenta\u00e7\u00e3o de boletim de ocorr\u00eancia policial;<\/li>\n<li>c) casamento &#8211; mediante apresenta\u00e7\u00e3o de certid\u00e3o de casamento do discente, ocorrido em at\u00e9 8 (oito) dias de anteced\u00eancia da data da avalia\u00e7\u00e3o;<\/li>\n<li>d) luto &#8211; mediante apresenta\u00e7\u00e3o de certid\u00e3o de \u00f3bito ocorrido em at\u00e9 8 (oito) dias de anteced\u00eancia da data da avalia\u00e7\u00e3o;<\/li>\n<li>e) sa\u00fade &#8211; mediante apresenta\u00e7\u00e3o de atestado m\u00e9dico, com carimbo (contendo o CRM) e assinatura do m\u00e9dico;<\/li>\n<li>f) trabalho &#8211; apresenta\u00e7\u00e3o de declara\u00e7\u00e3o de exerc\u00edcio de atividade profissional excepcional com identifica\u00e7\u00e3o do empregador;<\/li>\n<li>g) cat\u00e1strofes naturais que impe\u00e7am o deslocamento para os locais da avalia\u00e7\u00e3o;<\/li>\n<li>h) Situa\u00e7\u00f5es geradas por terceiros, como greves de transporte p\u00fablico, obstru\u00e7\u00e3o de vias e demais situa\u00e7\u00f5es, condicionadas a aceita\u00e7\u00e3o do colegiado, alheias a vontade do discente;<\/li>\n<li>i) participa\u00e7\u00e3o em eventos cient\u00edficos, quando o discente estiver apresentando trabalho, mediante comprova\u00e7\u00e3o de participa\u00e7\u00e3o.<\/li>\n<\/ol>\n<p><strong>Como solicitar<\/strong><br \/>\nA solicita\u00e7\u00e3o dever\u00e1 ser realizada no Sistema Acad\u00eamico Cobalto, no menu \u201cAluno \u2013 Cadastro \u2013 Solicita\u00e7\u00e3o de segunda chamada\u201d. Na solicita\u00e7\u00e3o dever\u00e1 ser encaminhado o comprovante da justificativa (Ex. atestado m\u00e9dico).<\/p>\n<p>&nbsp;<\/p>\n<ol style=\"text-align: justify;\" start=\"7\">\n<li><strong>Trancamento Geral de Matr\u00edcula:<\/strong><\/li>\n<\/ol>\n<p style=\"text-align: justify;\"><strong>Como solicitar &#8211; <\/strong>O trancamento geral de matr\u00edcula deve ser solicitado \u00e0 CRA pelo discente ou seu representante legal, nos prazos previstos no calend\u00e1rio acad\u00eamico. A solicita\u00e7\u00e3o pode ser feita pela p\u00e1gina: <a href=\"https:\/\/atendimento.ufpel.edu.br\/\">https:\/\/atendimento.ufpel.edu.br\/<\/a><br \/>\nPrazos:<br \/>\nI \u2013 Para discentes que n\u00e3o solicitaram matr\u00edcula: somente no per\u00edodo estabelecido no calend\u00e1rio acad\u00eamico (per\u00edodo de corre\u00e7\u00e3o de matr\u00edcula).<br \/>\nII \u2013 Para discentes matriculados: do primeiro ao \u00faltimo dia letivo do semestre. O Trancamento Geral de Matr\u00edcula dever\u00e1 feito no CRA, pessoalmente ou por procurador. O TGM dever\u00e1 ser solicitado a cada per\u00edodo pretendido, tendo validade somente para este per\u00edodo letivo. O aluno poder\u00e1 solicitar um n\u00famero m\u00e1ximo de quatro trancamentos, consecutivos ou n\u00e3o, independente de justificativa.<\/p>\n<p style=\"text-align: justify;\">O\u00a0trancamento geral de matr\u00edcula n\u00e3o ser\u00e1 permitido no per\u00edodo em que o\u00a0aluno houver ingressado no curso, independente da modalidade de ingresso ou para alunos em situa\u00e7\u00e3o de jubilamento. Alunos ingressantes somente poder\u00e3o realizar o TGM pelos motivos previstos no regulamento, descritos a seguir:<\/p>\n<ul style=\"text-align: justify;\">\n<li>Por motivo de doen\u00e7a do pr\u00f3prio aluno ou familiar em 1\u00ba grau, mediante avalia\u00e7\u00e3o de junta m\u00e9dica oficial;<\/li>\n<li>Para o servi\u00e7o militar.<\/li>\n<\/ul>\n<p>&nbsp;<\/p>\n<ol style=\"text-align: justify;\" start=\"8\">\n<li><strong><strong>Trancamento de Disciplinas: <\/strong><\/strong>Observe no\u00a0<a href=\"https:\/\/wp.ufpel.edu.br\/cra\/calendario-academico\/\">Calend\u00e1rio Acad\u00eamico<\/a> o per\u00edodo para realizar o trancamento. No prazo estipulado o aluno deve acessar o menu \u201cAluno-&gt;Cadastros-&gt;Trancamento de disciplina\u201d. O aluno dever\u00e1 ficar matriculado em no m\u00ednimo 8 cr\u00e9ditos.<\/li>\n<\/ol>\n<p>&nbsp;<\/p>\n<p><strong>9. Exerc\u00edcios domiciliares<\/strong><\/p>\n<p style=\"text-align: justify;\">Exerc\u00edcio Domiciliar \u00e9 a possibilidade de substitui\u00e7\u00e3o da frequ\u00eancia \u00e0s aulas por atividades orientadas fora do ambiente acad\u00eamico.<\/p>\n<p style=\"text-align: justify;\">\u00c9 permitido substituir a frequ\u00eancia \u00e0s aulas por exerc\u00edcios domiciliares, resguardada a qualidade do trabalho acad\u00eamico, nos seguintes casos previstos no Art. 115 do Regulamento de Gradua\u00e7\u00e3o.<\/p>\n<p>10. <strong>Abono de faltas<\/strong> : o\u00a0abono de faltas ser\u00e1 concedido, mediante comprova\u00e7\u00e3o, conforme legisla\u00e7\u00e3o vigente, nos seguintes casos:<br \/>\nI \u2013 ao discente matriculado em \u00d3rg\u00e3o de Forma\u00e7\u00e3o de Reserva (Servi\u00e7o Militar) que seja obrigado a faltar em suas atividades civis por for\u00e7a de exerc\u00edcios ou manobras, ou reservista convocado para apresenta\u00e7\u00f5es ou cerim\u00f4nias c\u00edvicas;<br \/>\nII \u2013 ao discente contemplado com a possibilidade de Exerc\u00edcios Domiciliares, nos termos da se\u00e7\u00e3o V, do Cap. I do Regulamento de Ensino de Gradua\u00e7\u00e3o;<br \/>\nIII \u2013 ao discente designado membro da CONAES \u2013 Comiss\u00e3o Nacional de Avalia\u00e7\u00e3o da Educa\u00e7\u00e3o Superior, que tenha participado de reuni\u00f5es em hor\u00e1rios coincidentes com os das atividades acad\u00eamicas;<br \/>\nIV \u2013 ao discente que integrar representa\u00e7\u00e3o desportiva nacional, conforme Lei 9.615 de 1998, Artigo 85;<br \/>\nV \u2013 ao discente representante em inst\u00e2ncias superiores institucionais da UFPel, mediante portaria.<br \/>\nPara solicitar o\u00a0discente dever\u00e1 entregar documento que comprove as situa\u00e7\u00f5es previstas para o abono de faltas no colegiado do curso.<\/p>\n<p>11. <strong>Jubilamento<\/strong>: \u00e9 o desligamento do discente por ter atingido o tempo m\u00e1ximo de perman\u00eancia no curso.<br \/>\nO prazo m\u00e1ximo de perman\u00eancia corresponder\u00e1 ao tempo de integraliza\u00e7\u00e3o previsto na matriz curricular de cada curso, constante no PPC, acrescido de dois ter\u00e7os (2\/3).<\/p>\n","protected":false},"excerpt":{"rendered":"<p>Matr\u00edcula em disciplinas:\u00a0 A partir do segundo semestre o aluno dever\u00e1 solicitar matr\u00edcula on-line a cada per\u00edodo letivo, escolhendo quais atividades curriculares pretende fazer. Vale lembrar que n\u00e3o \u00e9 permitida a matr\u00edcula com colis\u00e3o de hor\u00e1rios entre disciplinas e que os pr\u00e9-requisitos dever\u00e3o ser respeitados. Disciplinas de\u00a0 PRIMEIRO SEMESTRE n\u00e3o podem ser solicitadas on-line. O [&hellip;]<\/p>\n","protected":false},"author":479,"featured_media":0,"parent":16,"menu_order":2,"comment_status":"closed","ping_status":"closed","template":"","meta":{"footnotes":""},"class_list":["post-1154","page","type-page","status-publish","hentry"],"_links":{"self":[{"href":"https:\/\/wp.ufpel.edu.br\/engmateriais\/wp-json\/wp\/v2\/pages\/1154","targetHints":{"allow":["GET"]}}],"collection":[{"href":"https:\/\/wp.ufpel.edu.br\/engmateriais\/wp-json\/wp\/v2\/pages"}],"about":[{"href":"https:\/\/wp.ufpel.edu.br\/engmateriais\/wp-json\/wp\/v2\/types\/page"}],"author":[{"embeddable":true,"href":"https:\/\/wp.ufpel.edu.br\/engmateriais\/wp-json\/wp\/v2\/users\/479"}],"replies":[{"embeddable":true,"href":"https:\/\/wp.ufpel.edu.br\/engmateriais\/wp-json\/wp\/v2\/comments?post=1154"}],"version-history":[{"count":12,"href":"https:\/\/wp.ufpel.edu.br\/engmateriais\/wp-json\/wp\/v2\/pages\/1154\/revisions"}],"predecessor-version":[{"id":1184,"href":"https:\/\/wp.ufpel.edu.br\/engmateriais\/wp-json\/wp\/v2\/pages\/1154\/revisions\/1184"}],"up":[{"embeddable":true,"href":"https:\/\/wp.ufpel.edu.br\/engmateriais\/wp-json\/wp\/v2\/pages\/16"}],"wp:attachment":[{"href":"https:\/\/wp.ufpel.edu.br\/engmateriais\/wp-json\/wp\/v2\/media?parent=1154"}],"curies":[{"name":"wp","href":"https:\/\/api.w.org\/{rel}","templated":true}]}}