{"id":1152,"date":"2019-02-13T12:33:01","date_gmt":"2019-02-13T14:33:01","guid":{"rendered":"https:\/\/wp.ufpel.edu.br\/engmateriais\/?page_id=1152"},"modified":"2025-07-24T12:02:38","modified_gmt":"2025-07-24T15:02:38","slug":"alunos-ingressantes","status":"publish","type":"page","link":"https:\/\/wp.ufpel.edu.br\/engmateriais\/eventos\/alunos-ingressantes\/","title":{"rendered":"Alunos Ingressantes"},"content":{"rendered":"<p><strong>Para poss\u00edveis d\u00favidas que n\u00e3o estejam relacionadas abaixo, orientamos consultar<\/strong> <a href=\"https:\/\/wp.ufpel.edu.br\/cra\/informacoes-academicas\/\">https:\/\/wp.ufpel.edu.br\/cra\/informacoes-academicas\/<\/a><\/p>\n<p>&nbsp;<\/p>\n<p><strong><a href=\"https:\/\/wp.ufpel.edu.br\/engmateriais\/files\/2020\/03\/Manual-de-Ajuda-Bixos.pdf\">Manual de Ajuda Bixos<\/a><\/strong><\/p>\n<ol>\n<li style=\"text-align: justify;\"><strong>Matr\u00edcula em disciplinas<\/strong>: os alunos do primeiro semestre do curso s\u00e3o matriculados automaticamente em todas as disciplinas do primeiro semestre. A partir do segundo semestre o aluno dever\u00e1 solicitar matr\u00edcula on-line a cada per\u00edodo letivo, escolhendo quais atividades curriculares pretende fazer.<\/li>\n<li style=\"text-align: justify;\"><strong>Confirma\u00e7\u00e3o de matr\u00edcula:<\/strong> os alunos ingressantes dever\u00e3o realizar a confirma\u00e7\u00e3o de sua matr\u00edcula, realizando assinatura em ata na secretaria, no per\u00edodo estipulado no Calend\u00e1rio Acad\u00eamico, sob pena de desligamento do Curso.<\/li>\n<li style=\"text-align: justify;\"><strong>Sistema COBALTO:<\/strong> os alunos poder\u00e3o acessar o sistema COBALTO (https:\/\/cobalto.ufpel.edu.br), realizando um cadastro onde dever\u00e3o informar o n\u00famero do seu CPF. Atrav\u00e9s desse sistema \u00e9 poss\u00edvel verificar notas e frequ\u00eancia, imprimir atestados de matr\u00edcula e hist\u00f3rico, entre outras informa\u00e7\u00f5es.<\/li>\n<li style=\"text-align: justify;\">\n<p style=\"text-align: justify;\"><strong>Trancamento Geral de Matr\u00edcula<\/strong>: o trancamento geral de matr\u00edcula n\u00e3o ser\u00e1 permitido no per\u00edodo em que o\u00a0aluno houver ingressado no curso, independente da modalidade de ingresso ou para alunos em situa\u00e7\u00e3o de jubilamento. Alunos ingressantes somente poder\u00e3o realizar o TGM pelos motivos previstos no regulamento, descritos a seguir:<\/p>\n<\/li>\n<\/ol>\n<ul style=\"text-align: justify;\">\n<li>Por motivo de doen\u00e7a do pr\u00f3prio aluno ou familiar em 1\u00ba grau, mediante avalia\u00e7\u00e3o de junta m\u00e9dica oficial;<\/li>\n<li>Para o servi\u00e7o militar.<\/li>\n<\/ul>\n<p style=\"text-align: justify;\">5.\u00a0<strong>Trancamento de Disciplinas: <\/strong>o aluno poder\u00e1 solicitar trancamento de disciplina(s) durante o per\u00edodo previsto no Calend\u00e1rio Acad\u00eamico. A solicita\u00e7\u00e3o ser\u00e1 realizada pelo aluno diretamente no sistema COBALTO. O aluno dever\u00e1 ficar matriculado em no m\u00ednimo 8 cr\u00e9ditos. A possibilidade que o aluno tem de trancar disciplinas n\u00e3o obriga o Curso a ofertar o componente no semestre subsequente. A matr\u00edcula poder\u00e1 ser feita na disciplina somente se houver vaga.<\/p>\n<p style=\"text-align: justify;\">6.\u00a0<strong>Exerc\u00edcios domiciliares: <\/strong>exerc\u00edcio domiciliar \u00e9 a possibilidade de substitui\u00e7\u00e3o da frequ\u00eancia \u00e0s aulas por atividades orientadas fora do ambiente acad\u00eamico.<\/p>\n<p style=\"text-align: justify;\">\u00c9 permitido substituir a frequ\u00eancia \u00e0s aulas por exerc\u00edcios domiciliares, resguardada a qualidade do trabalho acad\u00eamico, nos seguintes casos previstos no Art. 115 do Regulamento de Gradua\u00e7\u00e3o.<\/p>\n","protected":false},"excerpt":{"rendered":"<p>Para poss\u00edveis d\u00favidas que n\u00e3o estejam relacionadas abaixo, orientamos consultar https:\/\/wp.ufpel.edu.br\/cra\/informacoes-academicas\/ &nbsp; Manual de Ajuda Bixos Matr\u00edcula em disciplinas: os alunos do primeiro semestre do curso s\u00e3o matriculados automaticamente em todas as disciplinas do primeiro semestre. A partir do segundo semestre o aluno dever\u00e1 solicitar matr\u00edcula on-line a cada per\u00edodo letivo, escolhendo quais atividades curriculares [&hellip;]<\/p>\n","protected":false},"author":479,"featured_media":0,"parent":16,"menu_order":1,"comment_status":"closed","ping_status":"closed","template":"","meta":{"footnotes":""},"class_list":["post-1152","page","type-page","status-publish","hentry"],"_links":{"self":[{"href":"https:\/\/wp.ufpel.edu.br\/engmateriais\/wp-json\/wp\/v2\/pages\/1152","targetHints":{"allow":["GET"]}}],"collection":[{"href":"https:\/\/wp.ufpel.edu.br\/engmateriais\/wp-json\/wp\/v2\/pages"}],"about":[{"href":"https:\/\/wp.ufpel.edu.br\/engmateriais\/wp-json\/wp\/v2\/types\/page"}],"author":[{"embeddable":true,"href":"https:\/\/wp.ufpel.edu.br\/engmateriais\/wp-json\/wp\/v2\/users\/479"}],"replies":[{"embeddable":true,"href":"https:\/\/wp.ufpel.edu.br\/engmateriais\/wp-json\/wp\/v2\/comments?post=1152"}],"version-history":[{"count":15,"href":"https:\/\/wp.ufpel.edu.br\/engmateriais\/wp-json\/wp\/v2\/pages\/1152\/revisions"}],"predecessor-version":[{"id":2565,"href":"https:\/\/wp.ufpel.edu.br\/engmateriais\/wp-json\/wp\/v2\/pages\/1152\/revisions\/2565"}],"up":[{"embeddable":true,"href":"https:\/\/wp.ufpel.edu.br\/engmateriais\/wp-json\/wp\/v2\/pages\/16"}],"wp:attachment":[{"href":"https:\/\/wp.ufpel.edu.br\/engmateriais\/wp-json\/wp\/v2\/media?parent=1152"}],"curies":[{"name":"wp","href":"https:\/\/api.w.org\/{rel}","templated":true}]}}