{"id":1007,"date":"2018-08-01T10:18:51","date_gmt":"2018-08-01T13:18:51","guid":{"rendered":"https:\/\/wp.ufpel.edu.br\/engmateriais\/?page_id=1007"},"modified":"2019-07-01T08:56:14","modified_gmt":"2019-07-01T11:56:14","slug":"quebra-de-pre-requisito","status":"publish","type":"page","link":"https:\/\/wp.ufpel.edu.br\/engmateriais\/formularios-2\/quebra-de-pre-requisito\/","title":{"rendered":"Quebra de pr\u00e9-requisito"},"content":{"rendered":"<p><a href=\"https:\/\/wp.ufpel.edu.br\/engmateriais\/files\/2019\/07\/Solicita\u00e7\u00e3o-de-Quebra-de-Pr\u00e9-requisito.pdf\">Solicita\u00e7\u00e3o de Quebra de Pr\u00e9-requisito<\/a><\/p>\n<p><a href=\"https:\/\/wp.ufpel.edu.br\/engmateriais\/files\/2019\/07\/Recurso-Quebra-de-pr\u00e9-requisito.pdf\">Recurso &#8211; Quebra de pr\u00e9-requisito<\/a><\/p>\n","protected":false},"excerpt":{"rendered":"<p>Solicita\u00e7\u00e3o de Quebra de Pr\u00e9-requisito Recurso &#8211; Quebra de pr\u00e9-requisito<\/p>\n","protected":false},"author":479,"featured_media":0,"parent":97,"menu_order":0,"comment_status":"closed","ping_status":"closed","template":"","meta":{"footnotes":""},"class_list":["post-1007","page","type-page","status-publish","hentry"],"_links":{"self":[{"href":"https:\/\/wp.ufpel.edu.br\/engmateriais\/wp-json\/wp\/v2\/pages\/1007","targetHints":{"allow":["GET"]}}],"collection":[{"href":"https:\/\/wp.ufpel.edu.br\/engmateriais\/wp-json\/wp\/v2\/pages"}],"about":[{"href":"https:\/\/wp.ufpel.edu.br\/engmateriais\/wp-json\/wp\/v2\/types\/page"}],"author":[{"embeddable":true,"href":"https:\/\/wp.ufpel.edu.br\/engmateriais\/wp-json\/wp\/v2\/users\/479"}],"replies":[{"embeddable":true,"href":"https:\/\/wp.ufpel.edu.br\/engmateriais\/wp-json\/wp\/v2\/comments?post=1007"}],"version-history":[{"count":3,"href":"https:\/\/wp.ufpel.edu.br\/engmateriais\/wp-json\/wp\/v2\/pages\/1007\/revisions"}],"predecessor-version":[{"id":1420,"href":"https:\/\/wp.ufpel.edu.br\/engmateriais\/wp-json\/wp\/v2\/pages\/1007\/revisions\/1420"}],"up":[{"embeddable":true,"href":"https:\/\/wp.ufpel.edu.br\/engmateriais\/wp-json\/wp\/v2\/pages\/97"}],"wp:attachment":[{"href":"https:\/\/wp.ufpel.edu.br\/engmateriais\/wp-json\/wp\/v2\/media?parent=1007"}],"curies":[{"name":"wp","href":"https:\/\/api.w.org\/{rel}","templated":true}]}}