{"id":879,"date":"2017-01-17T11:57:57","date_gmt":"2017-01-17T13:57:57","guid":{"rendered":"https:\/\/wp.ufpel.edu.br\/enghidrica\/?page_id=879"},"modified":"2026-04-15T09:03:40","modified_gmt":"2026-04-15T12:03:40","slug":"links","status":"publish","type":"page","link":"https:\/\/wp.ufpel.edu.br\/enghidrica\/links\/","title":{"rendered":"Links"},"content":{"rendered":"<p><a href=\"https:\/\/wp.ufpel.edu.br\/cra\/\">Coordena\u00e7\u00e3o de Registros Acad\u00eamicos<\/a><\/p>\n<p><a href=\"https:\/\/wp.ufpel.edu.br\/ppgrecursoshidricos\/\">Programa de P\u00f3s-Gradua\u00e7\u00e3o em Recursos H\u00eddricos<\/a><\/p>\n<p><a href=\"https:\/\/wp.ufpel.edu.br\/pethidrica\/\">PET Engenharia H\u00eddrica<\/a><\/p>\n<p><a href=\"https:\/\/wp.ufpel.edu.br\/daeh\/\">Diret\u00f3rio Acad\u00eamico da Engenharia H\u00eddrica<\/a><\/p>\n<p>&nbsp;<\/p>\n<p>&nbsp;<\/p>\n","protected":false},"excerpt":{"rendered":"<p>Coordena\u00e7\u00e3o de Registros Acad\u00eamicos Programa de P\u00f3s-Gradua\u00e7\u00e3o em Recursos H\u00eddricos PET Engenharia H\u00eddrica Diret\u00f3rio Acad\u00eamico da Engenharia H\u00eddrica &nbsp; &nbsp;<\/p>\n","protected":false},"author":598,"featured_media":0,"parent":0,"menu_order":0,"comment_status":"closed","ping_status":"closed","template":"","meta":{"jetpack_post_was_ever_published":false,"footnotes":""},"class_list":["post-879","page","type-page","status-publish","hentry"],"jetpack_sharing_enabled":true,"jetpack_shortlink":"https:\/\/wp.me\/P8gexX-eb","jetpack-related-posts":[],"publishpress_future_action":{"enabled":false,"date":"2026-04-24 09:00:52","action":"change-status","newStatus":"draft","terms":[],"taxonomy":"","extraData":[]},"publishpress_future_workflow_manual_trigger":{"enabledWorkflows":[]},"_links":{"self":[{"href":"https:\/\/wp.ufpel.edu.br\/enghidrica\/wp-json\/wp\/v2\/pages\/879","targetHints":{"allow":["GET"]}}],"collection":[{"href":"https:\/\/wp.ufpel.edu.br\/enghidrica\/wp-json\/wp\/v2\/pages"}],"about":[{"href":"https:\/\/wp.ufpel.edu.br\/enghidrica\/wp-json\/wp\/v2\/types\/page"}],"author":[{"embeddable":true,"href":"https:\/\/wp.ufpel.edu.br\/enghidrica\/wp-json\/wp\/v2\/users\/598"}],"replies":[{"embeddable":true,"href":"https:\/\/wp.ufpel.edu.br\/enghidrica\/wp-json\/wp\/v2\/comments?post=879"}],"version-history":[{"count":2,"href":"https:\/\/wp.ufpel.edu.br\/enghidrica\/wp-json\/wp\/v2\/pages\/879\/revisions"}],"predecessor-version":[{"id":3083,"href":"https:\/\/wp.ufpel.edu.br\/enghidrica\/wp-json\/wp\/v2\/pages\/879\/revisions\/3083"}],"wp:attachment":[{"href":"https:\/\/wp.ufpel.edu.br\/enghidrica\/wp-json\/wp\/v2\/media?parent=879"}],"curies":[{"name":"wp","href":"https:\/\/api.w.org\/{rel}","templated":true}]}}