{"id":860,"date":"2017-01-06T09:45:08","date_gmt":"2017-01-06T11:45:08","guid":{"rendered":"https:\/\/wp.ufpel.edu.br\/enghidrica\/?page_id=860"},"modified":"2017-01-06T09:45:08","modified_gmt":"2017-01-06T11:45:08","slug":"laboratorio-de-solos-e-hidrossedimentologia","status":"publish","type":"page","link":"https:\/\/wp.ufpel.edu.br\/enghidrica\/o-curso\/laboratorios\/laboratorio-de-solos-e-hidrossedimentologia\/","title":{"rendered":"Laborat\u00f3rio de Solos e Hidrossedimentologia"},"content":{"rendered":"<p><img loading=\"lazy\" decoding=\"async\" class=\"aligncenter\" src=\"http:\/\/hidrica.ufpel.edu.br\/content\/laboratorios\/img\/51d717e07657ef8d78fafaab20625db6\" width=\"399\" height=\"299\" \/><\/p>\n<h4>\u2013 An\u00e1lises f\u00edsicas e h\u00eddricas de solo.<\/h4>\n<h4>\u2013 An\u00e1lises f\u00edsicas e h\u00eddricas de sedimentos.<\/h4>\n<h4>\u2013 Caracteriza\u00e7\u00e3o de solos e sedimentos.<\/h4>\n","protected":false},"excerpt":{"rendered":"<p>\u2013 An\u00e1lises f\u00edsicas e h\u00eddricas de solo. \u2013 An\u00e1lises f\u00edsicas e h\u00eddricas de sedimentos. \u2013 Caracteriza\u00e7\u00e3o de solos e sedimentos.<\/p>\n","protected":false},"author":598,"featured_media":0,"parent":26,"menu_order":0,"comment_status":"closed","ping_status":"closed","template":"","meta":{"jetpack_post_was_ever_published":false,"footnotes":""},"class_list":["post-860","page","type-page","status-publish","hentry"],"jetpack_sharing_enabled":true,"jetpack_shortlink":"https:\/\/wp.me\/P8gexX-dS","jetpack-related-posts":[],"publishpress_future_action":{"enabled":false,"date":"2026-05-14 20:16:20","action":"change-status","newStatus":"draft","terms":[],"taxonomy":"","extraData":[]},"publishpress_future_workflow_manual_trigger":{"enabledWorkflows":[]},"_links":{"self":[{"href":"https:\/\/wp.ufpel.edu.br\/enghidrica\/wp-json\/wp\/v2\/pages\/860","targetHints":{"allow":["GET"]}}],"collection":[{"href":"https:\/\/wp.ufpel.edu.br\/enghidrica\/wp-json\/wp\/v2\/pages"}],"about":[{"href":"https:\/\/wp.ufpel.edu.br\/enghidrica\/wp-json\/wp\/v2\/types\/page"}],"author":[{"embeddable":true,"href":"https:\/\/wp.ufpel.edu.br\/enghidrica\/wp-json\/wp\/v2\/users\/598"}],"replies":[{"embeddable":true,"href":"https:\/\/wp.ufpel.edu.br\/enghidrica\/wp-json\/wp\/v2\/comments?post=860"}],"version-history":[{"count":1,"href":"https:\/\/wp.ufpel.edu.br\/enghidrica\/wp-json\/wp\/v2\/pages\/860\/revisions"}],"predecessor-version":[{"id":862,"href":"https:\/\/wp.ufpel.edu.br\/enghidrica\/wp-json\/wp\/v2\/pages\/860\/revisions\/862"}],"up":[{"embeddable":true,"href":"https:\/\/wp.ufpel.edu.br\/enghidrica\/wp-json\/wp\/v2\/pages\/26"}],"wp:attachment":[{"href":"https:\/\/wp.ufpel.edu.br\/enghidrica\/wp-json\/wp\/v2\/media?parent=860"}],"curies":[{"name":"wp","href":"https:\/\/api.w.org\/{rel}","templated":true}]}}