{"id":857,"date":"2017-01-06T09:26:40","date_gmt":"2017-01-06T11:26:40","guid":{"rendered":"https:\/\/wp.ufpel.edu.br\/enghidrica\/?page_id=857"},"modified":"2017-01-06T09:26:40","modified_gmt":"2017-01-06T11:26:40","slug":"laboratorio-de-metais-e-compostos-organicos","status":"publish","type":"page","link":"https:\/\/wp.ufpel.edu.br\/enghidrica\/o-curso\/laboratorios\/laboratorio-de-metais-e-compostos-organicos\/","title":{"rendered":"Laborat\u00f3rio de Metais e Compostos Org\u00e2nicos"},"content":{"rendered":"<p><img loading=\"lazy\" decoding=\"async\" class=\"aligncenter\" src=\"http:\/\/hidrica.ufpel.edu.br\/content\/laboratorios\/img\/6e8bc73972cd95f6495a0c631099d54a\" width=\"369\" height=\"299\" \/><\/p>\n<h4>\u2013 Desenvolvimento de metodologias anal\u00edticas para determina\u00e7\u00e3o de metais em amostras de sedimentos, organismos e \u00e1guas superficiais e subterr\u00e2neas.<\/h4>\n<h4>\u2013 Estabelecimento de t\u00e9cnicas de preparo de amostras para diferentes metodologias anal\u00edticas para determina\u00e7\u00e3o de metais e compostos org\u00e2nicos.<\/h4>\n<h4>\u2013 Aprimoramento de t\u00e9cnicas, otimiza\u00e7\u00e3o, desenvolvimento e valida\u00e7\u00e3o de metodologias anal\u00edticas.<\/h4>\n<h4>\u2013 Determina\u00e7\u00e3o dos teores de metais e compostos org\u00e2nicos em diferentes matrizes ambientais como forma a avaliar e remediar impactos ambientais.<\/h4>\n","protected":false},"excerpt":{"rendered":"<p>\u2013 Desenvolvimento de metodologias anal\u00edticas para determina\u00e7\u00e3o de metais em amostras de sedimentos, organismos e \u00e1guas superficiais e subterr\u00e2neas. \u2013 Estabelecimento de t\u00e9cnicas de preparo de amostras para diferentes metodologias anal\u00edticas para determina\u00e7\u00e3o de metais e compostos org\u00e2nicos. \u2013 Aprimoramento de t\u00e9cnicas, otimiza\u00e7\u00e3o, desenvolvimento e valida\u00e7\u00e3o de metodologias anal\u00edticas. \u2013 Determina\u00e7\u00e3o dos teores de metais [&hellip;]<\/p>\n","protected":false},"author":598,"featured_media":0,"parent":26,"menu_order":0,"comment_status":"closed","ping_status":"closed","template":"","meta":{"jetpack_post_was_ever_published":false,"footnotes":""},"class_list":["post-857","page","type-page","status-publish","hentry"],"jetpack_sharing_enabled":true,"jetpack_shortlink":"https:\/\/wp.me\/P8gexX-dP","jetpack-related-posts":[],"publishpress_future_action":{"enabled":false,"date":"2026-05-15 16:48:13","action":"change-status","newStatus":"draft","terms":[],"taxonomy":"","extraData":[]},"publishpress_future_workflow_manual_trigger":{"enabledWorkflows":[]},"_links":{"self":[{"href":"https:\/\/wp.ufpel.edu.br\/enghidrica\/wp-json\/wp\/v2\/pages\/857","targetHints":{"allow":["GET"]}}],"collection":[{"href":"https:\/\/wp.ufpel.edu.br\/enghidrica\/wp-json\/wp\/v2\/pages"}],"about":[{"href":"https:\/\/wp.ufpel.edu.br\/enghidrica\/wp-json\/wp\/v2\/types\/page"}],"author":[{"embeddable":true,"href":"https:\/\/wp.ufpel.edu.br\/enghidrica\/wp-json\/wp\/v2\/users\/598"}],"replies":[{"embeddable":true,"href":"https:\/\/wp.ufpel.edu.br\/enghidrica\/wp-json\/wp\/v2\/comments?post=857"}],"version-history":[{"count":1,"href":"https:\/\/wp.ufpel.edu.br\/enghidrica\/wp-json\/wp\/v2\/pages\/857\/revisions"}],"predecessor-version":[{"id":859,"href":"https:\/\/wp.ufpel.edu.br\/enghidrica\/wp-json\/wp\/v2\/pages\/857\/revisions\/859"}],"up":[{"embeddable":true,"href":"https:\/\/wp.ufpel.edu.br\/enghidrica\/wp-json\/wp\/v2\/pages\/26"}],"wp:attachment":[{"href":"https:\/\/wp.ufpel.edu.br\/enghidrica\/wp-json\/wp\/v2\/media?parent=857"}],"curies":[{"name":"wp","href":"https:\/\/api.w.org\/{rel}","templated":true}]}}