{"id":782,"date":"2017-01-04T11:15:17","date_gmt":"2017-01-04T13:15:17","guid":{"rendered":"https:\/\/wp.ufpel.edu.br\/enghidrica\/?page_id=782"},"modified":"2023-11-12T16:54:58","modified_gmt":"2023-11-12T19:54:58","slug":"area-de-atuacao","status":"publish","type":"page","link":"https:\/\/wp.ufpel.edu.br\/enghidrica\/o-curso\/area-de-atuacao\/","title":{"rendered":"\u00c1reas de Atua\u00e7\u00e3o"},"content":{"rendered":"<p style=\"text-align: justify;\">O Bacharel em Engenharia H\u00eddrica ou Engenheiro H\u00eddrico dever\u00e1 ser capaz de atuar no uso, monitoramento, diagn\u00f3stico e gest\u00e3o do recurso \u00e1gua, incluindo seus aspectos t\u00e9cnicos, sociais e ambientais.<\/p>\n<p style=\"text-align: justify;\">Projeta, implanta, opera, e fiscaliza circuitos e sistemas hidr\u00e1ulicos urbanos (residenciais, comerciais e industriais), rurais, de energia, transporte e lazer; projeta, implanta, opera e fiscaliza sistemas h\u00eddricos naturais como as bacias hidrogr\u00e1ficas, os aqu\u00edferos, e os sistemas costeiros ou artificiais como reservat\u00f3rios, portos e vias de navega\u00e7\u00e3o; projeta, planeja, opera e gerencia atividades de suporte \u00e0 gest\u00e3o e ao planejamento integrado de recursos h\u00eddricos, tais como, planos de gerenciamento de bacias hidrogr\u00e1ficas, valora\u00e7\u00e3o econ\u00f4mica da \u00e1gua e estrat\u00e9gias e organiza\u00e7\u00e3o dos usos e manejo da \u00e1gua pelos setores produtivos e sociedade. Coordena e supervisiona equipes de trabalho, realiza pesquisa cient\u00edfica e tecnol\u00f3gica e estudos de viabilidade t\u00e9cnico-econ\u00f4mica; executa e fiscaliza obras e servi\u00e7os t\u00e9cnicos; efetua vistorias, per\u00edcias e avalia\u00e7\u00f5es, emitindo pareceres e laudos.<\/p>\n<p style=\"text-align: justify;\">De acordo com o Art. 2\u00ba da RESOLU\u00c7\u00c3O No 492, de 30 de junho de 2006, compete ao Engenheiro H\u00eddrico o desempenho das atividades 1 \u00e0 18 do Art. 1\u00ba da RESOLU\u00c7\u00c3O No 218, de 29 de junho de 1973, referentes ao uso e gest\u00e3o de recursos h\u00eddricos, sistemas hidrol\u00f3gicos, sistemas de informa\u00e7\u00f5es hidrol\u00f3gicas e circuitos h\u00eddricos, incluindo seus aspectos t\u00e9cnicos, sociais e ambientais.<\/p>\n<p style=\"text-align: justify;\">Nesse sentido, al\u00e9m das componentes que definem o perfil e compet\u00eancias espec\u00edficas do Engenheiro H\u00eddrico, cabe salientar que o projeto pedag\u00f3gico possui outras componentes curriculares que, do ponto de vista t\u00e9cnico, did\u00e1tico e pedag\u00f3gico, podem permitir ao Engenheiro H\u00eddrico ter outras compet\u00eancias, sujeito \u00e0 avalia\u00e7\u00e3o do Conselho Regional de Engenharia e Agronomia do Rio Grande do Sul (CREA-RS), que \u00e9 o \u00f3rg\u00e3o respons\u00e1vel em estabelecer as compet\u00eancias do profissional.<\/p>\n<p style=\"text-align: justify;\">As \u00e1reas (n\u00facleos tem\u00e1ticos) e \u00e1reas espec\u00edficas que fornecem estas compet\u00eancias, habilidades e perfil est\u00e3o abaixo discriminadas.<\/p>\n<p style=\"text-align: justify;\"><strong>Sistemas H\u00eddricos<\/strong><br \/>\nA vis\u00e3o em Sistemas H\u00eddricos deve ser t\u00e9cnica, deixando para a Gest\u00e3o de Sistemas H\u00eddricos um enfoque mais hol\u00edstico, envolvendo as ci\u00eancias humanas. Classificam-se os sistemas de recursos h\u00eddricos como naturais (SHN) e artificiais (SHA). Basicamente, t\u00eam-se como SHN as bacias hidrogr\u00e1ficas, os aqu\u00edferos, a costa e as plataformas mar\u00edtimas. As bacias hidrogr\u00e1ficas s\u00e3o os SHN de maior interesse para o curso, sendo seguido pelos aqu\u00edferos, em uma vis\u00e3o de largo prazo. Para os SHA t\u00eam-se os a\u00e7udes, os reservat\u00f3rios, os sistemas de tubula\u00e7\u00f5es, adu\u00e7\u00e3o e outras estruturas artificiais com o intuito de condu\u00e7\u00e3o e armazenamento de \u00e1gua.<br \/>\nA atua\u00e7\u00e3o do Engenheiro H\u00eddrico na bacia hidrogr\u00e1fica, sob o ponto de vista t\u00e9cnico, deve se concentrar nas quest\u00f5es de quantidade e qualidade da \u00e1gua, invent\u00e1rio, diagn\u00f3stico, caracteriza\u00e7\u00e3o das ofertas e da demanda (usu\u00e1rios, localiza\u00e7\u00e3o, padr\u00e3o de uso e etc.), interven\u00e7\u00f5es necess\u00e1rias (como obras, reflorestamentos, normaliza\u00e7\u00e3o de uso de solo e \u00e1gua) e intera\u00e7\u00e3o com outros sistemas h\u00eddricos naturais ou artificiais que promovam o adequado manejo da bacia hidrogr\u00e1fica.<br \/>\nDentro desta \u00e1rea est\u00e3o inclu\u00eddas as \u00e1reas espec\u00edficas: estruturas hidr\u00e1ulicas, hidrossedimentologia, hidrologia, hidrogeologia, prospec\u00e7\u00e3o e explora\u00e7\u00e3o de \u00e1guas subterr\u00e2neas, sistema de abastecimento e tratamento de \u00e1gua, sistema de coleta e tratamento de efluentes, irriga\u00e7\u00e3o, manejo de \u00e1guas pluviais e drenagem urbana, hidrovias, hidr\u00e1ulica fluvial e mar\u00edtima com seus sistemas associados, opera\u00e7\u00e3o de reservat\u00f3rios.<\/p>\n<p><strong>Hidromec\u00e2nica<\/strong><br \/>\nA defini\u00e7\u00e3o dos esfor\u00e7os hidrodin\u00e2micos e o c\u00e1lculo das estruturas isost\u00e1ticas ou hiperest\u00e1ticas para suport\u00e1-los, bem como os efeitos transit\u00f3rios e oscilat\u00f3rios, t\u00edpicos dos sistemas hidr\u00e1ulicos, comp\u00f5em este grupo de conhecimento.<br \/>\nA hidromec\u00e2nica \u00e9 essencial ao dimensionamento dos outros SHA. Entretanto, o dimensionamento, especifica\u00e7\u00e3o, instala\u00e7\u00e3o, opera\u00e7\u00e3o e manuten\u00e7\u00e3o desses sistemas, de forma singular, \u00e9 um nicho de mercado bastante significativo, seja do lado do propositor, empresas de consultoria, projetista, assim como do lado do fabricante ou do comprador.<br \/>\nDentro desta \u00e1rea est\u00e3o inclu\u00eddas as \u00e1reas espec\u00edficas: estudos, planos, projetos, instala\u00e7\u00e3o, opera\u00e7\u00e3o, manuten\u00e7\u00e3o e fiscaliza\u00e7\u00e3o de circuitos de sistemas hidr\u00e1ulicos urbanos, rurais, de energia, de transporte, de saneamento e de lazer.<\/p>\n<p style=\"text-align: justify;\"><strong>Sistemas de Informa\u00e7\u00f5es H\u00eddricas<\/strong><br \/>\nDiferente dos dois n\u00facleos tem\u00e1ticos precedentes, predominantemente ligados \u00e0 Engenharia, os Sistemas de Informa\u00e7\u00f5es H\u00eddricas t\u00eam uma forte intera\u00e7\u00e3o com a Geoci\u00eancias e outras \u00e1reas. N\u00e3o basta medir, processar e transmitir o dado. \u00c9 necess\u00e1rio disponibiliz\u00e1-lo de forma ordenada e coordenada com outras informa\u00e7\u00f5es, para que se possa ter uma vis\u00e3o abrangente daquele dado. Logo, \u00e9 necess\u00e1rio referenci\u00e1-lo temporal e espacialmente. Portanto, os Sistemas de Informa\u00e7\u00f5es Geogr\u00e1ficas (SIGs) s\u00e3o as ferramentas ideais para tal intento, possibilitando<br \/>\nmanusear e armazenar grandes bancos de dados espaciais e, tamb\u00e9m, fazer consultas levando em considera\u00e7\u00e3o o espa\u00e7o.<br \/>\nDe outra parte, a evolu\u00e7\u00e3o da eletr\u00f4nica e da telecomunica\u00e7\u00e3o exige do Engenheiro H\u00eddrico uma forma\u00e7\u00e3o capaz de absorver os desenvolvimentos dessas \u00e1reas, enquanto Engenheiro de aplica\u00e7\u00e3o. \u00c9 o caso da telemetria, de medidores Doppler para grandes vaz\u00f5es, dentre outros.<br \/>\nOs sistemas de informa\u00e7\u00f5es h\u00eddricos t\u00eam relev\u00e2ncia no planejamento, dimensionamento, opera\u00e7\u00e3o, manuten\u00e7\u00e3o e fiscaliza\u00e7\u00e3o dos sistemas h\u00eddricos naturais ou artificiais.<br \/>\nDentro desta \u00e1rea est\u00e3o inclu\u00eddas as \u00e1reas espec\u00edficas: hidrometria, topobatimetria, sistemas de informa\u00e7\u00f5es geogr\u00e1ficas, geoprocessamento, sensoriamento remoto, coleta de dados geogr\u00e1ficos, instrumenta\u00e7\u00e3o, hidrometeorologia, monitoramento ambiental: meteorol\u00f3gico, oceanogr\u00e1fico, hidrol\u00f3gico e de qualidade da \u00e1gua.<\/p>\n<p><strong>Gest\u00e3o de Sistemas H\u00eddricos<\/strong><br \/>\nA Gest\u00e3o de Sistemas H\u00eddricos envolve a pol\u00edtica, o planejamento e a regula\u00e7\u00e3o desses sistemas, n\u00e3o importando se naturais ou artificiais, visando atender os interesses da sociedade, resguardando princ\u00edpios lapidares, como os contidos na Constitui\u00e7\u00e3o Federal.<br \/>\nA pol\u00edtica h\u00eddrica tem uma forte conota\u00e7\u00e3o regional, sendo necess\u00e1ria a devida compreens\u00e3o das caracter\u00edsticas sociais, ambientais e econ\u00f4micas locais. \u00c9 neste ponto que a t\u00e9cnica se envolve com as Ci\u00eancias Humanas, para formatar um Engenheiro capaz de produzir propostas pol\u00edticas com verdadeira aceita\u00e7\u00e3o pela popula\u00e7\u00e3o, o que atenua as instabilidades naturais, face \u00e0s mudan\u00e7as de governos.<br \/>\nNecessita-se, pois, de bom conhecimento de Administra\u00e7\u00e3o, Geopol\u00edtica, Economia e Sociologia. Com base nas defini\u00e7\u00f5es pol\u00edticas, e incorporando as alternativas t\u00e9cnicas, permite-se realizar os planejamentos dos sistemas h\u00eddricos, que podem ser um plano de bacia (realizado pelo comit\u00ea) ou o plano de expans\u00e3o de uma empresa de saneamento.<br \/>\nA regula\u00e7\u00e3o, de forma gen\u00e9rica, teve seu papel redesenhado e fortalecido nos anos 90, principalmente face \u00e0 separa\u00e7\u00e3o dos pap\u00e9is de Estado e Governo e a participa\u00e7\u00e3o do capital privado em infraestrutura. O papel regulador \u00e9 t\u00edpico de Estados, tendo em si tamb\u00e9m a fun\u00e7\u00e3o de fiscaliza\u00e7\u00e3o, e deve ser mais est\u00e1vel e indiferente \u00e0s varia\u00e7\u00f5es pol\u00edticas de curto prazo. A regula\u00e7\u00e3o dos sistemas h\u00eddricos, sob este novo enfoque, \u00e9 absolutamente in\u00e9dita. Muito se tem a fazer na parte t\u00e9cnica e econ\u00f4mica com a fixa\u00e7\u00e3o de par\u00e2metros de qualidade e pre\u00e7os, al\u00e9m da busca da universaliza\u00e7\u00e3o dos servi\u00e7os. Desta forma \u00e9 importante que se fa\u00e7a, no pa\u00eds e ao redor do mundo, a gest\u00e3o e planejamento dos sistemas h\u00eddricos de forma integrada e eficiente por bacia hidrogr\u00e1fica.<\/p>\n<p style=\"text-align: justify;\">Dentro desta grande \u00e1rea est\u00e3o inclu\u00eddas as \u00e1reas espec\u00edficas: planejamento e regula\u00e7\u00e3o de recursos h\u00eddricos, balan\u00e7o h\u00eddrico, valora\u00e7\u00e3o das \u00e1guas e dos recursos naturais, opera\u00e7\u00e3o de reservat\u00f3rios, gerenciamento de bacias hidrogr\u00e1ficas, gest\u00e3o integrada de recursos h\u00eddricos e zona costeira, monitoramento de qualidade de \u00e1gua e do meio ambiente, controle de contamina\u00e7\u00e3o de rios, lagos, reservat\u00f3rios e dos oceanos.<\/p>\n","protected":false},"excerpt":{"rendered":"<p>O Bacharel em Engenharia H\u00eddrica ou Engenheiro H\u00eddrico dever\u00e1 ser capaz de atuar no uso, monitoramento, diagn\u00f3stico e gest\u00e3o do recurso \u00e1gua, incluindo seus aspectos t\u00e9cnicos, sociais e ambientais. Projeta, implanta, opera, e fiscaliza circuitos e sistemas hidr\u00e1ulicos urbanos (residenciais, comerciais e industriais), rurais, de energia, transporte e lazer; projeta, implanta, opera e fiscaliza sistemas [&hellip;]<\/p>\n","protected":false},"author":598,"featured_media":0,"parent":2450,"menu_order":0,"comment_status":"closed","ping_status":"closed","template":"","meta":{"jetpack_post_was_ever_published":false,"footnotes":""},"class_list":["post-782","page","type-page","status-publish","hentry"],"jetpack_sharing_enabled":true,"jetpack_shortlink":"https:\/\/wp.me\/P8gexX-cC","jetpack-related-posts":[],"publishpress_future_action":{"enabled":false,"date":"2026-04-18 15:53:03","action":"change-status","newStatus":"draft","terms":[],"taxonomy":"","extraData":[]},"publishpress_future_workflow_manual_trigger":{"enabledWorkflows":[]},"_links":{"self":[{"href":"https:\/\/wp.ufpel.edu.br\/enghidrica\/wp-json\/wp\/v2\/pages\/782","targetHints":{"allow":["GET"]}}],"collection":[{"href":"https:\/\/wp.ufpel.edu.br\/enghidrica\/wp-json\/wp\/v2\/pages"}],"about":[{"href":"https:\/\/wp.ufpel.edu.br\/enghidrica\/wp-json\/wp\/v2\/types\/page"}],"author":[{"embeddable":true,"href":"https:\/\/wp.ufpel.edu.br\/enghidrica\/wp-json\/wp\/v2\/users\/598"}],"replies":[{"embeddable":true,"href":"https:\/\/wp.ufpel.edu.br\/enghidrica\/wp-json\/wp\/v2\/comments?post=782"}],"version-history":[{"count":4,"href":"https:\/\/wp.ufpel.edu.br\/enghidrica\/wp-json\/wp\/v2\/pages\/782\/revisions"}],"predecessor-version":[{"id":2483,"href":"https:\/\/wp.ufpel.edu.br\/enghidrica\/wp-json\/wp\/v2\/pages\/782\/revisions\/2483"}],"up":[{"embeddable":true,"href":"https:\/\/wp.ufpel.edu.br\/enghidrica\/wp-json\/wp\/v2\/pages\/2450"}],"wp:attachment":[{"href":"https:\/\/wp.ufpel.edu.br\/enghidrica\/wp-json\/wp\/v2\/media?parent=782"}],"curies":[{"name":"wp","href":"https:\/\/api.w.org\/{rel}","templated":true}]}}