{"id":779,"date":"2017-01-04T10:51:49","date_gmt":"2017-01-04T12:51:49","guid":{"rendered":"https:\/\/wp.ufpel.edu.br\/enghidrica\/?page_id=779"},"modified":"2023-11-12T16:56:02","modified_gmt":"2023-11-12T19:56:02","slug":"justificativa","status":"publish","type":"page","link":"https:\/\/wp.ufpel.edu.br\/enghidrica\/o-curso\/justificativa\/","title":{"rendered":"Justificativa do curso"},"content":{"rendered":"<p style=\"text-align: justify;\">A necessidade de recursos humanos com capacita\u00e7\u00e3o espec\u00edfica atuando na investiga\u00e7\u00e3o das potencialidades de uso, manejo e gest\u00e3o da \u00e1gua n\u00e3o \u00e9 recente na esfera mundial, tampouco no Brasil. A inexist\u00eancia de cursos de gradua\u00e7\u00e3o para capacita\u00e7\u00e3o e qualifica\u00e7\u00e3o de Engenheiros na \u00e1rea de recursos h\u00eddricos, no Sul do Brasil, para suprir as necessidades prementes \u00e0 investiga\u00e7\u00e3o, projeto, execu\u00e7\u00e3o, monitoramento e gest\u00e3o das distintas fases que envolvem o ciclo da \u00e1gua na natureza e suas rela\u00e7\u00f5es com o ambiente, remete \u00e0s institui\u00e7\u00f5es de ensino superior a importante tarefa de organizar e promover, com a qualidade requerida, a capacita\u00e7\u00e3o e forma\u00e7\u00e3o de profissionais nessa espec\u00edfica \u00e1rea do conhecimento.<br \/>\nO curso de Engenharia H\u00eddrica da UFPel apresenta um PPC atual, moderno e que converge aos anseios da sociedade. Esta requer um profissional com s\u00f3lida forma\u00e7\u00e3o t\u00e9cnica, ampla capacidade de perceber os movimentos sociais e a necess\u00e1ria responsabilidade ambiental, atendendo \u00e0s especificidades que o recurso \u00e1gua tem para com o desenvolvimento pol\u00edtico, econ\u00f4mico e social sustent\u00e1veis. Tal forma\u00e7\u00e3o se faz necess\u00e1ria em virtude da \u00e1gua ser um recurso capaz de gerar conflitos que devem ser gerenciados com essas bases conceituais, as quais est\u00e3o estabelecidas no desenho curricular do Engenheiro H\u00eddrico.<\/p>\n","protected":false},"excerpt":{"rendered":"<p>A necessidade de recursos humanos com capacita\u00e7\u00e3o espec\u00edfica atuando na investiga\u00e7\u00e3o das potencialidades de uso, manejo e gest\u00e3o da \u00e1gua n\u00e3o \u00e9 recente na esfera mundial, tampouco no Brasil. A inexist\u00eancia de cursos de gradua\u00e7\u00e3o para capacita\u00e7\u00e3o e qualifica\u00e7\u00e3o de Engenheiros na \u00e1rea de recursos h\u00eddricos, no Sul do Brasil, para suprir as necessidades prementes [&hellip;]<\/p>\n","protected":false},"author":598,"featured_media":0,"parent":2450,"menu_order":0,"comment_status":"closed","ping_status":"closed","template":"","meta":{"jetpack_post_was_ever_published":false,"footnotes":""},"class_list":["post-779","page","type-page","status-publish","hentry"],"jetpack_sharing_enabled":true,"jetpack_shortlink":"https:\/\/wp.me\/P8gexX-cz","jetpack-related-posts":[],"publishpress_future_action":{"enabled":false,"date":"2026-04-20 03:33:13","action":"change-status","newStatus":"draft","terms":[],"taxonomy":"","extraData":[]},"publishpress_future_workflow_manual_trigger":{"enabledWorkflows":[]},"_links":{"self":[{"href":"https:\/\/wp.ufpel.edu.br\/enghidrica\/wp-json\/wp\/v2\/pages\/779","targetHints":{"allow":["GET"]}}],"collection":[{"href":"https:\/\/wp.ufpel.edu.br\/enghidrica\/wp-json\/wp\/v2\/pages"}],"about":[{"href":"https:\/\/wp.ufpel.edu.br\/enghidrica\/wp-json\/wp\/v2\/types\/page"}],"author":[{"embeddable":true,"href":"https:\/\/wp.ufpel.edu.br\/enghidrica\/wp-json\/wp\/v2\/users\/598"}],"replies":[{"embeddable":true,"href":"https:\/\/wp.ufpel.edu.br\/enghidrica\/wp-json\/wp\/v2\/comments?post=779"}],"version-history":[{"count":5,"href":"https:\/\/wp.ufpel.edu.br\/enghidrica\/wp-json\/wp\/v2\/pages\/779\/revisions"}],"predecessor-version":[{"id":2485,"href":"https:\/\/wp.ufpel.edu.br\/enghidrica\/wp-json\/wp\/v2\/pages\/779\/revisions\/2485"}],"up":[{"embeddable":true,"href":"https:\/\/wp.ufpel.edu.br\/enghidrica\/wp-json\/wp\/v2\/pages\/2450"}],"wp:attachment":[{"href":"https:\/\/wp.ufpel.edu.br\/enghidrica\/wp-json\/wp\/v2\/media?parent=779"}],"curies":[{"name":"wp","href":"https:\/\/api.w.org\/{rel}","templated":true}]}}