{"id":70,"date":"2015-12-10T16:16:21","date_gmt":"2015-12-10T18:16:21","guid":{"rendered":"https:\/\/wp.ufpel.edu.br\/enghidrica\/?page_id=70"},"modified":"2025-08-19T14:20:23","modified_gmt":"2025-08-19T17:20:23","slug":"docentes","status":"publish","type":"page","link":"https:\/\/wp.ufpel.edu.br\/enghidrica\/o-curso\/docentes\/","title":{"rendered":"Docentes"},"content":{"rendered":"<div class=\"team-name\">\n<p><strong><span style=\"font-family: georgia, palatino, serif; font-size: 12pt;\">Clause F\u00e1tima de Brum Piana \u00ad<\/span><\/strong><\/p>\n<p style=\"text-align: justify;\"><span style=\"font-family: georgia, palatino, serif; font-size: 12pt;\">Biol\u00f3ga (UPF)<\/span><\/p>\n<p style=\"text-align: justify;\"><span style=\"font-family: georgia, palatino, serif; font-size: 12pt;\">\u00ad Especialista em Gen\u00e9tica (UPF)<\/span><\/p>\n<p style=\"text-align: justify;\"><span style=\"font-family: georgia, palatino, serif; font-size: 12pt;\">Mestre em Ci\u00eancias (\u00c1rea: Fitomelhoramento) (UFPel)<\/span><\/p>\n<p style=\"text-align: justify;\"><span style=\"font-family: georgia, palatino, serif; font-size: 12pt;\">Doutora em Ci\u00eancias (\u00c1rea: Fitomelhoramento) (UFPel) \u00ad<\/span><\/p>\n<p style=\"text-align: justify;\"><span style=\"font-family: georgia, palatino, serif; font-size: 12pt;\">\u00c1reas de atua\u00e7\u00e3o: Probabilidade e estat\u00edstica\u037e Estat\u00edstica experimental\u037e Melhoramento de plantas \u00ad<\/span><\/p>\n<p style=\"text-align: justify;\"><span style=\"font-family: georgia, palatino, serif; font-size: 12pt;\"><a href=\"http:\/\/buscatextual.cnpq.br\/buscatextual\/visualizacv.do?id=K4728665H1\" target=\"_blank\" rel=\"noopener noreferrer\">C. Lattes<\/a>\u00a0<\/span><\/p>\n<p><span style=\"font-family: georgia, palatino, serif; font-size: 12pt;\">Portal institucional: <a href=\"https:\/\/institucional.ufpel.edu.br\/servidores\/id\/29402\">https:\/\/institucional.ufpel.edu.br\/servidores\/id\/29402<\/a><\/span><\/p>\n<p style=\"text-align: justify;\"><span style=\"font-family: georgia, palatino, serif; font-size: 12pt;\">E\u00admails: clausepiana@yahoo.com.br, pianaclause@gmail.com<\/span><\/p>\n<div class=\"team-about\" style=\"text-align: justify;\">\n<hr \/>\n<\/div>\n<\/div>\n<div class=\"team-about\" style=\"text-align: justify;\">\n<div class=\"team-about\">\n<p><strong><span style=\"font-family: georgia, palatino, serif; font-size: 12pt;\">Danielle de Almeida Bressiani<\/span><\/strong><\/p>\n<p><span style=\"font-family: georgia, palatino, serif; font-size: 12pt;\">Engenheira Ambiental (USP)<\/span><\/p>\n<p><span style=\"font-family: georgia, palatino, serif; font-size: 12pt;\">Doutora em Engenharia Hidr\u00e1ulica e Saneamento (USP)<\/span><\/p>\n<p><span style=\"font-family: georgia, palatino, serif; font-size: 12pt;\">\u00c1reas de atua\u00e7\u00e3o: engenharia ambiental, engenharia h\u00eddrica, hidrologia, hidr\u00e1ulica, modelagem ambiental e hidrol\u00f3gica, gerenciamento de recursos h\u00eddricos, sensoriamento remoto, intelig\u00eancia artificial, cidades e agricultura inteligentes, saneamento b\u00e1sico, gest\u00e3o de desastres hidro-meteorol\u00f3gicos, e previs\u00e3o hidrol\u00f3gica, relacionada \u00e0 inunda\u00e7\u00f5es e secas<\/span><\/p>\n<p><span style=\"font-family: georgia, palatino, serif; font-size: 12pt;\"><a href=\"http:\/\/lattes.cnpq.br\/1704861686791141\">C. Lattes<\/a><\/span><\/p>\n<p><span style=\"font-family: georgia, palatino, serif; font-size: 12pt;\">Portal institucional: <a href=\"https:\/\/institucional.ufpel.edu.br\/servidores\/id\/175079\">https:\/\/institucional.ufpel.edu.br\/servidores\/id\/175079<\/a><\/span><\/p>\n<p><span style=\"font-family: georgia, palatino, serif; font-size: 12pt;\">Email: daniebressiani@gmail.com<\/span><\/p>\n<hr \/>\n<\/div>\n<p><strong><span style=\"font-family: georgia, palatino, serif; font-size: 12pt;\">Felipe de Lucia Lobo<\/span><\/strong><\/p>\n<p><span style=\"font-family: georgia, palatino, serif; font-size: 12pt;\">Bi\u00f3logo (USP)<\/span><\/p>\n<p><span style=\"font-family: georgia, palatino, serif; font-size: 12pt;\">Mestre em Sensoriamento Remoto (INPE)<\/span><\/p>\n<p><span style=\"font-family: georgia, palatino, serif; font-size: 12pt;\">Doutor em Geografia (University of Victoria, UVic, Canad\u00e1)<\/span><\/p>\n<p><span style=\"font-family: georgia, palatino, serif; font-size: 12pt;\">P\u00f3s-Doutor pelo Instituto Nacional de Pesquisas Espaciais (INPE)<\/span><\/p>\n<p><span style=\"font-family: georgia, palatino, serif; font-size: 12pt;\">P\u00f3s-Doutor pelo Instituto Tecnol\u00f3gico Vale (ITV)<\/span><\/p>\n<p><span style=\"font-family: georgia, palatino, serif; font-size: 12pt;\">\u00c1reas de atua\u00e7\u00e3o: Recursos H\u00eddricos, Mudan\u00e7as no Uso da Terra, Minera\u00e7\u00e3o, Monitoramento da qualidade da \u00e1gua, Sensoriamento Remoto, An\u00e1lise espa\u00e7o-temporal e desenvolvimento de Geotecnologias<\/span><\/p>\n<p><span style=\"font-family: georgia, palatino, serif; font-size: 12pt;\"><a href=\"http:\/\/lattes.cnpq.br\/1704861686791141\">C. Lattes<\/a><\/span><\/p>\n<p><span style=\"font-family: georgia, palatino, serif; font-size: 12pt;\">Portal institucional: <a href=\"https:\/\/institucional.ufpel.edu.br\/servidores\/id\/174558\">https:\/\/institucional.ufpel.edu.br\/servidores\/id\/174558<\/a><\/span><\/p>\n<p><span style=\"font-family: georgia, palatino, serif; font-size: 12pt;\">Email: felipellobo@gmail.com<\/span><\/p>\n<hr \/>\n<\/div>\n<p><strong><span style=\"font-family: georgia, palatino, serif; font-size: 12pt;\">George Marino Soares Gon\u00e7alves<\/span><\/strong><\/p>\n<p><span style=\"background-color: #ffffff; font-size: 12pt; font-family: georgia, palatino, serif;\">Engenheiro H\u00eddrico (UFPel)<\/span><\/p>\n<p><span style=\"font-size: 12pt; font-family: georgia, palatino, serif;\">Mestre em Recursos H\u00eddricos (UFPel)<\/span><\/p>\n<p><span style=\"font-size: 12pt; font-family: georgia, palatino, serif;\">Doutor em Recursos H\u00eddricos (UFPel)<\/span><\/p>\n<p><span style=\"font-size: 12pt; font-family: georgia, palatino, serif;\">\u00c1reas de atua\u00e7\u00e3o: Engenharia Civil &#8211; Engenharia H\u00eddrica, Engenharia Civil &#8211; Recursos H\u00eddricos<\/span><\/p>\n<p><span style=\"font-size: 12pt; font-family: georgia, palatino, serif;\"><a href=\"http:\/\/lattes.cnpq.br\/1884442967596119\">C. Lattes<\/a><\/span><\/p>\n<p><span style=\"font-family: georgia, palatino, serif; font-size: 12pt;\">Portal institucional: <a href=\"https:\/\/institucional.ufpel.edu.br\/servidores\/id\/15956\">https:\/\/institucional.ufpel.edu.br\/servidores\/id\/15956<\/a><\/span><\/p>\n<p><span style=\"font-size: 12pt; font-family: georgia, palatino, serif;\">Email: <a class=\"\" href=\"mailto:george.goncalves@ufpel.edu.br\" data-usuario=\"george.goncalves\">george.goncalves@ufpel.edu.br<\/a><\/span><\/p>\n<p><span style=\"font-size: 12pt; font-family: georgia, palatino, serif;\">________________________________________________________________<\/span><\/p>\n<p><strong><span style=\"font-family: georgia, palatino, serif; font-size: 12pt;\">Gilberto Loguercio Collares<\/span><\/strong><\/p>\n<div class=\"team-name\" style=\"text-align: justify;\">\n<p><span style=\"font-family: georgia, palatino, serif; font-size: 12pt;\">\u00adEngenheiro Agr\u00edcola (UFPel) \u00ad<\/span><\/p>\n<p><span style=\"font-family: georgia, palatino, serif; font-size: 12pt;\">Especialista em Ecologia (UCPel)<\/span><\/p>\n<p><span style=\"font-family: georgia, palatino, serif; font-size: 12pt;\">Especialista em Irriga\u00e7\u00e3o (UFSC)<\/span><\/p>\n<p><span style=\"font-family: georgia, palatino, serif; font-size: 12pt;\">Mestre em Irriga\u00e7\u00e3o e Drenagem (UFSM)<\/span><\/p>\n<p><span style=\"font-family: georgia, palatino, serif; font-size: 12pt;\">Doutor em Ci\u00eancia do Solo (UFSM)<\/span><\/p>\n<p><span style=\"font-family: georgia, palatino, serif; font-size: 12pt;\">\u00ad \u00c1reas de atua\u00e7\u00e3o: \u00c1gua e Solo\u037e Manejo de Bacias Hidrogr\u00e1ficas\u037e Hidrometria e Hidrossedimentologia<\/span><\/p>\n<\/div>\n<div class=\"team-about\" style=\"text-align: justify;\">\n<p><span style=\"font-family: georgia, palatino, serif; font-size: 12pt;\"><a href=\"http:\/\/buscatextual.cnpq.br\/buscatextual\/visualizacv.do?id=K4705432E8\">C. Lattes<\/a><\/span><\/p>\n<p><span style=\"font-family: georgia, palatino, serif; font-size: 12pt;\">Portal institucional: <a href=\"https:\/\/institucional.ufpel.edu.br\/servidores\/id\/23431\">https:\/\/institucional.ufpel.edu.br\/servidores\/id\/23431<\/a><\/span><\/p>\n<p><span style=\"font-family: georgia, palatino, serif; font-size: 12pt;\">e\u00admail: gilberto.collares@ufpel.edu.br, collares@ufpel.edu.br<\/span><\/p>\n<hr \/>\n<\/div>\n<div class=\"team-about\" style=\"text-align: justify;\">\n<div class=\"team-about\">\n<div class=\"team-about\"><strong><span style=\"font-family: georgia, palatino, serif; font-size: 12pt;\">Idel Cristiana Bigliardi Milani<\/span><\/strong><\/div>\n<div class=\"team-about\">\n<p><span style=\"font-family: georgia, palatino, serif; font-size: 12pt;\">Engenheira Qu\u00edmica (FURG)<\/span><\/p>\n<p><span style=\"font-family: georgia, palatino, serif; font-size: 12pt;\">Mestre em Engenharia Oce\u00e2nica (FURG)<\/span><\/p>\n<p><span style=\"font-family: georgia, palatino, serif; font-size: 12pt;\">Doutora em Oceanografia F\u00edsica, Qu\u00edmica e Geol\u00f3gica (FURG)<\/span><\/p>\n<p><span style=\"font-family: georgia, palatino, serif; font-size: 12pt;\">\u00c1reas de atua\u00e7\u00e3o: Hidroqu\u00edmica, Limnologia, Oceanografia e Recupera\u00e7\u00e3o de Ecossistemas Aqu\u00e1rivos<\/span><\/p>\n<p><span style=\"font-family: georgia, palatino, serif; font-size: 12pt;\"><a href=\"http:\/\/buscatextual.cnpq.br\/buscatextual\/visualizacv.do?id=K4764248T8\" target=\"_blank\" rel=\"noopener noreferrer\">C. Lattes<\/a><\/span><\/p>\n<p><span style=\"font-family: georgia, palatino, serif; font-size: 12pt;\">Portal institucional: <a href=\"https:\/\/institucional.ufpel.edu.br\/servidores\/id\/32038\">https:\/\/institucional.ufpel.edu.br\/servidores\/id\/32038<\/a><\/span><\/p>\n<p><span style=\"font-family: georgia, palatino, serif; font-size: 12pt;\">E\u00admail: idelmilani@gmail.com<\/span><\/p>\n<div class=\"team-about\">\n<hr \/>\n<\/div>\n<div class=\"team-about\">\n<p><strong><span style=\"font-family: georgia, palatino, serif; font-size: 12pt;\">Juliana Pertille da Silva<\/span><\/strong><\/p>\n<p><span style=\"font-family: georgia, palatino, serif; font-size: 12pt;\">Ge\u00f3loga (UFRGS)<\/span><\/p>\n<p><span style=\"font-family: georgia, palatino, serif; font-size: 12pt;\">Mestre em Ci\u00eancias (\u00c1rea: Geoqu\u00edmica) (UFRGS)<\/span><\/p>\n<p><span style=\"font-family: georgia, palatino, serif; font-size: 12pt;\">Doutora em Geoci\u00eancias (\u00c1rea: Geoqu\u00edmica) (UFRGS)<\/span><\/p>\n<p><span style=\"font-family: georgia, palatino, serif; font-size: 12pt;\">\u00c1reas de atua\u00e7\u00e3o: Geoqu\u00edmica, Hidrogeologia e Evolu\u00e7\u00e3o Crustal<\/span><\/p>\n<p><span style=\"font-family: georgia, palatino, serif; font-size: 12pt;\"><a href=\"http:\/\/buscatextual.cnpq.br\/buscatextual\/visualizacv.do?id=K4556807E7\" target=\"_blank\" rel=\"noopener noreferrer\">C. Lattes<\/a><\/span><\/p>\n<p><span style=\"font-family: georgia, palatino, serif; font-size: 12pt;\">Portal institucional: <a href=\"https:\/\/institucional.ufpel.edu.br\/servidores\/id\/153383\">https:\/\/institucional.ufpel.edu.br\/servidores\/id\/153383<\/a><\/span><\/p>\n<p><span style=\"font-family: georgia, palatino, serif; font-size: 12pt;\">E\u00admail: juliana.pertille@ufpel.edu.br, juliana.pertill@gmail.com<\/span><\/p>\n<div class=\"team-about\">\n<hr \/>\n<\/div>\n<div class=\"team-about\">\n<p><strong><span style=\"font-family: georgia, palatino, serif; font-size: 12pt;\">Leonardo Contreira Pereira<\/span><\/strong><\/p>\n<p><span style=\"font-family: georgia, palatino, serif; font-size: 12pt;\">Engenheiro Mec\u00e2nico (FURG)<\/span><\/p>\n<p><span style=\"font-family: georgia, palatino, serif; font-size: 12pt;\">Mestre em Engenharia Oce\u00e2nica (FURG)<\/span><\/p>\n<p><span style=\"font-family: georgia, palatino, serif; font-size: 12pt;\">Doutor em Sciences d&#8217;Environment d&#8217;Ile de France (Universit\u00e9 Pierre et Marie Curie &#8211; Paris 6, UPMC, Fran\u00e7a)<\/span><\/p>\n<p><span style=\"font-family: georgia, palatino, serif; font-size: 12pt;\">P\u00f3s-Doutor pela Universidade Federal do Rio Grande (FURG)<\/span><\/p>\n<p><span style=\"font-family: georgia, palatino, serif; font-size: 12pt;\">\u00c1reas de atua\u00e7\u00e3o: Monitoramento ambiental Hidrogr\u00e1fico\/Oceanogr\u00e1fico<\/span><\/p>\n<p><span style=\"font-family: georgia, palatino, serif; font-size: 12pt;\"><a href=\"http:\/\/lattes.cnpq.br\/7465372767963082\">C. Lattes<\/a><\/span><\/p>\n<p><span style=\"font-family: georgia, palatino, serif; font-size: 12pt;\">Portal institucional: <a href=\"https:\/\/institucional.ufpel.edu.br\/servidores\/id\/169915\">https:\/\/institucional.ufpel.edu.br\/servidores\/id\/169915<\/a><\/span><\/p>\n<p><span style=\"font-family: georgia, palatino, serif; font-size: 12pt;\">Email: leonardocontreira@gmail.com<\/span><\/p>\n<hr \/>\n<p><strong><span style=\"font-family: georgia, palatino, serif; font-size: 12pt;\">Lessandro Coll Faria<\/span><\/strong><\/p>\n<p><span style=\"font-family: georgia, palatino, serif; font-size: 12pt;\">Engenheiro Agr\u00edcola (UFPel)<\/span><\/p>\n<p><span style=\"font-family: georgia, palatino, serif; font-size: 12pt;\">Mestre em Engenharia de \u00c1gua e Solo (UFLA)<\/span><\/p>\n<p><span style=\"font-family: georgia, palatino, serif; font-size: 12pt;\">Doutor em Engenharia de \u00c1gua e Solo (UFLA)<\/span><\/p>\n<p><span style=\"font-family: georgia, palatino, serif; font-size: 12pt;\">\u00c1reas de atua\u00e7\u00e3o: Engenharia de irriga\u00e7\u00e3o, manejo de irriga\u00e7\u00e3o e hidr\u00e1ulica<\/span><\/p>\n<div class=\"team-about\">\n<p><span style=\"font-family: georgia, palatino, serif; font-size: 12pt;\"><a href=\"http:\/\/buscatextual.cnpq.br\/buscatextual\/visualizacv.do?id=K4179232D7\">C. Lattes<\/a><\/span><\/p>\n<p><span style=\"font-family: georgia, palatino, serif; font-size: 12pt;\">Portal institucional: <a href=\"https:\/\/institucional.ufpel.edu.br\/servidores\/id\/1233\">https:\/\/institucional.ufpel.edu.br\/servidores\/id\/1233<\/a><\/span><\/p>\n<p><span style=\"font-family: georgia, palatino, serif; font-size: 12pt;\">E-mail: lessandro.faria@ufpel.edu.br<\/span><\/p>\n<\/div>\n<div class=\"team-about\">\n<hr \/>\n<\/div>\n<div class=\"team-name\">\n<p><strong><span style=\"font-family: georgia, palatino, serif; font-size: 12pt;\">Luis Eduardo Akiyoshi Sanches Suzuki<\/span><\/strong><\/p>\n<div class=\"team-name\">\n<p><span style=\"font-family: georgia, palatino, serif; font-size: 12pt;\">Engenheiro Agr\u00f4nomo (UNESP\/Ilha Solteira)<\/span><\/p>\n<p><span style=\"font-family: georgia, palatino, serif; font-size: 12pt;\">Licenciado em Geografia (UFPel)<\/span><\/p>\n<\/div>\n<div class=\"team-about\">\n<p><span style=\"font-family: georgia, palatino, serif; font-size: 12pt;\">Mestre em Ci\u00eancia do Solo (UFSM)<\/span><\/p>\n<p><span style=\"font-family: georgia, palatino, serif; font-size: 12pt;\">Doutor em Engenharia Florestal (UFSM)<\/span><\/p>\n<p><span style=\"font-family: georgia, palatino, serif; font-size: 12pt;\">\u00c1reas de atua\u00e7\u00e3o: Manejo e conserva\u00e7\u00e3o do solo e propriedades f\u00edsicas, h\u00eddricas e mec\u00e2nicas do solo<\/span><\/p>\n<p><span style=\"font-family: georgia, palatino, serif; font-size: 12pt;\"><a href=\"http:\/\/buscatextual.cnpq.br\/buscatextual\/visualizacv.do?id=K4702465Z1\">C. Lattes<\/a><\/span><\/p>\n<p><span style=\"font-family: georgia, palatino, serif; font-size: 12pt;\">Portal institucional: <a href=\"https:\/\/institucional.ufpel.edu.br\/servidores\/id\/23623\">https:\/\/institucional.ufpel.edu.br\/servidores\/id\/23623<\/a><\/span><\/p>\n<p><span style=\"font-family: georgia, palatino, serif; font-size: 12pt;\">E-mail: luis.suzuki@ufpel.edu.br<\/span><\/p>\n<\/div>\n<\/div>\n<\/div>\n<\/div>\n<\/div>\n<\/div>\n<\/div>\n<div class=\"team-about\" style=\"text-align: justify;\">\n<hr \/>\n<div class=\"team-name\">\n<p><strong><span style=\"font-family: georgia, palatino, serif; font-size: 12pt;\">Samuel Beskow<\/span><\/strong><\/p>\n<div class=\"team-about\">\n<div class=\"team-name\">\n<p><span style=\"font-family: georgia, palatino, serif; font-size: 12pt;\">Engenheiro Agr\u00edcola (UFPel)<\/span><\/p>\n<\/div>\n<div class=\"team-about\">\n<p><span style=\"font-family: georgia, palatino, serif; font-size: 12pt;\">Mestre em Irriga\u00e7\u00e3o e Drenagem (UFLA)<\/span><\/p>\n<p><span style=\"font-family: georgia, palatino, serif; font-size: 12pt;\">Doutor em Engenharia de \u00c1gua e Solo (UFLA\/PurdueUniversity)<\/span><\/p>\n<p><span style=\"font-family: georgia, palatino, serif; font-size: 12pt;\">\u00c1reas de atua\u00e7\u00e3o: Hidrologia, Hidrossedimentologia e Modelagem Hidrol\u00f3gica<\/span><\/p>\n<p><span style=\"font-family: georgia, palatino, serif; font-size: 12pt;\"><a href=\"http:\/\/buscatextual.cnpq.br\/buscatextual\/visualizacv.do?id=K4718560J6\">C. Lattes<\/a><\/span><\/p>\n<p><span style=\"font-family: georgia, palatino, serif; font-size: 12pt;\">Portal institucional: <a href=\"https:\/\/institucional.ufpel.edu.br\/servidores\/id\/2459\">https:\/\/institucional.ufpel.edu.br\/servidores\/id\/2459<\/a><\/span><\/p>\n<p><span style=\"font-family: georgia, palatino, serif; font-size: 12pt;\">E-mail: samuel.beskow@ufpel.edu.br<\/span><\/p>\n<\/div>\n<\/div>\n<\/div>\n<\/div>\n<div>\n<hr \/>\n<\/div>\n<div><strong><span style=\"font-family: georgia, palatino, serif; font-size: 12pt;\">Tuane de Oliveira Dutra<\/span><\/strong><\/div>\n<div><\/div>\n<div><span style=\"font-family: georgia, palatino, serif; font-size: 12pt;\">Engenheira H\u00eddrica (UFPel)<\/span><\/div>\n<div><\/div>\n<div><span style=\"font-family: georgia, palatino, serif; font-size: 12pt;\">Mestre em\u00a0Recursos H\u00eddricos e Saneamento Ambiental (UFRGS)<\/span><\/div>\n<div><\/div>\n<div><span style=\"font-family: georgia, palatino, serif; font-size: 12pt;\">Doutora em Recursos H\u00eddricos e Saneamento Ambiental (UFRGS)<\/span><\/div>\n<div><\/div>\n<div><span style=\"font-family: georgia, palatino, serif; font-size: 12pt;\">\u00c1reas de atua\u00e7\u00e3o: Hidrogeologia voltadas para gest\u00e3o e prote\u00e7\u00e3o das \u00e1guas subterr\u00e2neas; Explota\u00e7\u00e3o de aqu\u00edferos; Hidrodin\u00e2mica; Recarga e reservas aqu\u00edferas<\/span><\/div>\n<div><\/div>\n<div>\n<p><span style=\"font-family: georgia, palatino, serif; font-size: 12pt;\"><a href=\"http:\/\/lattes.cnpq.br\/9746188772924699\">C. Lattes\u00a0<\/a><\/span><\/p>\n<p><span style=\"font-family: georgia, palatino, serif; font-size: 12pt;\">Portal institucional:\u00a0<a href=\"https:\/\/institucional.ufpel.edu.br\/servidores\/id\/14247\" target=\"_blank\" rel=\"noopener\" data-saferedirecturl=\"https:\/\/www.google.com\/url?q=https:\/\/institucional.ufpel.edu.br\/servidores\/id\/14247&amp;source=gmail&amp;ust=1755698077323000&amp;usg=AOvVaw3Wd_GwJu6SMkw_ND-RXEhD\">https:\/\/<wbr \/>institucional.ufpel.edu.br\/<wbr \/>servidores\/id\/14247<\/a><\/span><\/p>\n<p><span style=\"font-family: georgia, palatino, serif; font-size: 12pt;\">Email:\u00a0<a href=\"mailto:tuanehidrica@gmail.com\" target=\"_blank\" rel=\"noopener\">tuanehidrica@gmail.com<\/a><\/span><\/p>\n<\/div>\n<div class=\"team-about\" style=\"text-align: justify;\">\n<div class=\"team-name\">\n<div class=\"team-about\">\n<hr \/>\n<\/div>\n<\/div>\n<\/div>\n<p><strong><span style=\"font-family: georgia, palatino, serif; font-size: 12pt;\">Viviane Santos Silva Terra \u00ad<\/span><\/strong><\/p>\n<p style=\"text-align: justify;\"><span style=\"font-family: georgia, palatino, serif; font-size: 12pt;\">Engenheira Agr\u00edcola (UFPel)<\/span><\/p>\n<p style=\"text-align: justify;\"><span style=\"font-family: georgia, palatino, serif; font-size: 12pt;\">\u00adEspecialista em Gestores Regionais de Recursos H\u00eddricos (UFPel)<\/span><\/p>\n<p style=\"text-align: justify;\"><span style=\"font-family: georgia, palatino, serif; font-size: 12pt;\">Mestre em Ci\u00eancias (\u00c1rea: Sistemas de Produ\u00e7\u00e3o Agr\u00edcola Familiar) (UFPel)<\/span><\/p>\n<p style=\"text-align: justify;\"><span style=\"font-family: georgia, palatino, serif; font-size: 12pt;\">Doutora em Agronomia (\u00c1rea: Sistemas de Produ\u00e7\u00e3o Agr\u00edcola Familiar) (UFPel)<\/span><\/p>\n<p style=\"text-align: justify;\"><span style=\"font-family: georgia, palatino, serif; font-size: 12pt;\">P\u00f3s\u00ad-Doutora em Recursos H\u00eddricos (UFPel)<\/span><\/p>\n<p style=\"text-align: justify;\"><span style=\"font-family: georgia, palatino, serif; font-size: 12pt;\">\u00c1reas de atua\u00e7\u00e3o: Gest\u00e3o dos Recursos H\u00eddricos (Direito, Economia, Administra\u00e7\u00e3o e Empreendedorismo)\u037e Climatologia\u037e Ergonomia e Seguran\u00e7a do Trabalho<\/span><\/p>\n<p style=\"text-align: justify;\"><span style=\"font-family: georgia, palatino, serif; font-size: 12pt;\"><a href=\"http:\/\/buscatextual.cnpq.br\/buscatextual\/visualizacv.do?id=K4593137E1\" target=\"_blank\" rel=\"noopener noreferrer\">C. Lattes<\/a><\/span><\/p>\n<p><span style=\"font-family: georgia, palatino, serif; font-size: 12pt;\">Portal institucional: <a href=\"https:\/\/institucional.ufpel.edu.br\/servidores\/id\/34178\">https:\/\/institucional.ufpel.edu.br\/servidores\/id\/34178<\/a><\/span><\/p>\n<p style=\"text-align: justify;\"><span style=\"font-family: georgia, palatino, serif; font-size: 12pt;\">E\u00admail: vssterra10@gmail.com<\/span><\/p>\n<div class=\"team-about\"><\/div>\n<h4><\/h4>\n","protected":false},"excerpt":{"rendered":"<p>Clause F\u00e1tima de Brum Piana \u00ad Biol\u00f3ga (UPF) \u00ad Especialista em Gen\u00e9tica (UPF) Mestre em Ci\u00eancias (\u00c1rea: Fitomelhoramento) (UFPel) Doutora em Ci\u00eancias (\u00c1rea: Fitomelhoramento) (UFPel) \u00ad \u00c1reas de atua\u00e7\u00e3o: Probabilidade e estat\u00edstica\u037e Estat\u00edstica experimental\u037e Melhoramento de plantas \u00ad C. Lattes\u00a0 Portal institucional: https:\/\/institucional.ufpel.edu.br\/servidores\/id\/29402 E\u00admails: clausepiana@yahoo.com.br, pianaclause@gmail.com Danielle de Almeida Bressiani Engenheira Ambiental (USP) Doutora em [&hellip;]<\/p>\n","protected":false},"author":598,"featured_media":0,"parent":2450,"menu_order":0,"comment_status":"closed","ping_status":"closed","template":"","meta":{"jetpack_post_was_ever_published":false,"footnotes":""},"class_list":["post-70","page","type-page","status-publish","hentry"],"jetpack_sharing_enabled":true,"jetpack_shortlink":"https:\/\/wp.me\/P8gexX-18","jetpack-related-posts":[],"publishpress_future_action":{"enabled":false,"date":"2026-04-23 03:47:32","action":"change-status","newStatus":"draft","terms":[],"taxonomy":"","extraData":[]},"publishpress_future_workflow_manual_trigger":{"enabledWorkflows":[]},"_links":{"self":[{"href":"https:\/\/wp.ufpel.edu.br\/enghidrica\/wp-json\/wp\/v2\/pages\/70","targetHints":{"allow":["GET"]}}],"collection":[{"href":"https:\/\/wp.ufpel.edu.br\/enghidrica\/wp-json\/wp\/v2\/pages"}],"about":[{"href":"https:\/\/wp.ufpel.edu.br\/enghidrica\/wp-json\/wp\/v2\/types\/page"}],"author":[{"embeddable":true,"href":"https:\/\/wp.ufpel.edu.br\/enghidrica\/wp-json\/wp\/v2\/users\/598"}],"replies":[{"embeddable":true,"href":"https:\/\/wp.ufpel.edu.br\/enghidrica\/wp-json\/wp\/v2\/comments?post=70"}],"version-history":[{"count":4,"href":"https:\/\/wp.ufpel.edu.br\/enghidrica\/wp-json\/wp\/v2\/pages\/70\/revisions"}],"predecessor-version":[{"id":2953,"href":"https:\/\/wp.ufpel.edu.br\/enghidrica\/wp-json\/wp\/v2\/pages\/70\/revisions\/2953"}],"up":[{"embeddable":true,"href":"https:\/\/wp.ufpel.edu.br\/enghidrica\/wp-json\/wp\/v2\/pages\/2450"}],"wp:attachment":[{"href":"https:\/\/wp.ufpel.edu.br\/enghidrica\/wp-json\/wp\/v2\/media?parent=70"}],"curies":[{"name":"wp","href":"https:\/\/api.w.org\/{rel}","templated":true}]}}