{"id":3061,"date":"2026-04-09T22:05:46","date_gmt":"2026-04-10T01:05:46","guid":{"rendered":"https:\/\/wp.ufpel.edu.br\/enghidrica\/?page_id=3061"},"modified":"2026-04-09T22:05:46","modified_gmt":"2026-04-10T01:05:46","slug":"colegiado-de-curso","status":"publish","type":"page","link":"https:\/\/wp.ufpel.edu.br\/enghidrica\/colegiado-de-curso\/","title":{"rendered":"Colegiado de curso"},"content":{"rendered":"<p><a href=\"https:\/\/wp.ufpel.edu.br\/enghidrica\/files\/2026\/04\/Portaria-126-de-28.10.2025-nova-composicao-colegiado-EH-23110.040190_2025-12.pdf\">Portaria 126 de 28.10.2025 nova composi\u00e7\u00e3o colegiado EH-23110.040190_2025-12<\/a><\/p>\n<p><a href=\"https:\/\/wp.ufpel.edu.br\/enghidrica\/files\/2026\/04\/Portaria-interna-94.2025-nova-composicao-do-colegiado-EH-19.08.25.pdf\">Portaria interna 94.2025-nova composi\u00e7\u00e3o do colegiado EH 19.08.25<\/a><\/p>\n<p><a href=\"https:\/\/wp.ufpel.edu.br\/enghidrica\/files\/2026\/04\/Portaria-94-de-19.08.25-colegiado-EH-Luis-e-Clause.pdf\">Portaria 94 de 19.08.25-colegiado EH-Luis e Clause<\/a><\/p>\n<p><a href=\"https:\/\/wp.ufpel.edu.br\/enghidrica\/files\/2026\/04\/Portaria-94-de-10.12.2024-colegiado-EH-Luis-e-Clause.pdf\">Portaria 94 de 10.12.2024-colegiado EH-Luis e Clause<\/a><\/p>\n<p><a href=\"https:\/\/wp.ufpel.edu.br\/enghidrica\/files\/2026\/04\/Portaria-97-de-07.11.23-colegiado-EH-Luis-e-Clause.pdf\">Portaria 97 de 07.11.23-colegiado EH-Luis e Clause<\/a><\/p>\n<p><a href=\"https:\/\/wp.ufpel.edu.br\/enghidrica\/files\/2026\/04\/Portaria-59-de-19.10.2021-colegiado-EH-Felipe-e-Leonardo.pdf\">Portaria 59 de 19.10.2021-colegiado EH-Felipe e Leonardo<\/a><\/p>\n<p><a href=\"https:\/\/wp.ufpel.edu.br\/enghidrica\/files\/2026\/04\/Portaria-2367-de-04.10.2018-colegiado-EH-Idel.pdf\">Portaria 2367 de 04.10.2018-colegiado EH-Idel<\/a><\/p>\n<p><a href=\"https:\/\/wp.ufpel.edu.br\/enghidrica\/files\/2026\/04\/Portaria-1467-de-18.07.2017-colegiado-EH-Juliana-e-Samuel.pdf\">Portaria 1467 de 18.07.2017-colegiado EH-Juliana e Samuel<\/a><\/p>\n<p><a href=\"https:\/\/wp.ufpel.edu.br\/enghidrica\/files\/2026\/04\/Portaria-685-de-18.05.2015-colegiado-EH-Mauricio-e-Siclerio.pdf\">Portaria 685 de 18.05.2015-colegiado EH-Maur\u00edcio e Sicl\u00e9rio<\/a><\/p>\n<p><a href=\"https:\/\/wp.ufpel.edu.br\/enghidrica\/files\/2026\/04\/Portaria-1285-de-11.06.2013-colegiado-EH-Idel-e-Suzuki.pdf\">Portaria 1285 de 11.06.2013-colegiado EH-Idel e Suzuki<\/a><\/p>\n<p><a href=\"https:\/\/wp.ufpel.edu.br\/enghidrica\/files\/2026\/04\/Portaria-1625-de-26.10.2011-colegiado-EH-Gilberto-e-Idel.pdf\">Portaria 1625 de 26.10.2011-colegiado EH-Gilberto e Idel<\/a><\/p>\n<p>&nbsp;<\/p>\n<p><!--more--><\/p>\n","protected":false},"excerpt":{"rendered":"<p>Portaria 126 de 28.10.2025 nova composi\u00e7\u00e3o colegiado EH-23110.040190_2025-12 Portaria interna 94.2025-nova composi\u00e7\u00e3o do colegiado EH 19.08.25 Portaria 94 de 19.08.25-colegiado EH-Luis e Clause Portaria 94 de 10.12.2024-colegiado EH-Luis e Clause Portaria 97 de 07.11.23-colegiado EH-Luis e Clause Portaria 59 de 19.10.2021-colegiado EH-Felipe e Leonardo Portaria 2367 de 04.10.2018-colegiado EH-Idel Portaria 1467 de 18.07.2017-colegiado EH-Juliana e [&hellip;]<\/p>\n","protected":false},"author":598,"featured_media":0,"parent":0,"menu_order":0,"comment_status":"closed","ping_status":"closed","template":"","meta":{"jetpack_post_was_ever_published":false,"footnotes":""},"class_list":["post-3061","page","type-page","status-publish","hentry"],"jetpack_sharing_enabled":true,"jetpack_shortlink":"https:\/\/wp.me\/P8gexX-Nn","jetpack-related-posts":[],"publishpress_future_action":{"enabled":false,"date":"2026-04-17 02:23:43","action":"change-status","newStatus":"draft","terms":[],"taxonomy":"","extraData":[]},"publishpress_future_workflow_manual_trigger":{"enabledWorkflows":[]},"_links":{"self":[{"href":"https:\/\/wp.ufpel.edu.br\/enghidrica\/wp-json\/wp\/v2\/pages\/3061","targetHints":{"allow":["GET"]}}],"collection":[{"href":"https:\/\/wp.ufpel.edu.br\/enghidrica\/wp-json\/wp\/v2\/pages"}],"about":[{"href":"https:\/\/wp.ufpel.edu.br\/enghidrica\/wp-json\/wp\/v2\/types\/page"}],"author":[{"embeddable":true,"href":"https:\/\/wp.ufpel.edu.br\/enghidrica\/wp-json\/wp\/v2\/users\/598"}],"replies":[{"embeddable":true,"href":"https:\/\/wp.ufpel.edu.br\/enghidrica\/wp-json\/wp\/v2\/comments?post=3061"}],"version-history":[{"count":1,"href":"https:\/\/wp.ufpel.edu.br\/enghidrica\/wp-json\/wp\/v2\/pages\/3061\/revisions"}],"predecessor-version":[{"id":3073,"href":"https:\/\/wp.ufpel.edu.br\/enghidrica\/wp-json\/wp\/v2\/pages\/3061\/revisions\/3073"}],"wp:attachment":[{"href":"https:\/\/wp.ufpel.edu.br\/enghidrica\/wp-json\/wp\/v2\/media?parent=3061"}],"curies":[{"name":"wp","href":"https:\/\/api.w.org\/{rel}","templated":true}]}}