{"id":3014,"date":"2025-11-14T11:38:15","date_gmt":"2025-11-14T14:38:15","guid":{"rendered":"https:\/\/wp.ufpel.edu.br\/enghidrica\/?page_id=3014"},"modified":"2025-11-14T11:41:34","modified_gmt":"2025-11-14T14:41:34","slug":"avaliacao-do-curso","status":"publish","type":"page","link":"https:\/\/wp.ufpel.edu.br\/enghidrica\/avaliacao-do-curso\/","title":{"rendered":"Avalia\u00e7\u00e3o do curso"},"content":{"rendered":"<p><strong>Ano 2025<\/strong><\/p>\n<p><a href=\"https:\/\/wp.ufpel.edu.br\/enghidrica\/files\/2025\/11\/Questionario-a-ser-respondido-pelos-alunos-2025.2-respostas.pdf\">Avalia\u00e7\u00e3o do curso pelos discentes-Ano 2025<\/a><\/p>\n<p><a href=\"https:\/\/wp.ufpel.edu.br\/enghidrica\/files\/2025\/11\/Questionario-a-ser-respondido-pelos-tecnicos-2025.2-respostas.pdf\">Avalia\u00e7\u00e3o do curso pelos t\u00e9cnicos-administrativos-Ano 2025<\/a><\/p>\n<p><a href=\"https:\/\/wp.ufpel.edu.br\/enghidrica\/files\/2025\/11\/Questionario-a-ser-respondido-pelos-professores-2025.2-respostas.pdf\">Avalia\u00e7\u00e3o do curso pelos docentes-Ano 2025<\/a><\/p>\n","protected":false},"excerpt":{"rendered":"<p>Ano 2025 Avalia\u00e7\u00e3o do curso pelos discentes-Ano 2025 Avalia\u00e7\u00e3o do curso pelos t\u00e9cnicos-administrativos-Ano 2025 Avalia\u00e7\u00e3o do curso pelos docentes-Ano 2025<\/p>\n","protected":false},"author":598,"featured_media":0,"parent":0,"menu_order":0,"comment_status":"closed","ping_status":"closed","template":"","meta":{"jetpack_post_was_ever_published":false,"footnotes":""},"class_list":["post-3014","page","type-page","status-publish","hentry"],"jetpack_sharing_enabled":true,"jetpack_shortlink":"https:\/\/wp.me\/P8gexX-MC","jetpack-related-posts":[],"publishpress_future_action":{"enabled":false,"date":"2026-04-23 12:52:18","action":"change-status","newStatus":"draft","terms":[],"taxonomy":"","extraData":[]},"publishpress_future_workflow_manual_trigger":{"enabledWorkflows":[]},"_links":{"self":[{"href":"https:\/\/wp.ufpel.edu.br\/enghidrica\/wp-json\/wp\/v2\/pages\/3014","targetHints":{"allow":["GET"]}}],"collection":[{"href":"https:\/\/wp.ufpel.edu.br\/enghidrica\/wp-json\/wp\/v2\/pages"}],"about":[{"href":"https:\/\/wp.ufpel.edu.br\/enghidrica\/wp-json\/wp\/v2\/types\/page"}],"author":[{"embeddable":true,"href":"https:\/\/wp.ufpel.edu.br\/enghidrica\/wp-json\/wp\/v2\/users\/598"}],"replies":[{"embeddable":true,"href":"https:\/\/wp.ufpel.edu.br\/enghidrica\/wp-json\/wp\/v2\/comments?post=3014"}],"version-history":[{"count":2,"href":"https:\/\/wp.ufpel.edu.br\/enghidrica\/wp-json\/wp\/v2\/pages\/3014\/revisions"}],"predecessor-version":[{"id":3020,"href":"https:\/\/wp.ufpel.edu.br\/enghidrica\/wp-json\/wp\/v2\/pages\/3014\/revisions\/3020"}],"wp:attachment":[{"href":"https:\/\/wp.ufpel.edu.br\/enghidrica\/wp-json\/wp\/v2\/media?parent=3014"}],"curies":[{"name":"wp","href":"https:\/\/api.w.org\/{rel}","templated":true}]}}