{"id":2858,"date":"2025-05-08T09:59:12","date_gmt":"2025-05-08T12:59:12","guid":{"rendered":"https:\/\/wp.ufpel.edu.br\/enghidrica\/?page_id=2858"},"modified":"2026-03-07T15:24:44","modified_gmt":"2026-03-07T18:24:44","slug":"ii-conabreh-2026","status":"publish","type":"page","link":"https:\/\/wp.ufpel.edu.br\/enghidrica\/ii-conabreh-2026\/","title":{"rendered":"II CONABREH 2026"},"content":{"rendered":"<p style=\"text-align: justify;\"><span style=\"color: #000000;\">O curso de Engenharia H\u00eddrica da Universidade Federal de Pelotas, juntamente com a Associa\u00e7\u00e3o Brasileira de Engenharia H\u00eddrica, j\u00e1 iniciaram os preparativos para o &#8220;II Congresso Nacional da Associa\u00e7\u00e3o Brasileira de Engenharia H\u00eddrica&#8221; (II CONABREH), que ser\u00e1 realizado em Pelotas, Rio Grande do Sul, de 22 a 25 de setembro de 2026.<\/span><\/p>\n<p style=\"text-align: justify;\">Quer saber mais sobre o evento, ent\u00e3o acesse:<\/p>\n<p><a href=\"https:\/\/www.even3.com.br\/ii-congresso-nacional-da-associacao-brasileira-de-engenharia-hidrica-662612\/\">https:\/\/www.even3.com.br\/ii-congresso-nacional-da-associacao-brasileira-de-engenharia-hidrica-662612\/<\/a><\/p>\n<p style=\"text-align: justify;\">\n","protected":false},"excerpt":{"rendered":"<p>O curso de Engenharia H\u00eddrica da Universidade Federal de Pelotas, juntamente com a Associa\u00e7\u00e3o Brasileira de Engenharia H\u00eddrica, j\u00e1 iniciaram os preparativos para o &#8220;II Congresso Nacional da Associa\u00e7\u00e3o Brasileira de Engenharia H\u00eddrica&#8221; (II CONABREH), que ser\u00e1 realizado em Pelotas, Rio Grande do Sul, de 22 a 25 de setembro de 2026. Quer saber mais [&hellip;]<\/p>\n","protected":false},"author":598,"featured_media":0,"parent":0,"menu_order":0,"comment_status":"closed","ping_status":"closed","template":"","meta":{"jetpack_post_was_ever_published":false,"footnotes":""},"class_list":["post-2858","page","type-page","status-publish","hentry"],"jetpack_sharing_enabled":true,"jetpack_shortlink":"https:\/\/wp.me\/P8gexX-K6","jetpack-related-posts":[],"publishpress_future_action":{"enabled":false,"date":"2026-05-16 17:52:08","action":"change-status","newStatus":"draft","terms":[],"taxonomy":"","extraData":[]},"publishpress_future_workflow_manual_trigger":{"enabledWorkflows":[]},"_links":{"self":[{"href":"https:\/\/wp.ufpel.edu.br\/enghidrica\/wp-json\/wp\/v2\/pages\/2858","targetHints":{"allow":["GET"]}}],"collection":[{"href":"https:\/\/wp.ufpel.edu.br\/enghidrica\/wp-json\/wp\/v2\/pages"}],"about":[{"href":"https:\/\/wp.ufpel.edu.br\/enghidrica\/wp-json\/wp\/v2\/types\/page"}],"author":[{"embeddable":true,"href":"https:\/\/wp.ufpel.edu.br\/enghidrica\/wp-json\/wp\/v2\/users\/598"}],"replies":[{"embeddable":true,"href":"https:\/\/wp.ufpel.edu.br\/enghidrica\/wp-json\/wp\/v2\/comments?post=2858"}],"version-history":[{"count":3,"href":"https:\/\/wp.ufpel.edu.br\/enghidrica\/wp-json\/wp\/v2\/pages\/2858\/revisions"}],"predecessor-version":[{"id":3046,"href":"https:\/\/wp.ufpel.edu.br\/enghidrica\/wp-json\/wp\/v2\/pages\/2858\/revisions\/3046"}],"wp:attachment":[{"href":"https:\/\/wp.ufpel.edu.br\/enghidrica\/wp-json\/wp\/v2\/media?parent=2858"}],"curies":[{"name":"wp","href":"https:\/\/api.w.org\/{rel}","templated":true}]}}