{"id":26,"date":"2015-12-10T15:45:42","date_gmt":"2015-12-10T17:45:42","guid":{"rendered":"https:\/\/wp.ufpel.edu.br\/enghidrica\/?page_id=26"},"modified":"2023-11-12T16:47:31","modified_gmt":"2023-11-12T19:47:31","slug":"laboratorios","status":"publish","type":"page","link":"https:\/\/wp.ufpel.edu.br\/enghidrica\/o-curso\/laboratorios\/","title":{"rendered":"Laborat\u00f3rios"},"content":{"rendered":"<div style=\"float: left; width: 45%;\">\n<h3><a href=\"https:\/\/wp.ufpel.edu.br\/enghidrica\/laboratorios\/laboratorio-de-geotecnologias\/\">Laborat\u00f3rio de Geotecnologias<\/a><\/h3>\n<h3><a href=\"https:\/\/wp.ufpel.edu.br\/enghidrica\/laboratorios\/laboratorio-de-hidraulica\/\">Laborat\u00f3rio de Hidr\u00e1ulica<\/a><\/h3>\n<h3><a href=\"https:\/\/wp.ufpel.edu.br\/enghidrica\/laboratorios\/laboratorio-de-hidroenergia\/\">Laborat\u00f3rio de Hidroenergia<\/a><\/h3>\n<h3><a href=\"https:\/\/wp.ufpel.edu.br\/enghidrica\/laboratorios\/laboratorio-de-hidrometria\/\"><strong>Laborat\u00f3rio de Hidrometria<\/strong><\/a><\/h3>\n<h3><a href=\"https:\/\/wp.ufpel.edu.br\/enghidrica\/laboratorios\/laboratorio-de-hidroquimica\/\"><strong>Laborat\u00f3rio de Hidroqu\u00edmica<\/strong><\/a><\/h3>\n<h3><a href=\"https:\/\/wp.ufpel.edu.br\/enghidrica\/laboratorios\/laboratorio-de-informatica-aplicada-aos-recursos-hidricos\/\"><strong>Laborat\u00f3rio de Inform\u00e1tica aplicada aos Recursos H\u00eddricos<\/strong><\/a><\/h3>\n<h3><\/h3>\n<\/div>\n<div style=\"float: right; width: 45%;\">\n<h3><a href=\"https:\/\/wp.ufpel.edu.br\/enghidrica\/laboratorios\/laboratorio-de-instrumentacao-e-processamento-de-sinais\/\">Laborat\u00f3rio de Instrumenta\u00e7\u00e3o e Processamento de Sinais<\/a><\/h3>\n<h3><a href=\"https:\/\/wp.ufpel.edu.br\/enghidrica\/laboratorios\/laboratorio-de-irrigacao\/\">Laborat\u00f3rio de Irriga\u00e7\u00e3o<\/a><\/h3>\n<h3><a href=\"https:\/\/wp.ufpel.edu.br\/enghidrica\/laboratorios\/laboratorio-de-limnologia\/\">Laborat\u00f3rio de Limnologia<\/a><\/h3>\n<h3>\u00a0<a href=\"https:\/\/wp.ufpel.edu.br\/enghidrica\/laboratorios\/laboratorio-de-metais-e-compostos-organicos\/\"><strong>Laborat\u00f3rio de Metais e Compostos Org\u00e2nicos<\/strong><strong>\u00a0\u00a0\u00a0\u00a0<\/strong><\/a><\/h3>\n<h3><a href=\"https:\/\/wp.ufpel.edu.br\/enghidrica\/laboratorios\/laboratorio-de-solos-e-hidrossedimentologia\/\">Laborat\u00f3rio de Solos e Hidrossedimentologia<\/a><\/h3>\n<h3><a href=\"https:\/\/wp.ufpel.edu.br\/enghidrica\/laboratorios\/laboratorio-de-pedologia-e-fisica-do-solo\/\"><strong>Laborat\u00f3rio de Pedologia e F\u00edsica do Solo<\/strong><\/a><\/h3>\n<\/div>\n","protected":false},"excerpt":{"rendered":"<p>Laborat\u00f3rio de Geotecnologias Laborat\u00f3rio de Hidr\u00e1ulica Laborat\u00f3rio de Hidroenergia Laborat\u00f3rio de Hidrometria Laborat\u00f3rio de Hidroqu\u00edmica Laborat\u00f3rio de Inform\u00e1tica aplicada aos Recursos H\u00eddricos Laborat\u00f3rio de Instrumenta\u00e7\u00e3o e Processamento de Sinais Laborat\u00f3rio de Irriga\u00e7\u00e3o Laborat\u00f3rio de Limnologia \u00a0Laborat\u00f3rio de Metais e Compostos Org\u00e2nicos\u00a0\u00a0\u00a0\u00a0 Laborat\u00f3rio de Solos e Hidrossedimentologia Laborat\u00f3rio de Pedologia e F\u00edsica do Solo<\/p>\n","protected":false},"author":598,"featured_media":0,"parent":2450,"menu_order":0,"comment_status":"closed","ping_status":"closed","template":"","meta":{"jetpack_post_was_ever_published":false,"footnotes":""},"class_list":["post-26","page","type-page","status-publish","hentry"],"jetpack_sharing_enabled":true,"jetpack_shortlink":"https:\/\/wp.me\/P8gexX-q","jetpack-related-posts":[],"publishpress_future_action":{"enabled":false,"date":"2026-05-14 14:48:01","action":"change-status","newStatus":"draft","terms":[],"taxonomy":"","extraData":[]},"publishpress_future_workflow_manual_trigger":{"enabledWorkflows":[]},"_links":{"self":[{"href":"https:\/\/wp.ufpel.edu.br\/enghidrica\/wp-json\/wp\/v2\/pages\/26","targetHints":{"allow":["GET"]}}],"collection":[{"href":"https:\/\/wp.ufpel.edu.br\/enghidrica\/wp-json\/wp\/v2\/pages"}],"about":[{"href":"https:\/\/wp.ufpel.edu.br\/enghidrica\/wp-json\/wp\/v2\/types\/page"}],"author":[{"embeddable":true,"href":"https:\/\/wp.ufpel.edu.br\/enghidrica\/wp-json\/wp\/v2\/users\/598"}],"replies":[{"embeddable":true,"href":"https:\/\/wp.ufpel.edu.br\/enghidrica\/wp-json\/wp\/v2\/comments?post=26"}],"version-history":[{"count":5,"href":"https:\/\/wp.ufpel.edu.br\/enghidrica\/wp-json\/wp\/v2\/pages\/26\/revisions"}],"predecessor-version":[{"id":863,"href":"https:\/\/wp.ufpel.edu.br\/enghidrica\/wp-json\/wp\/v2\/pages\/26\/revisions\/863"}],"up":[{"embeddable":true,"href":"https:\/\/wp.ufpel.edu.br\/enghidrica\/wp-json\/wp\/v2\/pages\/2450"}],"wp:attachment":[{"href":"https:\/\/wp.ufpel.edu.br\/enghidrica\/wp-json\/wp\/v2\/media?parent=26"}],"curies":[{"name":"wp","href":"https:\/\/api.w.org\/{rel}","templated":true}]}}