{"id":2559,"date":"2024-02-01T00:39:20","date_gmt":"2024-02-01T03:39:20","guid":{"rendered":"https:\/\/wp.ufpel.edu.br\/enghidrica\/?page_id=2559"},"modified":"2025-10-27T19:00:50","modified_gmt":"2025-10-27T22:00:50","slug":"plano-de-acao-do-coordenador","status":"publish","type":"page","link":"https:\/\/wp.ufpel.edu.br\/enghidrica\/plano-de-acao-do-coordenador\/","title":{"rendered":"Plano de a\u00e7\u00e3o do coordenador"},"content":{"rendered":"<p><a href=\"https:\/\/wp.ufpel.edu.br\/enghidrica\/files\/2024\/02\/2.2.Plano-de-acao-do-coordenador.pdf\">Plano de a\u00e7\u00e3o do coordenador: Gest\u00e3o 2023-2025<\/a><\/p>\n<p><a href=\"https:\/\/wp.ufpel.edu.br\/enghidrica\/files\/2025\/10\/2.2.Plano-de-acao-do-coordenador-2025-2027.pdf\">Plano de a\u00e7\u00e3o do coordenador: Gest\u00e3o 2025-2027<\/a><\/p>\n","protected":false},"excerpt":{"rendered":"<p>Plano de a\u00e7\u00e3o do coordenador: Gest\u00e3o 2023-2025 Plano de a\u00e7\u00e3o do coordenador: Gest\u00e3o 2025-2027<\/p>\n","protected":false},"author":598,"featured_media":0,"parent":0,"menu_order":0,"comment_status":"closed","ping_status":"closed","template":"","meta":{"jetpack_post_was_ever_published":false,"footnotes":""},"class_list":["post-2559","page","type-page","status-publish","hentry"],"jetpack_sharing_enabled":true,"jetpack_shortlink":"https:\/\/wp.me\/P8gexX-Fh","jetpack-related-posts":[],"publishpress_future_action":{"enabled":false,"date":"2026-04-19 15:04:19","action":"change-status","newStatus":"draft","terms":[],"taxonomy":"","extraData":[]},"publishpress_future_workflow_manual_trigger":{"enabledWorkflows":[]},"_links":{"self":[{"href":"https:\/\/wp.ufpel.edu.br\/enghidrica\/wp-json\/wp\/v2\/pages\/2559","targetHints":{"allow":["GET"]}}],"collection":[{"href":"https:\/\/wp.ufpel.edu.br\/enghidrica\/wp-json\/wp\/v2\/pages"}],"about":[{"href":"https:\/\/wp.ufpel.edu.br\/enghidrica\/wp-json\/wp\/v2\/types\/page"}],"author":[{"embeddable":true,"href":"https:\/\/wp.ufpel.edu.br\/enghidrica\/wp-json\/wp\/v2\/users\/598"}],"replies":[{"embeddable":true,"href":"https:\/\/wp.ufpel.edu.br\/enghidrica\/wp-json\/wp\/v2\/comments?post=2559"}],"version-history":[{"count":2,"href":"https:\/\/wp.ufpel.edu.br\/enghidrica\/wp-json\/wp\/v2\/pages\/2559\/revisions"}],"predecessor-version":[{"id":3008,"href":"https:\/\/wp.ufpel.edu.br\/enghidrica\/wp-json\/wp\/v2\/pages\/2559\/revisions\/3008"}],"wp:attachment":[{"href":"https:\/\/wp.ufpel.edu.br\/enghidrica\/wp-json\/wp\/v2\/media?parent=2559"}],"curies":[{"name":"wp","href":"https:\/\/api.w.org\/{rel}","templated":true}]}}