{"id":2488,"date":"2023-11-12T17:00:43","date_gmt":"2023-11-12T20:00:43","guid":{"rendered":"https:\/\/wp.ufpel.edu.br\/enghidrica\/?page_id=2488"},"modified":"2023-11-12T17:00:43","modified_gmt":"2023-11-12T20:00:43","slug":"tecnicos","status":"publish","type":"page","link":"https:\/\/wp.ufpel.edu.br\/enghidrica\/o-curso\/tecnicos\/","title":{"rendered":"T\u00e9cnicos"},"content":{"rendered":"<p>FRANCINE VARGAS RIBEIRO<\/p>\n<p>(Assistente em Administra\u00e7\u00e3o)<\/p>\n<p>&nbsp;<\/p>\n<p>REGINALDO GALSKI BONCZYNSKI<\/p>\n<p>(T\u00e9cnico em Hidrologia)<\/p>\n","protected":false},"excerpt":{"rendered":"<p>FRANCINE VARGAS RIBEIRO (Assistente em Administra\u00e7\u00e3o) &nbsp; REGINALDO GALSKI BONCZYNSKI (T\u00e9cnico em Hidrologia)<\/p>\n","protected":false},"author":598,"featured_media":0,"parent":2450,"menu_order":0,"comment_status":"closed","ping_status":"closed","template":"","meta":{"jetpack_post_was_ever_published":false,"footnotes":""},"class_list":["post-2488","page","type-page","status-publish","hentry"],"jetpack_sharing_enabled":true,"jetpack_shortlink":"https:\/\/wp.me\/P8gexX-E8","jetpack-related-posts":[],"publishpress_future_action":{"enabled":false,"date":"2026-05-13 03:01:06","action":"change-status","newStatus":"draft","terms":[],"taxonomy":"","extraData":[]},"publishpress_future_workflow_manual_trigger":{"enabledWorkflows":[]},"_links":{"self":[{"href":"https:\/\/wp.ufpel.edu.br\/enghidrica\/wp-json\/wp\/v2\/pages\/2488","targetHints":{"allow":["GET"]}}],"collection":[{"href":"https:\/\/wp.ufpel.edu.br\/enghidrica\/wp-json\/wp\/v2\/pages"}],"about":[{"href":"https:\/\/wp.ufpel.edu.br\/enghidrica\/wp-json\/wp\/v2\/types\/page"}],"author":[{"embeddable":true,"href":"https:\/\/wp.ufpel.edu.br\/enghidrica\/wp-json\/wp\/v2\/users\/598"}],"replies":[{"embeddable":true,"href":"https:\/\/wp.ufpel.edu.br\/enghidrica\/wp-json\/wp\/v2\/comments?post=2488"}],"version-history":[{"count":1,"href":"https:\/\/wp.ufpel.edu.br\/enghidrica\/wp-json\/wp\/v2\/pages\/2488\/revisions"}],"predecessor-version":[{"id":2489,"href":"https:\/\/wp.ufpel.edu.br\/enghidrica\/wp-json\/wp\/v2\/pages\/2488\/revisions\/2489"}],"up":[{"embeddable":true,"href":"https:\/\/wp.ufpel.edu.br\/enghidrica\/wp-json\/wp\/v2\/pages\/2450"}],"wp:attachment":[{"href":"https:\/\/wp.ufpel.edu.br\/enghidrica\/wp-json\/wp\/v2\/media?parent=2488"}],"curies":[{"name":"wp","href":"https:\/\/api.w.org\/{rel}","templated":true}]}}