{"id":2471,"date":"2023-11-12T15:31:17","date_gmt":"2023-11-12T18:31:17","guid":{"rendered":"https:\/\/wp.ufpel.edu.br\/enghidrica\/?page_id=2471"},"modified":"2023-11-12T16:55:23","modified_gmt":"2023-11-12T19:55:23","slug":"competencias-e-habilidades","status":"publish","type":"page","link":"https:\/\/wp.ufpel.edu.br\/enghidrica\/o-curso\/competencias-e-habilidades\/","title":{"rendered":"Compet\u00eancias e habilidades"},"content":{"rendered":"<p style=\"text-align: justify;\">Em conson\u00e2ncia com a RESOLU\u00c7\u00c3O N\u00ba 02, de 24 de abril de 2019, que institui as Diretrizes Curriculares Nacionais do Curso de Gradua\u00e7\u00e3o em Engenharia, o egresso do curso de Gradua\u00e7\u00e3o em Engenharia H\u00eddrica deve desenvolver as seguintes compet\u00eancias e habilidades ao longo de sua gradua\u00e7\u00e3o:<\/p>\n<p style=\"text-align: justify;\">I. Formular e conceber solu\u00e7\u00f5es desej\u00e1veis de engenharia, analisando e compreendendo os usu\u00e1rios dessas solu\u00e7\u00f5es e seu contexto;<br \/>\nII. Analisar e compreender os fen\u00f4menos f\u00edsicos e qu\u00edmicos por meio de modelos simb\u00f3licos, f\u00edsicos e outros, verificados e validados por experimenta\u00e7\u00e3o;<br \/>\nIII. Conceber, projetar e analisar sistemas, produtos (bens e servi\u00e7os), componentes ou processos;<br \/>\nIV. Implantar, supervisionar e controlar as solu\u00e7\u00f5es de Engenharia;<br \/>\nV. Aplicar os conceitos de gest\u00e3o para planejar, supervisionar, elaborar e coordenar a implanta\u00e7\u00e3o das solu\u00e7\u00f5es de Engenharia;<br \/>\nVI. Comunicar-se eficazmente nas formas escrita, oral e gr\u00e1fica;<br \/>\nVII. Trabalhar em e liderar equipes multidisciplinares;<br \/>\nVIII. Conhecer e aplicar com \u00e9tica a legisla\u00e7\u00e3o e os atos normativos no \u00e2mbito do exerc\u00edcio da profiss\u00e3o;<br \/>\nIX. Aprender de forma aut\u00f4noma e lidar com situa\u00e7\u00f5es e contextos complexos, atualizando-se em rela\u00e7\u00e3o aos avan\u00e7os da ci\u00eancia, da tecnologia e aos desafios da inova\u00e7\u00e3o.<\/p>\n","protected":false},"excerpt":{"rendered":"<p>Em conson\u00e2ncia com a RESOLU\u00c7\u00c3O N\u00ba 02, de 24 de abril de 2019, que institui as Diretrizes Curriculares Nacionais do Curso de Gradua\u00e7\u00e3o em Engenharia, o egresso do curso de Gradua\u00e7\u00e3o em Engenharia H\u00eddrica deve desenvolver as seguintes compet\u00eancias e habilidades ao longo de sua gradua\u00e7\u00e3o: I. Formular e conceber solu\u00e7\u00f5es desej\u00e1veis de engenharia, analisando [&hellip;]<\/p>\n","protected":false},"author":598,"featured_media":0,"parent":2450,"menu_order":0,"comment_status":"closed","ping_status":"closed","template":"","meta":{"jetpack_post_was_ever_published":false,"footnotes":""},"class_list":["post-2471","page","type-page","status-publish","hentry"],"jetpack_sharing_enabled":true,"jetpack_shortlink":"https:\/\/wp.me\/P8gexX-DR","jetpack-related-posts":[],"publishpress_future_action":{"enabled":false,"date":"2026-04-25 20:09:50","action":"change-status","newStatus":"draft","terms":[],"taxonomy":"","extraData":[]},"publishpress_future_workflow_manual_trigger":{"enabledWorkflows":[]},"_links":{"self":[{"href":"https:\/\/wp.ufpel.edu.br\/enghidrica\/wp-json\/wp\/v2\/pages\/2471","targetHints":{"allow":["GET"]}}],"collection":[{"href":"https:\/\/wp.ufpel.edu.br\/enghidrica\/wp-json\/wp\/v2\/pages"}],"about":[{"href":"https:\/\/wp.ufpel.edu.br\/enghidrica\/wp-json\/wp\/v2\/types\/page"}],"author":[{"embeddable":true,"href":"https:\/\/wp.ufpel.edu.br\/enghidrica\/wp-json\/wp\/v2\/users\/598"}],"replies":[{"embeddable":true,"href":"https:\/\/wp.ufpel.edu.br\/enghidrica\/wp-json\/wp\/v2\/comments?post=2471"}],"version-history":[{"count":2,"href":"https:\/\/wp.ufpel.edu.br\/enghidrica\/wp-json\/wp\/v2\/pages\/2471\/revisions"}],"predecessor-version":[{"id":2484,"href":"https:\/\/wp.ufpel.edu.br\/enghidrica\/wp-json\/wp\/v2\/pages\/2471\/revisions\/2484"}],"up":[{"embeddable":true,"href":"https:\/\/wp.ufpel.edu.br\/enghidrica\/wp-json\/wp\/v2\/pages\/2450"}],"wp:attachment":[{"href":"https:\/\/wp.ufpel.edu.br\/enghidrica\/wp-json\/wp\/v2\/media?parent=2471"}],"curies":[{"name":"wp","href":"https:\/\/api.w.org\/{rel}","templated":true}]}}