{"id":2453,"date":"2023-10-29T01:33:59","date_gmt":"2023-10-29T04:33:59","guid":{"rendered":"https:\/\/wp.ufpel.edu.br\/enghidrica\/?page_id=2453"},"modified":"2026-03-02T23:16:41","modified_gmt":"2026-03-03T02:16:41","slug":"projeto-pedagogico","status":"publish","type":"page","link":"https:\/\/wp.ufpel.edu.br\/enghidrica\/o-curso\/projeto-pedagogico\/","title":{"rendered":"Projeto pedag\u00f3gico"},"content":{"rendered":"<p><strong>Projeto Pedag\u00f3gico vigente a partir de 2022 <\/strong><\/p>\n<p><a href=\"https:\/\/wp.ufpel.edu.br\/enghidrica\/files\/2026\/03\/PPC_2022_25mai_FINAL-com-codigos-novos-e-equivalencias-fisica-experimental-31.03.2025-v7-16.01.26-disciplinas-extensionistas.pdf\">PPC_2022_25mai_FINAL com c\u00f3digos novos e equival\u00eancias-f\u00edsica experimental 31.03.2025- v7-16.01.26 disciplinas extensionistas<\/a><\/p>\n<p>&nbsp;<\/p>\n<p>Atualizado em 16\/01\/2026<\/p>\n<p>&nbsp;<\/p>\n<p><strong>Projeto Pedag\u00f3gico 2014<\/strong><\/p>\n<p><a href=\"https:\/\/wp.ufpel.edu.br\/enghidrica\/files\/2023\/11\/PROJETO-PEDAGOGICO-2014.pdf\">PROJETO-PEDAG\u00d3GICO-2014<\/a><\/p>\n","protected":false},"excerpt":{"rendered":"<p>Projeto Pedag\u00f3gico vigente a partir de 2022 PPC_2022_25mai_FINAL com c\u00f3digos novos e equival\u00eancias-f\u00edsica experimental 31.03.2025- v7-16.01.26 disciplinas extensionistas &nbsp; Atualizado em 16\/01\/2026 &nbsp; Projeto Pedag\u00f3gico 2014 PROJETO-PEDAG\u00d3GICO-2014<\/p>\n","protected":false},"author":598,"featured_media":0,"parent":2450,"menu_order":0,"comment_status":"closed","ping_status":"closed","template":"","meta":{"jetpack_post_was_ever_published":false,"footnotes":""},"class_list":["post-2453","page","type-page","status-publish","hentry"],"jetpack_sharing_enabled":true,"jetpack_shortlink":"https:\/\/wp.me\/P8gexX-Dz","jetpack-related-posts":[],"publishpress_future_action":{"enabled":false,"date":"2026-05-12 13:34:39","action":"change-status","newStatus":"draft","terms":[],"taxonomy":"","extraData":[]},"publishpress_future_workflow_manual_trigger":{"enabledWorkflows":[]},"_links":{"self":[{"href":"https:\/\/wp.ufpel.edu.br\/enghidrica\/wp-json\/wp\/v2\/pages\/2453","targetHints":{"allow":["GET"]}}],"collection":[{"href":"https:\/\/wp.ufpel.edu.br\/enghidrica\/wp-json\/wp\/v2\/pages"}],"about":[{"href":"https:\/\/wp.ufpel.edu.br\/enghidrica\/wp-json\/wp\/v2\/types\/page"}],"author":[{"embeddable":true,"href":"https:\/\/wp.ufpel.edu.br\/enghidrica\/wp-json\/wp\/v2\/users\/598"}],"replies":[{"embeddable":true,"href":"https:\/\/wp.ufpel.edu.br\/enghidrica\/wp-json\/wp\/v2\/comments?post=2453"}],"version-history":[{"count":4,"href":"https:\/\/wp.ufpel.edu.br\/enghidrica\/wp-json\/wp\/v2\/pages\/2453\/revisions"}],"predecessor-version":[{"id":3045,"href":"https:\/\/wp.ufpel.edu.br\/enghidrica\/wp-json\/wp\/v2\/pages\/2453\/revisions\/3045"}],"up":[{"embeddable":true,"href":"https:\/\/wp.ufpel.edu.br\/enghidrica\/wp-json\/wp\/v2\/pages\/2450"}],"wp:attachment":[{"href":"https:\/\/wp.ufpel.edu.br\/enghidrica\/wp-json\/wp\/v2\/media?parent=2453"}],"curies":[{"name":"wp","href":"https:\/\/api.w.org\/{rel}","templated":true}]}}