{"id":2450,"date":"2023-10-29T01:28:16","date_gmt":"2023-10-29T04:28:16","guid":{"rendered":"https:\/\/wp.ufpel.edu.br\/enghidrica\/?page_id=2450"},"modified":"2025-03-20T13:49:34","modified_gmt":"2025-03-20T16:49:34","slug":"o-curso","status":"publish","type":"page","link":"https:\/\/wp.ufpel.edu.br\/enghidrica\/o-curso\/","title":{"rendered":"O curso"},"content":{"rendered":"<p style=\"text-align: justify;\">O curso de gradua\u00e7\u00e3o em Engenharia H\u00eddrica (Bacharelado) da UFPel foi reconhecido pelo MEC atrav\u00e9s da Portaria N\u00b0 618, de 21 de novembro de 2013, publicada no Di\u00e1rio Oficial da Uni\u00e3o em 22 de novembro de 2013, nas p\u00e1ginas 30 e 31 da se\u00e7\u00e3o 1.<br \/>\nA estrutura f\u00edsica deste curso, situada no munic\u00edpio de Pelotas, conta com uma localiza\u00e7\u00e3o geogr\u00e1fica privilegiada em termos de recursos h\u00eddricos e tamb\u00e9m uma diversidade de recursos naturais. Al\u00e9m disso, situa-se em uma regi\u00e3o transfronteiri\u00e7a com o Uruguai, sendo portanto, um curso que pode protagonizar estudos, pesquisas e atividades extensionistas, bem como formar recursos humanos, que venham a contribuir para as quest\u00f5es sociais, econ\u00f4micas e ambientais.<br \/>\nAl\u00e9m da proximidade com o maior porto mar\u00edtimo do sul do Brasil, a regi\u00e3o tamb\u00e9m disp\u00f5e de uma malha hidrogr\u00e1fica capaz de impor adequado sistema hidrovi\u00e1rio que permite uma verdadeira integra\u00e7\u00e3o com o vizinho Uruguai, permitindo escoamento de produtos.<\/p>\n","protected":false},"excerpt":{"rendered":"<p>O curso de gradua\u00e7\u00e3o em Engenharia H\u00eddrica (Bacharelado) da UFPel foi reconhecido pelo MEC atrav\u00e9s da Portaria N\u00b0 618, de 21 de novembro de 2013, publicada no Di\u00e1rio Oficial da Uni\u00e3o em 22 de novembro de 2013, nas p\u00e1ginas 30 e 31 da se\u00e7\u00e3o 1. A estrutura f\u00edsica deste curso, situada no munic\u00edpio de Pelotas, [&hellip;]<\/p>\n","protected":false},"author":598,"featured_media":0,"parent":0,"menu_order":0,"comment_status":"closed","ping_status":"closed","template":"","meta":{"jetpack_post_was_ever_published":false,"footnotes":""},"class_list":["post-2450","page","type-page","status-publish","hentry"],"jetpack_sharing_enabled":true,"jetpack_shortlink":"https:\/\/wp.me\/P8gexX-Dw","jetpack-related-posts":[],"publishpress_future_action":{"enabled":false,"date":"2026-04-22 21:48:59","action":"change-status","newStatus":"draft","terms":[],"taxonomy":"","extraData":[]},"publishpress_future_workflow_manual_trigger":{"enabledWorkflows":[]},"_links":{"self":[{"href":"https:\/\/wp.ufpel.edu.br\/enghidrica\/wp-json\/wp\/v2\/pages\/2450","targetHints":{"allow":["GET"]}}],"collection":[{"href":"https:\/\/wp.ufpel.edu.br\/enghidrica\/wp-json\/wp\/v2\/pages"}],"about":[{"href":"https:\/\/wp.ufpel.edu.br\/enghidrica\/wp-json\/wp\/v2\/types\/page"}],"author":[{"embeddable":true,"href":"https:\/\/wp.ufpel.edu.br\/enghidrica\/wp-json\/wp\/v2\/users\/598"}],"replies":[{"embeddable":true,"href":"https:\/\/wp.ufpel.edu.br\/enghidrica\/wp-json\/wp\/v2\/comments?post=2450"}],"version-history":[{"count":3,"href":"https:\/\/wp.ufpel.edu.br\/enghidrica\/wp-json\/wp\/v2\/pages\/2450\/revisions"}],"predecessor-version":[{"id":2804,"href":"https:\/\/wp.ufpel.edu.br\/enghidrica\/wp-json\/wp\/v2\/pages\/2450\/revisions\/2804"}],"wp:attachment":[{"href":"https:\/\/wp.ufpel.edu.br\/enghidrica\/wp-json\/wp\/v2\/media?parent=2450"}],"curies":[{"name":"wp","href":"https:\/\/api.w.org\/{rel}","templated":true}]}}