{"id":2437,"date":"2023-10-29T01:09:40","date_gmt":"2023-10-29T04:09:40","guid":{"rendered":"https:\/\/wp.ufpel.edu.br\/enghidrica\/?page_id=2437"},"modified":"2025-08-21T19:15:09","modified_gmt":"2025-08-21T22:15:09","slug":"deixe-seu-recado","status":"publish","type":"page","link":"https:\/\/wp.ufpel.edu.br\/enghidrica\/deixe-seu-recado\/","title":{"rendered":"Deixe seu recado"},"content":{"rendered":"<p>Caros alunos,<\/p>\n<div>Acesse o formul\u00e1rio abaixo e se manifeste de forma an\u00f4nima para a coordena\u00e7\u00e3o do curso.<\/div>\n<p><a href=\"https:\/\/forms.gle\/Jkqjnf1k4Y5A9XgZ8\">https:\/\/forms.gle\/Jkqjnf1k4Y5A9XgZ8<\/a><\/p>\n","protected":false},"excerpt":{"rendered":"<p>Caros alunos, Acesse o formul\u00e1rio abaixo e se manifeste de forma an\u00f4nima para a coordena\u00e7\u00e3o do curso. https:\/\/forms.gle\/Jkqjnf1k4Y5A9XgZ8<\/p>\n","protected":false},"author":598,"featured_media":0,"parent":0,"menu_order":0,"comment_status":"closed","ping_status":"closed","template":"","meta":{"jetpack_post_was_ever_published":false,"footnotes":""},"class_list":["post-2437","page","type-page","status-publish","hentry"],"jetpack_sharing_enabled":true,"jetpack_shortlink":"https:\/\/wp.me\/P8gexX-Dj","jetpack-related-posts":[],"publishpress_future_action":{"enabled":false,"date":"2026-05-05 06:16:08","action":"change-status","newStatus":"draft","terms":[],"taxonomy":"","extraData":[]},"publishpress_future_workflow_manual_trigger":{"enabledWorkflows":[]},"_links":{"self":[{"href":"https:\/\/wp.ufpel.edu.br\/enghidrica\/wp-json\/wp\/v2\/pages\/2437","targetHints":{"allow":["GET"]}}],"collection":[{"href":"https:\/\/wp.ufpel.edu.br\/enghidrica\/wp-json\/wp\/v2\/pages"}],"about":[{"href":"https:\/\/wp.ufpel.edu.br\/enghidrica\/wp-json\/wp\/v2\/types\/page"}],"author":[{"embeddable":true,"href":"https:\/\/wp.ufpel.edu.br\/enghidrica\/wp-json\/wp\/v2\/users\/598"}],"replies":[{"embeddable":true,"href":"https:\/\/wp.ufpel.edu.br\/enghidrica\/wp-json\/wp\/v2\/comments?post=2437"}],"version-history":[{"count":2,"href":"https:\/\/wp.ufpel.edu.br\/enghidrica\/wp-json\/wp\/v2\/pages\/2437\/revisions"}],"predecessor-version":[{"id":2954,"href":"https:\/\/wp.ufpel.edu.br\/enghidrica\/wp-json\/wp\/v2\/pages\/2437\/revisions\/2954"}],"wp:attachment":[{"href":"https:\/\/wp.ufpel.edu.br\/enghidrica\/wp-json\/wp\/v2\/media?parent=2437"}],"curies":[{"name":"wp","href":"https:\/\/api.w.org\/{rel}","templated":true}]}}