{"id":2407,"date":"2023-10-11T23:21:36","date_gmt":"2023-10-12T02:21:36","guid":{"rendered":"https:\/\/wp.ufpel.edu.br\/enghidrica\/?page_id=2407"},"modified":"2023-10-11T23:34:24","modified_gmt":"2023-10-12T02:34:24","slug":"coordenadores","status":"publish","type":"page","link":"https:\/\/wp.ufpel.edu.br\/enghidrica\/coordenadores\/","title":{"rendered":"Coordenadores"},"content":{"rendered":"<p>Per\u00edodo 2023 &#8211; atual<\/p>\n<p>Luis Eduardo Akiyoshi Sanches Suzuki (Coordenador)<\/p>\n<p>Clause de F\u00e1tima Brum Piana (Coordenadora Adjunta)<\/p>\n<p>&nbsp;<\/p>\n<p>Per\u00edodo 2021 &#8211; 2023<\/p>\n<p>Felipe de Lucia Lobo (Coordenador)<\/p>\n<p>Leonardo Contreira Pereira (Coordenador Adjunto)<\/p>\n<p>&nbsp;<\/p>\n<p>Per\u00edodo 2019 &#8211; 2021<\/p>\n<p>Ricardo Scherer Pohndorf (Coordenador)<\/p>\n<p>Viviane Santos Silva Terra (Coordenadora Adjunta)<\/p>\n<p>&nbsp;<\/p>\n<p>Per\u00edodo 2018 &#8211; 2019<\/p>\n<p>Idel Cristiana Bigliardi Milani (Coordenadora)<\/p>\n<p>&nbsp;<\/p>\n<p>Per\u00edodo 2017 &#8211; 2018<\/p>\n<p>Juliana Pertille da Silva (Coordenadora)<\/p>\n<p>Samuel Beskow (Coordenador Adjunto)<\/p>\n<p>&nbsp;<\/p>\n<p>Per\u00edodo 2015 &#8211; 2017<\/p>\n<p>Maur\u00edcio Dai Pr\u00e1 (Coordenador)<\/p>\n<p>Sicl\u00e9rio Ahlert\/Jo\u00e3o Francisco Carlexo Horn (Coordenador Adjunto)<\/p>\n<p>&nbsp;<\/p>\n<p>Per\u00edodo 2013 &#8211; 2015<\/p>\n<p>Idel Cristiana Bigliardi Milani (Coordenadora)<\/p>\n<p>Luis Eduardo Akiyoshi Sanches Suzuki (Coordenador Adjunto)<\/p>\n<p>&nbsp;<\/p>\n<p>Per\u00edodo 2009 &#8211; 2013<\/p>\n<p>Gilberto Loguercio Collares (Coordenador)<\/p>\n","protected":false},"excerpt":{"rendered":"<p>Per\u00edodo 2023 &#8211; atual Luis Eduardo Akiyoshi Sanches Suzuki (Coordenador) Clause de F\u00e1tima Brum Piana (Coordenadora Adjunta) &nbsp; Per\u00edodo 2021 &#8211; 2023 Felipe de Lucia Lobo (Coordenador) Leonardo Contreira Pereira (Coordenador Adjunto) &nbsp; Per\u00edodo 2019 &#8211; 2021 Ricardo Scherer Pohndorf (Coordenador) Viviane Santos Silva Terra (Coordenadora Adjunta) &nbsp; Per\u00edodo 2018 &#8211; 2019 Idel Cristiana Bigliardi [&hellip;]<\/p>\n","protected":false},"author":598,"featured_media":0,"parent":0,"menu_order":0,"comment_status":"closed","ping_status":"closed","template":"","meta":{"jetpack_post_was_ever_published":false,"footnotes":""},"class_list":["post-2407","page","type-page","status-publish","hentry"],"jetpack_sharing_enabled":true,"jetpack_shortlink":"https:\/\/wp.me\/P8gexX-CP","jetpack-related-posts":[],"publishpress_future_action":{"enabled":false,"date":"2026-04-15 04:39:13","action":"change-status","newStatus":"draft","terms":[],"taxonomy":"","extraData":[]},"publishpress_future_workflow_manual_trigger":{"enabledWorkflows":[]},"_links":{"self":[{"href":"https:\/\/wp.ufpel.edu.br\/enghidrica\/wp-json\/wp\/v2\/pages\/2407","targetHints":{"allow":["GET"]}}],"collection":[{"href":"https:\/\/wp.ufpel.edu.br\/enghidrica\/wp-json\/wp\/v2\/pages"}],"about":[{"href":"https:\/\/wp.ufpel.edu.br\/enghidrica\/wp-json\/wp\/v2\/types\/page"}],"author":[{"embeddable":true,"href":"https:\/\/wp.ufpel.edu.br\/enghidrica\/wp-json\/wp\/v2\/users\/598"}],"replies":[{"embeddable":true,"href":"https:\/\/wp.ufpel.edu.br\/enghidrica\/wp-json\/wp\/v2\/comments?post=2407"}],"version-history":[{"count":2,"href":"https:\/\/wp.ufpel.edu.br\/enghidrica\/wp-json\/wp\/v2\/pages\/2407\/revisions"}],"predecessor-version":[{"id":2409,"href":"https:\/\/wp.ufpel.edu.br\/enghidrica\/wp-json\/wp\/v2\/pages\/2407\/revisions\/2409"}],"wp:attachment":[{"href":"https:\/\/wp.ufpel.edu.br\/enghidrica\/wp-json\/wp\/v2\/media?parent=2407"}],"curies":[{"name":"wp","href":"https:\/\/api.w.org\/{rel}","templated":true}]}}