{"id":1675,"date":"2019-04-08T20:58:53","date_gmt":"2019-04-08T23:58:53","guid":{"rendered":"https:\/\/wp.ufpel.edu.br\/enghidrica\/?page_id=1675"},"modified":"2024-06-21T23:07:08","modified_gmt":"2024-06-22T02:07:08","slug":"regimento-de-laboratorios","status":"publish","type":"page","link":"https:\/\/wp.ufpel.edu.br\/enghidrica\/regimento-de-laboratorios\/","title":{"rendered":"Regimento de laborat\u00f3rios"},"content":{"rendered":"<p><a href=\"https:\/\/wp.ufpel.edu.br\/enghidrica\/files\/2024\/01\/Res-COCEPE-37.2016-regimento-geral-dos-laboratorios-da-UFPel.pdf\">Regimento geral dos laborat\u00f3rios da UFPel<\/a><\/p>\n<p><a href=\"https:\/\/wp.ufpel.edu.br\/enghidrica\/files\/2019\/04\/Regimento-de-Laboratorios-EH.pdf\">Regimento de Laborat\u00f3rios EH<\/a><\/p>\n<p><a href=\"https:\/\/wp.ufpel.edu.br\/enghidrica\/files\/2024\/06\/Regimento-Laboratorio-informatica.pdf\">Regimento do Laborat\u00f3rio de Inform\u00e1tica Aplicada aos Recursos H\u00eddricos<\/a><\/p>\n","protected":false},"excerpt":{"rendered":"<p>Regimento geral dos laborat\u00f3rios da UFPel Regimento de Laborat\u00f3rios EH Regimento do Laborat\u00f3rio de Inform\u00e1tica Aplicada aos Recursos H\u00eddricos<\/p>\n","protected":false},"author":598,"featured_media":0,"parent":0,"menu_order":0,"comment_status":"closed","ping_status":"closed","template":"","meta":{"jetpack_post_was_ever_published":false,"footnotes":""},"class_list":["post-1675","page","type-page","status-publish","hentry"],"jetpack_sharing_enabled":true,"jetpack_shortlink":"https:\/\/wp.me\/P8gexX-r1","jetpack-related-posts":[],"publishpress_future_action":{"enabled":false,"date":"2026-04-15 04:08:20","action":"change-status","newStatus":"draft","terms":[],"taxonomy":"","extraData":[]},"publishpress_future_workflow_manual_trigger":{"enabledWorkflows":[]},"_links":{"self":[{"href":"https:\/\/wp.ufpel.edu.br\/enghidrica\/wp-json\/wp\/v2\/pages\/1675","targetHints":{"allow":["GET"]}}],"collection":[{"href":"https:\/\/wp.ufpel.edu.br\/enghidrica\/wp-json\/wp\/v2\/pages"}],"about":[{"href":"https:\/\/wp.ufpel.edu.br\/enghidrica\/wp-json\/wp\/v2\/types\/page"}],"author":[{"embeddable":true,"href":"https:\/\/wp.ufpel.edu.br\/enghidrica\/wp-json\/wp\/v2\/users\/598"}],"replies":[{"embeddable":true,"href":"https:\/\/wp.ufpel.edu.br\/enghidrica\/wp-json\/wp\/v2\/comments?post=1675"}],"version-history":[{"count":5,"href":"https:\/\/wp.ufpel.edu.br\/enghidrica\/wp-json\/wp\/v2\/pages\/1675\/revisions"}],"predecessor-version":[{"id":2677,"href":"https:\/\/wp.ufpel.edu.br\/enghidrica\/wp-json\/wp\/v2\/pages\/1675\/revisions\/2677"}],"wp:attachment":[{"href":"https:\/\/wp.ufpel.edu.br\/enghidrica\/wp-json\/wp\/v2\/media?parent=1675"}],"curies":[{"name":"wp","href":"https:\/\/api.w.org\/{rel}","templated":true}]}}