{"id":1573,"date":"2018-10-03T22:25:32","date_gmt":"2018-10-04T01:25:32","guid":{"rendered":"https:\/\/wp.ufpel.edu.br\/enghidrica\/?page_id=1573"},"modified":"2024-12-05T10:48:31","modified_gmt":"2024-12-05T13:48:31","slug":"trabalho-de-conclusao-de-curso","status":"publish","type":"page","link":"https:\/\/wp.ufpel.edu.br\/enghidrica\/trabalho-de-conclusao-de-curso\/","title":{"rendered":"Trabalho de Conclus\u00e3o de Curso"},"content":{"rendered":"<p style=\"text-align: center;\"><strong>TRABALHO DE CONCLUS\u00c3O DE CURSO<\/strong><\/p>\n<p style=\"text-align: justify;\">O Trabalho de Conclus\u00e3o de Curso (TCC) \u00e9 dividido em <strong>Trabalho de Conclus\u00e3o de Curso I<\/strong> e <strong>Trabalho de Conclus\u00e3o de Curso II<\/strong>, para ser desenvolvido ao longo do 9\u00b0 e 10\u00b0 semestres, respectivamente, totalizando 2 cr\u00e9ditos.<\/p>\n<p style=\"text-align: justify;\"><strong>Para a matr\u00edcula na componente curricular \u201cTrabalho de Conclus\u00e3o de Curso I\u201d, o aluno deve ter cursado a disciplina de Tutoria Acad\u00eamico-Profissional ou de acordo com avalia\u00e7\u00e3o do Colegiado de Curso.<\/strong><\/p>\n<p style=\"text-align: justify;\">O TCC pode estar vinculado \u00e0s atividades de est\u00e1gio curricular supervisionado ou a atividades desenvolvidas associadas a projetos de pesquisa, diretamente relacionados \u00e0 sua forma\u00e7\u00e3o profissional. As experi\u00eancias adquiridas ser\u00e3o relatadas e apresentadas em formato de monografia ou de relat\u00f3rio t\u00e9cnico de um projeto de Engenharia. Outras formas poder\u00e3o ser aceitas mediante autoriza\u00e7\u00e3o e reconhecimento do Colegiado do Curso, a partir de an\u00e1lise espec\u00edfica do caso, n\u00e3o se constituindo como precedente para demais casos.<\/p>\n<p style=\"text-align: justify;\">O <strong>Trabalho de Conclus\u00e3o de Curso I<\/strong> dever\u00e1 ser conduzido entre o Orientador e o orientando, sendo que o Orientador dever\u00e1 avaliar o aluno e registrar a(s) nota(s) referente \u00e0(s) avalia\u00e7\u00e3o(\u00f5es) respeitando o calend\u00e1rio acad\u00eamico da UFPel. A(s) forma(s) de avalia\u00e7\u00e3o(\u00f5es) ficar\u00e1(\u00e3o) a crit\u00e9rio do Orientador. No <strong>Trabalho de Conclus\u00e3o de Curso II<\/strong> \u00e9 realizada uma apresenta\u00e7\u00e3o formal do trabalho, sendo avaliado perante uma banca examinadora composta por um grupo de avaliadores que ter\u00e1 o Orientador e, no m\u00ednimo, mais dois membros indicados pelo Orientador que poder\u00e3o ser professores graduados, pesquisadores graduados, p\u00f3s-graduandos, p\u00f3s-doutorandos, mestres, doutores, com qualifica\u00e7\u00e3o na \u00e1rea do trabalho.<\/p>\n<p style=\"text-align: justify;\">O Orientador, dever\u00e1 ser docente do quadro de pessoal da UFPel, que atue no curso de origem do\/da discente e com conhecimento comprovado na \u00e1rea espec\u00edfica em que o trabalho ser\u00e1 realizado. <strong>Uma vez havendo o aceite da orienta\u00e7\u00e3o, o orientador dever\u00e1 preencher a &#8220;<a href=\"https:\/\/wp.ufpel.edu.br\/enghidrica\/files\/2022\/08\/TCC-carta-compromisso-orientador-1.docx\">Carta de compromisso do orientador<\/a>&#8221; e encaminhar ao colegiado de curso no prazo de at\u00e9 quatro semanas ap\u00f3s o in\u00edcio do semestre letivo<\/strong>.<\/p>\n<p style=\"text-align: justify;\">O TCC poder\u00e1 ter coorientador, a crit\u00e9rio do Orientador, sendo que este poder\u00e1 ser professor ou pesquisador graduado da pr\u00f3pria UFPel ou de outra institui\u00e7\u00e3o.<\/p>\n<p>&nbsp;<\/p>\n<p style=\"text-align: center;\"><strong>REGULAMENTO DO TRABALHO DE CONCLUS\u00c3O DE CURSO<\/strong><\/p>\n<p style=\"text-align: justify;\">1. O Trabalho de Conclus\u00e3o de Curso (TCC) \u00e9 uma atividade curricular obrigat\u00f3ria do Curso de Engenharia H\u00eddrica, e consistir\u00e1 de um trabalho apresentado em formato de monografia ou de relat\u00f3rio t\u00e9cnico de um projeto de engenharia, a ser elaborado individualmente pelo estudante sob a orienta\u00e7\u00e3o de um docente da UFPel.<br \/>\n2. O Trabalho de Conclus\u00e3o de Curso dever\u00e1 abordar temas referentes \u00e0s \u00e1reas da Engenharia H\u00eddrica.<br \/>\n3. O trabalho dever\u00e1 ser elaborado segundo as Normas da Associa\u00e7\u00e3o Brasileira de Normas T\u00e9cnicas (ABNT) e do \u201c<strong><a href=\"https:\/\/wp.ufpel.edu.br\/sisbi\/files\/2023\/11\/Manual_Versao_atualizada_2023.pdf\">Manual de normas UFPel para trabalhos acad\u00eamicos<\/a><\/strong>\u201d.<br \/>\n4. Cabe ao aluno a iniciativa de procurar o orientador, que caso aceite a orienta\u00e7\u00e3o, <strong>dever\u00e1 encaminhar ao colegiado de curso, no prazo de at\u00e9 quatro semanas ap\u00f3s o in\u00edcio do semestre letivo, o compromisso de orienta\u00e7\u00e3o<\/strong> (<strong><a href=\"https:\/\/wp.ufpel.edu.br\/enghidrica\/files\/2022\/08\/TCC-carta-compromisso-orientador-1.docx\">Carta de compromisso do orientador<\/a><\/strong>). Para cada semestre de orienta\u00e7\u00e3o o docente orientador da UFPel ter\u00e1 contabilizado 2 (cr\u00e9ditos) ou 30 horas semestrais (disciplina de \u201cTrabalho de Conclus\u00e3o de Curso I\u201d e \u201cTrabalho de Conclus\u00e3o de Curso II\u201d), referente a orienta\u00e7\u00e3o de TCC.<br \/>\n5. A avalia\u00e7\u00e3o do TCC ser\u00e1 realizada a partir de uma banca examinadora composta por 3 (tr\u00eas) membros, sendo eles o orientador, e dois outros membros indicados pelo orientador, podendo ser professores graduados, pesquisadores graduados, p\u00f3s-graduandos, p\u00f3s-doutorandos, mestres, doutores, com qualifica\u00e7\u00e3o na \u00e1rea do trabalho.<br \/>\n6. Na avalia\u00e7\u00e3o do TCC a banca considerar\u00e1 a reda\u00e7\u00e3o final e a defesa oral, ficando o\/a docente orientador\/orientadora isento da atribui\u00e7\u00e3o de nota ou conceito. O trabalho ser\u00e1 avaliado com uma nota m\u00ednima de 7,0 (sete) para ser aprovado, conforme o Regimento da Universidade.<br \/>\n7. A avalia\u00e7\u00e3o da banca examinadora obedecer\u00e1 aos seguintes crit\u00e9rios: conte\u00fado do trabalho escrito \u2013 peso 6,0; defesa oral \u2013 peso 4,0.\u00a0 A nota global ser\u00e1 obtida atrav\u00e9s de m\u00e9dia e somente divulgada, quando da entrega da vers\u00e3o final do trabalho ao Colegiado de Curso. No momento da defesa em banca o aluno apenas ser\u00e1 comunicado da sua aprova\u00e7\u00e3o ou n\u00e3o.<br \/>\n8. <strong>\u00c9 compet\u00eancia do orientador submeter ou n\u00e3o o trabalho \u00e0 avalia\u00e7\u00e3o final. Este encaminhamento dever\u00e1 ser realizado por via formal, remetendo ao Colegiado do Curso de Engenharia H\u00eddrica a &#8220;<a href=\"https:\/\/wp.ufpel.edu.br\/enghidrica\/files\/2022\/08\/TCC-carta-de-encaminhamento-do-TCC.docx\">Carta de encaminhamento do TCC<\/a>&#8220;, no prazo m\u00ednimo de quinze (15) dias da data prevista para a apresenta\u00e7\u00e3o p\u00fablica ou conforme prazo indicado pelos membros da banca.<\/strong><br \/>\n9. <strong>Cada aluno ter\u00e1 de 20 (vinte) a 30 (trinta) minutos para a defesa oral do trabalho<\/strong>, perante a banca examinadora. Ap\u00f3s a defesa, ser\u00e1 permitido questionamento de at\u00e9 20 (vinte) minutos por parte de cada membro da banca. A apresenta\u00e7\u00e3o p\u00fablica do TCC dever\u00e1 ocorrer nas depend\u00eancias da UFPel ou, ainda, por meio de uso da plataforma digital oficial da Universidade sendo que, nesse caso, dever\u00e1 a apresenta\u00e7\u00e3o ser realizada em tempo real (ao vivo) e gravada. A data de apresenta\u00e7\u00e3o do trabalho ser\u00e1 definida pelo orientador e divulgada para a comunidade com anteced\u00eancia m\u00ednima de sete (7) dias.<br \/>\n10. Para a defesa em banca, o trabalho dever\u00e1 ser entregue para cada membro da banca em data estabelecida pelo orientador. O trabalho a ser entregue poder\u00e1 ser no formato impresso ou digital, conforme exig\u00eancia de cada membro da banca.<br \/>\n11. <strong>O aluno ter\u00e1 um prazo de 10 dias \u00fateis para as reformula\u00e7\u00f5es propostas durante a defesa e dever\u00e1 entregar, com aval do orientador, uma c\u00f3pia no formato digital ao Colegiado de Curso<\/strong>. Momento este, em que conhecer\u00e1 a m\u00e9dia recebida pelo Trabalho de Conclus\u00e3o de Curso. O prazo final de entrega do TCC n\u00e3o dever\u00e1 exceder a data final do per\u00edodo de exames, conforme calend\u00e1rio acad\u00eamico da UFPel.<br \/>\n12. A convoca\u00e7\u00e3o da banca examinadora e a divulga\u00e7\u00e3o da data da defesa do trabalho ficar\u00e3o a cargo do Orientador ou do Colegiado do Curso de Engenharia H\u00eddrica, a crit\u00e9rio do orientador. A data para a defesa ocorrer\u00e1 dentro do per\u00edodo letivo previsto pelo Calend\u00e1rio Acad\u00eamico da UFPel.<br \/>\n13. Durante o processo de realiza\u00e7\u00e3o do TCC o orientador dever\u00e1:<br \/>\n13.1. Aconselhar ao aluno o cancelamento da defesa, caso constate a impossibilidade de conclus\u00e3o do trabalho;<br \/>\n13.2. Comunicar formalmente ao Colegiado do Curso, a impossibilidade de prosseguir a orienta\u00e7\u00e3o.<br \/>\n14. O aluno dever\u00e1 dar ci\u00eancia no Termo de Responsabilidade em Caso de Pl\u00e1gio, dispon\u00edvel no sistema COBALTO.<br \/>\n15. A substitui\u00e7\u00e3o do\/da docente orientador\/orientadora somente poder\u00e1 ser efetivada ap\u00f3s a avalia\u00e7\u00e3o e manifesta\u00e7\u00e3o favor\u00e1vel do Colegiado do Curso, assim como a defini\u00e7\u00e3o do\/da novo\/nova docente para assumir formalmente a responsabilidade pela orienta\u00e7\u00e3o do trabalho ser\u00e1 precedida da aprova\u00e7\u00e3o do Colegiado do Curso.<br \/>\n16. As situa\u00e7\u00f5es que n\u00e3o estiverem contempladas neste regulamento ou na Resolu\u00e7\u00e3o n\u00ba 65, de 28 de mar\u00e7o de 2024, ser\u00e3o apreciadas em reuni\u00e3o do Colegiado do Curso de Engenharia H\u00eddrica.<\/p>\n<p>&nbsp;<\/p>\n<p><strong>Documentos:<\/strong><\/p>\n<p><strong><a href=\"https:\/\/wp.ufpel.edu.br\/enghidrica\/files\/2022\/08\/TCC-carta-compromisso-orientador.docx\">Carta de compromisso do orientador<\/a><\/strong><\/p>\n<p><strong><a href=\"https:\/\/wp.ufpel.edu.br\/enghidrica\/files\/2022\/08\/TCC-carta-de-encaminhamento-do-TCC.docx\">Carta de encaminhamento do TCC<\/a><\/strong><\/p>\n<p><strong><a href=\"https:\/\/wp.ufpel.edu.br\/sisbi\/files\/2023\/11\/Manual_Versao_atualizada_2023.pdf\">Manual de normas UFPel para trabalhos acad\u00eamicos<\/a><\/strong><\/p>\n<p><a href=\"https:\/\/wp.ufpel.edu.br\/enghidrica\/files\/2024\/03\/Termo-TCC-e-TCCP.pdf\">Termo de autoriza\u00e7\u00e3o para inserir TCC (Gradua\u00e7\u00e3o) e TCCP (Especializa\u00e7\u00e3o) no Sistema de gerenciamento de acervo da UFPel<\/a><\/p>\n<p><strong><a href=\"https:\/\/wp.ufpel.edu.br\/enghidrica\/files\/2019\/08\/Modelo-TCC.doc\">Modelo TCC<\/a><\/strong><\/p>\n<p><a href=\"https:\/\/wp.ufpel.edu.br\/enghidrica\/files\/2024\/06\/Regulamento-do-TCC-Engenharia-Hidrica-junho-2024-v2.pdf\">Regulamento do TCC na \u00edntegra<\/a><\/p>\n<p><a href=\"https:\/\/wp.ufpel.edu.br\/enghidrica\/files\/2024\/06\/Resolucao-65-28.03.24-regulamento-TCC-na-UFPel.pdf\">Resolu\u00e7\u00e3o n\u00ba 65, de 28 de mar\u00e7o de 2024, a qual \u201cDisp\u00f5e sobre o Regulamento de Trabalhos de Conclus\u00e3o de Curso dos Cursos de Gradua\u00e7\u00e3o da UFPel\u201d<\/a><\/p>\n<p>Fonte: informa\u00e7\u00f5es adaptadas do Projeto Pedag\u00f3gico de Curso de Gradua\u00e7\u00e3o em Engenharia H\u00eddrica da UFPel<\/p>\n<p>&nbsp;<\/p>\n<p>Rela\u00e7\u00e3o de TCCs do curso de Engenharia H\u00eddrica:<\/p>\n<p><a href=\"https:\/\/wp.ufpel.edu.br\/enghidrica\/files\/2024\/12\/Egressos-titulo-tcc-orientador.pdf\">Egressos, t\u00edtulo tcc, orientador<\/a><\/p>\n","protected":false},"excerpt":{"rendered":"<p>TRABALHO DE CONCLUS\u00c3O DE CURSO O Trabalho de Conclus\u00e3o de Curso (TCC) \u00e9 dividido em Trabalho de Conclus\u00e3o de Curso I e Trabalho de Conclus\u00e3o de Curso II, para ser desenvolvido ao longo do 9\u00b0 e 10\u00b0 semestres, respectivamente, totalizando 2 cr\u00e9ditos. Para a matr\u00edcula na componente curricular \u201cTrabalho de Conclus\u00e3o de Curso I\u201d, o [&hellip;]<\/p>\n","protected":false},"author":598,"featured_media":0,"parent":0,"menu_order":0,"comment_status":"closed","ping_status":"closed","template":"","meta":{"jetpack_post_was_ever_published":false,"footnotes":""},"class_list":["post-1573","page","type-page","status-publish","hentry"],"jetpack_sharing_enabled":true,"jetpack_shortlink":"https:\/\/wp.me\/P8gexX-pn","jetpack-related-posts":[],"publishpress_future_action":{"enabled":false,"date":"2026-04-15 19:32:55","action":"change-status","newStatus":"draft","terms":[],"taxonomy":"","extraData":[]},"publishpress_future_workflow_manual_trigger":{"enabledWorkflows":[]},"_links":{"self":[{"href":"https:\/\/wp.ufpel.edu.br\/enghidrica\/wp-json\/wp\/v2\/pages\/1573","targetHints":{"allow":["GET"]}}],"collection":[{"href":"https:\/\/wp.ufpel.edu.br\/enghidrica\/wp-json\/wp\/v2\/pages"}],"about":[{"href":"https:\/\/wp.ufpel.edu.br\/enghidrica\/wp-json\/wp\/v2\/types\/page"}],"author":[{"embeddable":true,"href":"https:\/\/wp.ufpel.edu.br\/enghidrica\/wp-json\/wp\/v2\/users\/598"}],"replies":[{"embeddable":true,"href":"https:\/\/wp.ufpel.edu.br\/enghidrica\/wp-json\/wp\/v2\/comments?post=1573"}],"version-history":[{"count":14,"href":"https:\/\/wp.ufpel.edu.br\/enghidrica\/wp-json\/wp\/v2\/pages\/1573\/revisions"}],"predecessor-version":[{"id":2775,"href":"https:\/\/wp.ufpel.edu.br\/enghidrica\/wp-json\/wp\/v2\/pages\/1573\/revisions\/2775"}],"wp:attachment":[{"href":"https:\/\/wp.ufpel.edu.br\/enghidrica\/wp-json\/wp\/v2\/media?parent=1573"}],"curies":[{"name":"wp","href":"https:\/\/api.w.org\/{rel}","templated":true}]}}