{"id":1569,"date":"2018-10-03T22:01:04","date_gmt":"2018-10-04T01:01:04","guid":{"rendered":"https:\/\/wp.ufpel.edu.br\/enghidrica\/?page_id=1569"},"modified":"2025-03-20T14:05:57","modified_gmt":"2025-03-20T17:05:57","slug":"quebra-de-pre-requisito-2","status":"publish","type":"page","link":"https:\/\/wp.ufpel.edu.br\/enghidrica\/formularios\/quebra-de-pre-requisito-2\/","title":{"rendered":"Quebra de Pr\u00e9-Requisito"},"content":{"rendered":"<p style=\"text-align: center;\"><strong>QUEBRA DE PR\u00c9-REQUISITO<\/strong><\/p>\n<p class=\"has-16-undefined-undefined-font-size\" style=\"text-align: justify;\"><strong>Defini\u00e7\u00e3o<\/strong><br \/>\nA quebra de pr\u00e9-requisito pode ser requerida pelos discentes que t\u00eam a necessidade de cursar componente curricular sem ainda ter conclu\u00eddo todos os pr\u00e9-requisitos estabelecidos no projeto pedag\u00f3gico do curso.<\/p>\n<p class=\"has-16-undefined-undefined-font-size\" style=\"text-align: justify;\"><strong>Como solicitar<\/strong><br \/>\nO aluno que deseja solicitar quebra de pr\u00e9-requisito deve fazer o pedido diretamente no Colegiado de Curso, que analisar\u00e1 com base em crit\u00e9rios estabelecidos na Nota t\u00e9cnica n\u00b0 03\/2017 do COCEPE. Em caso de deferimento, o pr\u00f3prio Colegiado conceder\u00e1 a matr\u00edcula especial na disciplina desejada pelo aluno e arquivar\u00e1 o processo.<br \/>\nSe o pedido for indeferido, por\u00e9m, o aluno pode requerer que sua solicita\u00e7\u00e3o seja encaminhada ao COCEPE, que atuar\u00e1 como inst\u00e2ncia recursal.<\/p>\n<p style=\"text-align: justify;\">Formul\u00e1rio para solicita\u00e7\u00e3o de <a href=\"https:\/\/wp.ufpel.edu.br\/enghidrica\/files\/2018\/07\/quebra-de-pre-requisito.pdf\">quebra-de-pre-requisito<\/a><\/p>\n<p>Informa\u00e7\u00f5es adaptadas de\u00a0<a href=\"https:\/\/wp.ufpel.edu.br\/cra\/informacoes-academicas\/quebra-de-pre-requisito-2\/\">https:\/\/wp.ufpel.edu.br\/cra\/informacoes-academicas\/quebra-de-pre-requisito-2\/<\/a><\/p>\n","protected":false},"excerpt":{"rendered":"<p>QUEBRA DE PR\u00c9-REQUISITO Defini\u00e7\u00e3o A quebra de pr\u00e9-requisito pode ser requerida pelos discentes que t\u00eam a necessidade de cursar componente curricular sem ainda ter conclu\u00eddo todos os pr\u00e9-requisitos estabelecidos no projeto pedag\u00f3gico do curso. Como solicitar O aluno que deseja solicitar quebra de pr\u00e9-requisito deve fazer o pedido diretamente no Colegiado de Curso, que analisar\u00e1 [&hellip;]<\/p>\n","protected":false},"author":598,"featured_media":0,"parent":871,"menu_order":0,"comment_status":"closed","ping_status":"closed","template":"","meta":{"jetpack_post_was_ever_published":false,"footnotes":""},"class_list":["post-1569","page","type-page","status-publish","hentry"],"jetpack_sharing_enabled":true,"jetpack_shortlink":"https:\/\/wp.me\/P8gexX-pj","jetpack-related-posts":[],"publishpress_future_action":{"enabled":false,"date":"2026-04-15 04:38:40","action":"change-status","newStatus":"draft","terms":[],"taxonomy":"","extraData":[]},"publishpress_future_workflow_manual_trigger":{"enabledWorkflows":[]},"_links":{"self":[{"href":"https:\/\/wp.ufpel.edu.br\/enghidrica\/wp-json\/wp\/v2\/pages\/1569","targetHints":{"allow":["GET"]}}],"collection":[{"href":"https:\/\/wp.ufpel.edu.br\/enghidrica\/wp-json\/wp\/v2\/pages"}],"about":[{"href":"https:\/\/wp.ufpel.edu.br\/enghidrica\/wp-json\/wp\/v2\/types\/page"}],"author":[{"embeddable":true,"href":"https:\/\/wp.ufpel.edu.br\/enghidrica\/wp-json\/wp\/v2\/users\/598"}],"replies":[{"embeddable":true,"href":"https:\/\/wp.ufpel.edu.br\/enghidrica\/wp-json\/wp\/v2\/comments?post=1569"}],"version-history":[{"count":3,"href":"https:\/\/wp.ufpel.edu.br\/enghidrica\/wp-json\/wp\/v2\/pages\/1569\/revisions"}],"predecessor-version":[{"id":2808,"href":"https:\/\/wp.ufpel.edu.br\/enghidrica\/wp-json\/wp\/v2\/pages\/1569\/revisions\/2808"}],"up":[{"embeddable":true,"href":"https:\/\/wp.ufpel.edu.br\/enghidrica\/wp-json\/wp\/v2\/pages\/871"}],"wp:attachment":[{"href":"https:\/\/wp.ufpel.edu.br\/enghidrica\/wp-json\/wp\/v2\/media?parent=1569"}],"curies":[{"name":"wp","href":"https:\/\/api.w.org\/{rel}","templated":true}]}}