{"id":1562,"date":"2018-10-03T21:52:34","date_gmt":"2018-10-04T00:52:34","guid":{"rendered":"https:\/\/wp.ufpel.edu.br\/enghidrica\/?page_id=1562"},"modified":"2026-04-08T10:51:50","modified_gmt":"2026-04-08T13:51:50","slug":"disciplinas-optativas","status":"publish","type":"page","link":"https:\/\/wp.ufpel.edu.br\/enghidrica\/formularios\/disciplinas-optativas\/","title":{"rendered":"Disciplinas optativas"},"content":{"rendered":"<p style=\"text-align: center;\"><strong>DISCIPLINAS OPTATIVAS<\/strong><\/p>\n<p style=\"text-align: justify;\">As disciplinas optativas objetivam complementar a forma\u00e7\u00e3o dos estudantes, por meio de oportunidade de articula\u00e7\u00e3o entre diferentes \u00e1reas de conhecimento. Para tal, estas s\u00e3o oportunizadas ao longo do curso, viabilizando a flexibiliza\u00e7\u00e3o curricular e permitindo a op\u00e7\u00e3o por parte dos alunos em quais componentes cursar.<\/p>\n<p style=\"text-align: justify;\">Para o aluno estar apto para cola\u00e7\u00e3o de grau este dever\u00e1 ter cursado no <strong>m\u00ednimo 9 cr\u00e9ditos (135 horas) em disciplinas optativas<\/strong>.<\/p>\n<p><strong>\u00a0<\/strong><\/p>\n<p><strong>Componentes curriculares optativos<\/strong><\/p>\n<table width=\"644\">\n<tbody>\n<tr>\n<td rowspan=\"2\" width=\"75\"><strong>C\u00f3digo<\/strong><\/td>\n<td rowspan=\"2\" width=\"78\"><strong>Departamento ou Unidade<\/strong><\/td>\n<td rowspan=\"2\" width=\"148\"><strong>Componente Curricular<\/strong><\/td>\n<td rowspan=\"2\" width=\"87\"><strong>Pr\u00e9-Requisito<\/strong><\/td>\n<td rowspan=\"2\" width=\"36\">\n<p><strong>CH<\/strong><\/p>\n<p><strong>(h)<\/strong><\/td>\n<td width=\"28\">&nbsp;<\/td>\n<td width=\"33\">&nbsp;<\/td>\n<td width=\"27\">&nbsp;<\/td>\n<td width=\"40\">&nbsp;<\/td>\n<td width=\"46\">&nbsp;<\/td>\n<td width=\"46\">&nbsp;<\/td>\n<\/tr>\n<tr>\n<td width=\"28\"><strong>CR<\/strong><\/td>\n<td width=\"33\"><strong>T<\/strong><\/td>\n<td width=\"27\"><strong>E<\/strong><\/td>\n<td width=\"40\"><strong>P<\/strong><\/td>\n<td width=\"46\"><strong>EAD<\/strong><\/td>\n<td width=\"46\"><strong>EXT<\/strong><\/td>\n<\/tr>\n<tr>\n<td width=\"75\">22000125<\/td>\n<td width=\"78\">CDTec\/EH<\/td>\n<td width=\"148\">Leitura e Produ\u00e7\u00e3o Textual<\/td>\n<td width=\"87\">&#8211;<\/td>\n<td width=\"36\">30<\/td>\n<td width=\"28\">2<\/td>\n<td width=\"33\">2<\/td>\n<td width=\"27\">&nbsp;<\/td>\n<td width=\"40\">0<\/td>\n<td width=\"46\">&nbsp;<\/td>\n<td width=\"46\">&nbsp;<\/td>\n<\/tr>\n<tr>\n<td width=\"75\">15000920<\/td>\n<td width=\"78\">CENG<\/td>\n<td width=\"148\">Ci\u00eancia, Tecnologia e Sociedade<\/td>\n<td width=\"87\">&#8211;<\/td>\n<td width=\"36\">45<\/td>\n<td width=\"28\">3<\/td>\n<td width=\"33\">0<\/td>\n<td width=\"27\">&nbsp;<\/td>\n<td width=\"40\">0<\/td>\n<td width=\"46\">3<\/td>\n<td width=\"46\">&nbsp;<\/td>\n<\/tr>\n<tr>\n<td width=\"75\">22000551<\/td>\n<td width=\"78\">CDTec\/EH<\/td>\n<td width=\"148\">Reuso da \u00c1gua<\/td>\n<td width=\"87\">&#8211;<\/td>\n<td width=\"36\">45<\/td>\n<td width=\"28\">3<\/td>\n<td width=\"33\">3<\/td>\n<td width=\"27\">&nbsp;<\/td>\n<td width=\"40\">0<\/td>\n<td width=\"46\">&nbsp;<\/td>\n<td width=\"46\">&nbsp;<\/td>\n<\/tr>\n<tr>\n<td width=\"75\">20000084<\/td>\n<td width=\"78\">CLC<\/td>\n<td width=\"148\">L\u00edngua Brasileira de Sinais I (Libras I)<\/td>\n<td width=\"87\">&#8211;<\/td>\n<td width=\"36\">60<\/td>\n<td width=\"28\">4<\/td>\n<td width=\"33\">4<\/td>\n<td width=\"27\">&nbsp;<\/td>\n<td width=\"40\">0<\/td>\n<td width=\"46\">&nbsp;<\/td>\n<td width=\"46\">&nbsp;<\/td>\n<\/tr>\n<tr>\n<td width=\"75\">22000165<\/td>\n<td width=\"78\">CDTec\/EH<\/td>\n<td width=\"148\">Esta\u00e7\u00f5es de Recalque<\/td>\n<td width=\"87\">Hidr\u00e1ulica de Condutos For\u00e7ados<\/td>\n<td width=\"36\">45<\/td>\n<td width=\"28\">3<\/td>\n<td width=\"33\">2<\/td>\n<td width=\"27\">&nbsp;<\/td>\n<td width=\"40\">1<\/td>\n<td width=\"46\">&nbsp;<\/td>\n<td width=\"46\">&nbsp;<\/td>\n<\/tr>\n<tr>\n<td width=\"75\">22000156<\/td>\n<td width=\"78\">CDTec\/EH<\/td>\n<td width=\"148\">Fontes Alternativas de Energia<\/td>\n<td width=\"87\">&nbsp;<\/td>\n<td width=\"36\">45<\/td>\n<td width=\"28\">3<\/td>\n<td width=\"33\">1<\/td>\n<td width=\"27\">&nbsp;<\/td>\n<td width=\"40\">2<\/td>\n<td width=\"46\">&nbsp;<\/td>\n<td width=\"46\">&nbsp;<\/td>\n<\/tr>\n<tr>\n<td width=\"75\">22000157<\/td>\n<td width=\"78\">CDTec\/EH<\/td>\n<td width=\"148\">M\u00e9todos Computacionais Aplicados aos Recursos H\u00eddricos<\/td>\n<td width=\"87\">&#8211;<\/td>\n<td width=\"36\">45<\/td>\n<td width=\"28\">3<\/td>\n<td width=\"33\">1<\/td>\n<td width=\"27\">&nbsp;<\/td>\n<td width=\"40\">2<\/td>\n<td width=\"46\">&nbsp;<\/td>\n<td width=\"46\">&nbsp;<\/td>\n<\/tr>\n<tr>\n<td width=\"75\">22000552<\/td>\n<td width=\"78\">CDTec\/EH<\/td>\n<td width=\"148\">Gest\u00e3o de Res\u00edduos<\/td>\n<td width=\"87\">&#8211;<\/td>\n<td width=\"36\">45<\/td>\n<td width=\"28\">3<\/td>\n<td width=\"33\">2<\/td>\n<td width=\"27\">&nbsp;<\/td>\n<td width=\"40\">1<\/td>\n<td width=\"46\">&nbsp;<\/td>\n<td width=\"46\">&nbsp;<\/td>\n<\/tr>\n<tr>\n<td width=\"75\">22000553<\/td>\n<td width=\"78\">CDTec\/EH<\/td>\n<td width=\"148\">Ecotoxicologia Aqu\u00e1tica<\/td>\n<td width=\"87\">Limnologia<\/td>\n<td width=\"36\">45<\/td>\n<td width=\"28\">3<\/td>\n<td width=\"33\">3<\/td>\n<td width=\"27\">&nbsp;<\/td>\n<td width=\"40\">&nbsp;<\/td>\n<td width=\"46\">&nbsp;<\/td>\n<td width=\"46\">&nbsp;<\/td>\n<\/tr>\n<tr>\n<td width=\"75\">22000554<\/td>\n<td width=\"78\">CDTec\/EH<\/td>\n<td width=\"148\">Introdu\u00e7\u00e3o ao Gerenciamento Costeiro<\/td>\n<td width=\"87\">&#8211;<\/td>\n<td width=\"36\">45<\/td>\n<td width=\"28\">3<\/td>\n<td width=\"33\">3<\/td>\n<td width=\"27\">&nbsp;<\/td>\n<td width=\"40\">&nbsp;<\/td>\n<td width=\"46\">&nbsp;<\/td>\n<td width=\"46\">&nbsp;<\/td>\n<\/tr>\n<tr>\n<td width=\"75\">22000155<\/td>\n<td width=\"78\">CDTec\/EH<\/td>\n<td width=\"148\">Hidrometria Aplicada<\/td>\n<td width=\"87\">\n<p>Instrumenta\u00e7\u00e3o e Processamento de Sinais,<\/p>\n<p>Hidrometria<\/td>\n<td width=\"36\">45<\/td>\n<td width=\"28\">3<\/td>\n<td width=\"33\">1<\/td>\n<td width=\"27\">&nbsp;<\/td>\n<td width=\"40\">2<\/td>\n<td width=\"46\">&nbsp;<\/td>\n<td width=\"46\">&nbsp;<\/td>\n<\/tr>\n<tr>\n<td width=\"75\">22000555<\/td>\n<td width=\"78\">CDTec\/EH<\/td>\n<td width=\"148\">Educa\u00e7\u00e3o Ambiental<\/td>\n<td width=\"87\">&#8211;<\/td>\n<td width=\"36\">45<\/td>\n<td width=\"28\">3<\/td>\n<td width=\"33\">3<\/td>\n<td width=\"27\">&nbsp;<\/td>\n<td width=\"40\">&nbsp;<\/td>\n<td width=\"46\">&nbsp;<\/td>\n<td width=\"46\">&nbsp;<\/td>\n<\/tr>\n<tr>\n<td width=\"75\">22000556<\/td>\n<td width=\"78\">CDTec\/EH<\/td>\n<td width=\"148\">Planejamento Ambiental<\/td>\n<td width=\"87\">&#8211;<\/td>\n<td width=\"36\">45<\/td>\n<td width=\"28\">3<\/td>\n<td width=\"33\">3<\/td>\n<td width=\"27\">&nbsp;<\/td>\n<td width=\"40\">&nbsp;<\/td>\n<td width=\"46\">&nbsp;<\/td>\n<td width=\"46\">&nbsp;<\/td>\n<\/tr>\n<tr>\n<td width=\"75\">22000557<\/td>\n<td width=\"78\">CDTec\/EH<\/td>\n<td width=\"148\">Geomorfologia<\/td>\n<td width=\"87\">&#8211;<\/td>\n<td width=\"36\">45<\/td>\n<td width=\"28\">3<\/td>\n<td width=\"33\">2<\/td>\n<td width=\"27\">&nbsp;<\/td>\n<td width=\"40\">1<\/td>\n<td width=\"46\">&nbsp;<\/td>\n<td width=\"46\">&nbsp;<\/td>\n<\/tr>\n<tr>\n<td width=\"75\">22000799<\/td>\n<td width=\"78\">CDTec \/EH<\/td>\n<td width=\"148\">Introdu\u00e7\u00e3o ao Google Earth Engine<\/td>\n<td width=\"87\">&nbsp;<\/td>\n<td width=\"36\">45<\/td>\n<td width=\"28\">3<\/td>\n<td width=\"33\">1<\/td>\n<td width=\"27\">&nbsp;<\/td>\n<td width=\"40\">2<\/td>\n<td width=\"46\">&nbsp;<\/td>\n<td width=\"46\">\n<p>&nbsp;<\/p>\n<p>&nbsp;<\/td>\n<\/tr>\n<tr>\n<td width=\"75\">22000559<\/td>\n<td width=\"78\">CDTec \/EH<\/td>\n<td width=\"148\">T\u00f3picos Especiais em Sistemas H\u00eddricos<\/td>\n<td width=\"87\">&nbsp;<\/td>\n<td width=\"36\">30<\/td>\n<td width=\"28\">2<\/td>\n<td width=\"33\">2<\/td>\n<td width=\"27\">&nbsp;<\/td>\n<td width=\"40\">&nbsp;<\/td>\n<td width=\"46\">&nbsp;<\/td>\n<td width=\"46\">&nbsp;<\/td>\n<\/tr>\n<tr>\n<td width=\"75\">22000560<\/td>\n<td width=\"78\">CDTec \/EH<\/td>\n<td width=\"148\">T\u00f3picos Especiais em Hidromec\u00e2nica<\/td>\n<td width=\"87\">&nbsp;<\/td>\n<td width=\"36\">30<\/td>\n<td width=\"28\">2<\/td>\n<td width=\"33\">2<\/td>\n<td width=\"27\">&nbsp;<\/td>\n<td width=\"40\">&nbsp;<\/td>\n<td width=\"46\">&nbsp;<\/td>\n<td width=\"46\">&nbsp;<\/td>\n<\/tr>\n<tr>\n<td width=\"75\">22000561<\/td>\n<td width=\"78\">CDTec \/EH<\/td>\n<td width=\"148\">T\u00f3picos Especiais em Sistemas de Informa\u00e7\u00f5es H\u00eddricas<\/td>\n<td width=\"87\">&nbsp;<\/td>\n<td width=\"36\">30<\/td>\n<td width=\"28\">2<\/td>\n<td width=\"33\">2<\/td>\n<td width=\"27\">&nbsp;<\/td>\n<td width=\"40\">&nbsp;<\/td>\n<td width=\"46\">&nbsp;<\/td>\n<td width=\"46\">&nbsp;<\/td>\n<\/tr>\n<tr>\n<td width=\"75\">22000562<\/td>\n<td width=\"78\">CDTec \/EH<\/td>\n<td width=\"148\">T\u00f3picos Especiais em Gest\u00e3o de Sistemas H\u00eddricos<\/td>\n<td width=\"87\">&nbsp;<\/td>\n<td width=\"36\">30<\/td>\n<td width=\"28\">2<\/td>\n<td width=\"33\">2<\/td>\n<td width=\"27\">&nbsp;<\/td>\n<td width=\"40\">&nbsp;<\/td>\n<td width=\"46\">&nbsp;<\/td>\n<td width=\"46\">&nbsp;<\/td>\n<\/tr>\n<tr>\n<td width=\"75\">22000563<\/td>\n<td width=\"78\">CDTec \/EH<\/td>\n<td width=\"148\">T\u00f3picos Avan\u00e7ados em Sistemas H\u00eddricos<\/td>\n<td width=\"87\">&nbsp;<\/td>\n<td width=\"36\">45<\/td>\n<td width=\"28\">3<\/td>\n<td width=\"33\">2<\/td>\n<td width=\"27\">&nbsp;<\/td>\n<td width=\"40\">1<\/td>\n<td width=\"46\">&nbsp;<\/td>\n<td width=\"46\">&nbsp;<\/td>\n<\/tr>\n<tr>\n<td width=\"75\">22000564<\/td>\n<td width=\"78\">CDTec \/EH<\/td>\n<td width=\"148\">T\u00f3picos Avan\u00e7ados em Hidromec\u00e2nica<\/td>\n<td width=\"87\">&nbsp;<\/td>\n<td width=\"36\">45<\/td>\n<td width=\"28\">3<\/td>\n<td width=\"33\">2<\/td>\n<td width=\"27\">&nbsp;<\/td>\n<td width=\"40\">1<\/td>\n<td width=\"46\">&nbsp;<\/td>\n<td width=\"46\">&nbsp;<\/td>\n<\/tr>\n<tr>\n<td width=\"75\">22000565<\/td>\n<td width=\"78\">CDTec \/EH<\/td>\n<td width=\"148\">T\u00f3picos Avan\u00e7ados em Sistemas de Informa\u00e7\u00f5es H\u00eddricas<\/td>\n<td width=\"87\">&nbsp;<\/td>\n<td width=\"36\">45<\/td>\n<td width=\"28\">3<\/td>\n<td width=\"33\">2<\/td>\n<td width=\"27\">&nbsp;<\/td>\n<td width=\"40\">1<\/td>\n<td width=\"46\">&nbsp;<\/td>\n<td width=\"46\">&nbsp;<\/td>\n<\/tr>\n<tr>\n<td width=\"75\">22000566<\/td>\n<td width=\"78\">CDTec \/EH<\/td>\n<td width=\"148\">T\u00f3picos Avan\u00e7ados em Gest\u00e3o de Sistemas H\u00eddricos<\/td>\n<td width=\"87\">&nbsp;<\/td>\n<td width=\"36\">45<\/td>\n<td width=\"28\">3<\/td>\n<td width=\"33\">2<\/td>\n<td width=\"27\">&nbsp;<\/td>\n<td width=\"40\">1<\/td>\n<td width=\"46\">&nbsp;<\/td>\n<td width=\"46\">&nbsp;<\/td>\n<\/tr>\n<\/tbody>\n<\/table>\n<p>CH (h): carga hor\u00e1ria (horas); CR: cr\u00e9dito; T: te\u00f3rico; E: exerc\u00edcios; P: pr\u00e1tico; EAD: ensino \u00e0 dist\u00e2ncia; EXT: extens\u00e3o. CLC: Centro de Letras e Comunica\u00e7\u00e3o. CENG: Centro de Engenharias.<\/p>\n<p>Fonte: Projeto Pedag\u00f3gico de Curso de Gradua\u00e7\u00e3o em Engenharia H\u00eddrica da UFPel<\/p>\n","protected":false},"excerpt":{"rendered":"<p>DISCIPLINAS OPTATIVAS As disciplinas optativas objetivam complementar a forma\u00e7\u00e3o dos estudantes, por meio de oportunidade de articula\u00e7\u00e3o entre diferentes \u00e1reas de conhecimento. Para tal, estas s\u00e3o oportunizadas ao longo do curso, viabilizando a flexibiliza\u00e7\u00e3o curricular e permitindo a op\u00e7\u00e3o por parte dos alunos em quais componentes cursar. Para o aluno estar apto para cola\u00e7\u00e3o de [&hellip;]<\/p>\n","protected":false},"author":598,"featured_media":0,"parent":871,"menu_order":0,"comment_status":"closed","ping_status":"closed","template":"","meta":{"jetpack_post_was_ever_published":false,"footnotes":""},"class_list":["post-1562","page","type-page","status-publish","hentry"],"jetpack_sharing_enabled":true,"jetpack_shortlink":"https:\/\/wp.me\/P8gexX-pc","jetpack-related-posts":[],"publishpress_future_action":{"enabled":false,"date":"2026-04-21 15:18:10","action":"change-status","newStatus":"draft","terms":[],"taxonomy":"","extraData":[]},"publishpress_future_workflow_manual_trigger":{"enabledWorkflows":[]},"_links":{"self":[{"href":"https:\/\/wp.ufpel.edu.br\/enghidrica\/wp-json\/wp\/v2\/pages\/1562","targetHints":{"allow":["GET"]}}],"collection":[{"href":"https:\/\/wp.ufpel.edu.br\/enghidrica\/wp-json\/wp\/v2\/pages"}],"about":[{"href":"https:\/\/wp.ufpel.edu.br\/enghidrica\/wp-json\/wp\/v2\/types\/page"}],"author":[{"embeddable":true,"href":"https:\/\/wp.ufpel.edu.br\/enghidrica\/wp-json\/wp\/v2\/users\/598"}],"replies":[{"embeddable":true,"href":"https:\/\/wp.ufpel.edu.br\/enghidrica\/wp-json\/wp\/v2\/comments?post=1562"}],"version-history":[{"count":3,"href":"https:\/\/wp.ufpel.edu.br\/enghidrica\/wp-json\/wp\/v2\/pages\/1562\/revisions"}],"predecessor-version":[{"id":3056,"href":"https:\/\/wp.ufpel.edu.br\/enghidrica\/wp-json\/wp\/v2\/pages\/1562\/revisions\/3056"}],"up":[{"embeddable":true,"href":"https:\/\/wp.ufpel.edu.br\/enghidrica\/wp-json\/wp\/v2\/pages\/871"}],"wp:attachment":[{"href":"https:\/\/wp.ufpel.edu.br\/enghidrica\/wp-json\/wp\/v2\/media?parent=1562"}],"curies":[{"name":"wp","href":"https:\/\/api.w.org\/{rel}","templated":true}]}}