{"id":1552,"date":"2018-10-03T21:37:14","date_gmt":"2018-10-04T00:37:14","guid":{"rendered":"https:\/\/wp.ufpel.edu.br\/enghidrica\/?page_id=1552"},"modified":"2022-03-29T09:48:20","modified_gmt":"2022-03-29T12:48:20","slug":"cancelamento-de-matricula","status":"publish","type":"page","link":"https:\/\/wp.ufpel.edu.br\/enghidrica\/formularios\/cancelamento-de-matricula\/","title":{"rendered":"Cancelamento de matr\u00edcula"},"content":{"rendered":"<p style=\"text-align: center\"><strong>CANCELAMENTO DE MATR\u00cdCULA<\/strong><\/p>\n<p>O cancelamento de matr\u00edcula \u00e9 destinado ao discente que n\u00e3o pretende manter o seu v\u00ednculo com a UFPel.<\/p>\n<p style=\"text-align: justify\"><b>Como Solicitar<\/b><br \/>\nO cancelamento deve ser solicitado pela central de atendimento, na p\u00e1gina https:\/\/wp.ufpel.edu.br\/perguntas\/solicitar-atendimento\/. O discente precisa enviar \u00e0 CRA o requerimento de cancelamento de matr\u00edcula preenchido e assinado, acompanhado da c\u00f3pia digitalizada do seu documento de identifica\u00e7\u00e3o.<\/p>\n<p>Caso seja necess\u00e1rio, o comprovante de cancelamento pode ser solicitado junto ao cancelamento da matr\u00edcula.<\/p>\n<p><a href=\"https:\/\/wp.ufpel.edu.br\/enghidrica\/formularios\/cancelamento-de-matricula\/requerimento-de-cancelamento\/\" rel=\"attachment wp-att-2149\">Requerimento de cancelamento<\/a><\/p>\n<p><strong>\u00a0<\/strong><\/p>\n<p>Informa\u00e7\u00f5es adaptadas de: <a href=\"https:\/\/wp.ufpel.edu.br\/cra\/cancelamento-de-matricula\/\">https:\/\/wp.ufpel.edu.br\/cra\/principais-informacoes\/<\/a><\/p>\n","protected":false},"excerpt":{"rendered":"<p>CANCELAMENTO DE MATR\u00cdCULA O cancelamento de matr\u00edcula \u00e9 destinado ao discente que n\u00e3o pretende manter o seu v\u00ednculo com a UFPel. Como Solicitar O cancelamento deve ser solicitado pela central de atendimento, na p\u00e1gina https:\/\/wp.ufpel.edu.br\/perguntas\/solicitar-atendimento\/. O discente precisa enviar \u00e0 CRA o requerimento de cancelamento de matr\u00edcula preenchido e assinado, acompanhado da c\u00f3pia digitalizada do [&hellip;]<\/p>\n","protected":false},"author":598,"featured_media":0,"parent":871,"menu_order":0,"comment_status":"closed","ping_status":"closed","template":"","meta":{"jetpack_post_was_ever_published":false,"footnotes":""},"class_list":["post-1552","page","type-page","status-publish","hentry"],"jetpack_sharing_enabled":true,"jetpack_shortlink":"https:\/\/wp.me\/P8gexX-p2","jetpack-related-posts":[],"publishpress_future_action":{"enabled":false,"date":"2026-04-18 18:16:52","action":"change-status","newStatus":"draft","terms":[],"taxonomy":"","extraData":[]},"publishpress_future_workflow_manual_trigger":{"enabledWorkflows":[]},"_links":{"self":[{"href":"https:\/\/wp.ufpel.edu.br\/enghidrica\/wp-json\/wp\/v2\/pages\/1552","targetHints":{"allow":["GET"]}}],"collection":[{"href":"https:\/\/wp.ufpel.edu.br\/enghidrica\/wp-json\/wp\/v2\/pages"}],"about":[{"href":"https:\/\/wp.ufpel.edu.br\/enghidrica\/wp-json\/wp\/v2\/types\/page"}],"author":[{"embeddable":true,"href":"https:\/\/wp.ufpel.edu.br\/enghidrica\/wp-json\/wp\/v2\/users\/598"}],"replies":[{"embeddable":true,"href":"https:\/\/wp.ufpel.edu.br\/enghidrica\/wp-json\/wp\/v2\/comments?post=1552"}],"version-history":[{"count":3,"href":"https:\/\/wp.ufpel.edu.br\/enghidrica\/wp-json\/wp\/v2\/pages\/1552\/revisions"}],"predecessor-version":[{"id":2150,"href":"https:\/\/wp.ufpel.edu.br\/enghidrica\/wp-json\/wp\/v2\/pages\/1552\/revisions\/2150"}],"up":[{"embeddable":true,"href":"https:\/\/wp.ufpel.edu.br\/enghidrica\/wp-json\/wp\/v2\/pages\/871"}],"wp:attachment":[{"href":"https:\/\/wp.ufpel.edu.br\/enghidrica\/wp-json\/wp\/v2\/media?parent=1552"}],"curies":[{"name":"wp","href":"https:\/\/api.w.org\/{rel}","templated":true}]}}