{"id":1548,"date":"2018-10-03T21:31:26","date_gmt":"2018-10-04T00:31:26","guid":{"rendered":"https:\/\/wp.ufpel.edu.br\/enghidrica\/?page_id=1548"},"modified":"2025-03-20T13:56:36","modified_gmt":"2025-03-20T16:56:36","slug":"avaliacao-de-segunda-chamada","status":"publish","type":"page","link":"https:\/\/wp.ufpel.edu.br\/enghidrica\/formularios\/avaliacao-de-segunda-chamada\/","title":{"rendered":"Avalia\u00e7\u00e3o de segunda chamada"},"content":{"rendered":"<p style=\"text-align: center;\"><strong>AVALIA\u00c7\u00c3O DE SEGUNDA CHAMADA<\/strong><\/p>\n<p style=\"text-align: justify;\">O discente que, por impedimento legal, doen\u00e7a atestada por servi\u00e7o m\u00e9dico de sa\u00fade ou motivo de for\u00e7a maior, devidamente comprovado, faltar a uma avalia\u00e7\u00e3o, poder\u00e1 realiz\u00e1-la em outro momento, desde que requeira ao Colegiado de Curso at\u00e9 3 (tr\u00eas) dias \u00fateis ap\u00f3s a realiza\u00e7\u00e3o da avalia\u00e7\u00e3o anterior.:<\/p>\n<p class=\"has-16-undefined-undefined-font-size\">I \u2013 Caber\u00e1 ao colegiado de curso deliberar sobre a solicita\u00e7\u00e3o do aluno, encaminhando-a ao Departamento ou C\u00e2mara de Ensino respons\u00e1vel pelo componente curricular em at\u00e9 3 dias \u00fateis, para defini\u00e7\u00e3o de nova data para a avalia\u00e7\u00e3o.<\/p>\n<p class=\"has-16-undefined-undefined-font-size\">II \u2013 Considera-se motivo para solicita\u00e7\u00e3o de nova data para realiza\u00e7\u00e3o de avalia\u00e7\u00e3o:<br \/>\na) acidentes \u2013 mediante apresenta\u00e7\u00e3o de boletim de ocorr\u00eancia policial;<br \/>\nb) assalto \u2013 mediante apresenta\u00e7\u00e3o de boletim de ocorr\u00eancia policial;<br \/>\nc) casamento \u2013 mediante apresenta\u00e7\u00e3o de certid\u00e3o de casamento do discente ocorrido em at\u00e9 8 (oito) dias de anteced\u00eancia da data da avalia\u00e7\u00e3o.<br \/>\nd) sa\u00fade \u2013 mediante apresenta\u00e7\u00e3o de atestado m\u00e9dico, com carimbo (contendo o CRM) e assinatura do m\u00e9dico.<br \/>\ne) trabalho \u2013 apresenta\u00e7\u00e3o de declara\u00e7\u00e3o de exerc\u00edcio de atividade profissional excepcional com identifica\u00e7\u00e3o do empregador;<br \/>\nf) cat\u00e1strofes naturais que impe\u00e7am o deslocamento para os locais da avalia\u00e7\u00e3o;<br \/>\ng) situa\u00e7\u00f5es geradas por terceiros, como greves de transporte p\u00fablico, obstru\u00e7\u00e3o de vias e demais situa\u00e7\u00f5es, condicionadas a aceita\u00e7\u00e3o do colegiado, alheias a vontade do discente.<br \/>\nh) participa\u00e7\u00e3o em eventos cient\u00edficos, quando o discente estiver apresentando trabalho, mediante comprova\u00e7\u00e3o de participa\u00e7\u00e3o.<\/p>\n<p class=\"has-16-undefined-undefined-font-size\"><strong>Como solicitar<\/strong><br \/>\nA solicita\u00e7\u00e3o dever\u00e1 ser realizada no Sistema Acad\u00eamico Cobalto, no menu \u201cAluno \u2013 Cadastro \u2013 Solicita\u00e7\u00e3o de segunda chamada\u201d. Na solicita\u00e7\u00e3o dever\u00e1 ser encaminhado o comprovante da justificativa (Ex. atestado m\u00e9dico).<\/p>\n<p>Informa\u00e7\u00f5es adaptadas de: <a href=\"https:\/\/wp.ufpel.edu.br\/cra\/informacoes-academicas\/avaliacao-segunda-chamada\/\">https:\/\/wp.ufpel.edu.br\/cra\/informacoes-academicas\/avaliacao-segunda-chamada\/<\/a>e do Regulamento do Ensino de Gradua\u00e7\u00e3o da UFPel<\/p>\n","protected":false},"excerpt":{"rendered":"<p>AVALIA\u00c7\u00c3O DE SEGUNDA CHAMADA O discente que, por impedimento legal, doen\u00e7a atestada por servi\u00e7o m\u00e9dico de sa\u00fade ou motivo de for\u00e7a maior, devidamente comprovado, faltar a uma avalia\u00e7\u00e3o, poder\u00e1 realiz\u00e1-la em outro momento, desde que requeira ao Colegiado de Curso at\u00e9 3 (tr\u00eas) dias \u00fateis ap\u00f3s a realiza\u00e7\u00e3o da avalia\u00e7\u00e3o anterior.: I \u2013 Caber\u00e1 ao [&hellip;]<\/p>\n","protected":false},"author":598,"featured_media":0,"parent":871,"menu_order":0,"comment_status":"closed","ping_status":"closed","template":"","meta":{"jetpack_post_was_ever_published":false,"footnotes":""},"class_list":["post-1548","page","type-page","status-publish","hentry"],"jetpack_sharing_enabled":true,"jetpack_shortlink":"https:\/\/wp.me\/P8gexX-oY","jetpack-related-posts":[],"publishpress_future_action":{"enabled":false,"date":"2026-04-23 20:13:57","action":"change-status","newStatus":"draft","terms":[],"taxonomy":"","extraData":[]},"publishpress_future_workflow_manual_trigger":{"enabledWorkflows":[]},"_links":{"self":[{"href":"https:\/\/wp.ufpel.edu.br\/enghidrica\/wp-json\/wp\/v2\/pages\/1548","targetHints":{"allow":["GET"]}}],"collection":[{"href":"https:\/\/wp.ufpel.edu.br\/enghidrica\/wp-json\/wp\/v2\/pages"}],"about":[{"href":"https:\/\/wp.ufpel.edu.br\/enghidrica\/wp-json\/wp\/v2\/types\/page"}],"author":[{"embeddable":true,"href":"https:\/\/wp.ufpel.edu.br\/enghidrica\/wp-json\/wp\/v2\/users\/598"}],"replies":[{"embeddable":true,"href":"https:\/\/wp.ufpel.edu.br\/enghidrica\/wp-json\/wp\/v2\/comments?post=1548"}],"version-history":[{"count":4,"href":"https:\/\/wp.ufpel.edu.br\/enghidrica\/wp-json\/wp\/v2\/pages\/1548\/revisions"}],"predecessor-version":[{"id":2806,"href":"https:\/\/wp.ufpel.edu.br\/enghidrica\/wp-json\/wp\/v2\/pages\/1548\/revisions\/2806"}],"up":[{"embeddable":true,"href":"https:\/\/wp.ufpel.edu.br\/enghidrica\/wp-json\/wp\/v2\/pages\/871"}],"wp:attachment":[{"href":"https:\/\/wp.ufpel.edu.br\/enghidrica\/wp-json\/wp\/v2\/media?parent=1548"}],"curies":[{"name":"wp","href":"https:\/\/api.w.org\/{rel}","templated":true}]}}