{"id":1519,"date":"2018-10-03T18:40:59","date_gmt":"2018-10-03T21:40:59","guid":{"rendered":"https:\/\/wp.ufpel.edu.br\/enghidrica\/?page_id=1519"},"modified":"2023-11-21T11:02:11","modified_gmt":"2023-11-21T14:02:11","slug":"1519-2","status":"publish","type":"page","link":"https:\/\/wp.ufpel.edu.br\/enghidrica\/formularios\/1519-2\/","title":{"rendered":"Aproveitamento de disciplina"},"content":{"rendered":"<p style=\"text-align: center;\"><strong>APROVEITAMENTO DE DISCIPLINA<\/strong><\/p>\n<p style=\"text-align: justify;\">O discente que cursou com aprova\u00e7\u00e3o componente curricular de curso de gradua\u00e7\u00e3o ou p\u00f3s-gradua\u00e7\u00e3o poder\u00e1 solicitar aproveitamento de estudos a qualquer tempo atrav\u00e9s do sistema Cobalto.<br \/>\nPara obter o aproveitamento, a atividade curricular cursada dever\u00e1 contemplar, no m\u00ednimo, 75% da carga hor\u00e1ria e do conte\u00fado da atividade curricular pretendida, sendo facultada ao professor respons\u00e1vel pelo componente curricular a realiza\u00e7\u00e3o de avalia\u00e7\u00e3o especial para eventual complementa\u00e7\u00e3o.<br \/>\n<strong><br \/>\nComo Solicitar<\/strong><br \/>\nPara solicitar o aproveitamento de estudos o discente dever\u00e1 acessar o menu do Cobalto: Aluno &gt; Cadastro &gt; Solicita\u00e7\u00e3o de aproveitamentos, clicar em \u201cNovo\u201d e selecionar a disciplina que deseja solicitar o aproveitamento.<br \/>\n\u00c9 preciso fazer uma solicita\u00e7\u00e3o para cada aproveitamento pretendido.<br \/>\na)\u00a0<strong>para disciplinas cursadas na UFPEL<\/strong>\u00a0dever\u00e1 indicar a(s) disciplina(s) relacionadas pelo sistema quer usar para a solicita\u00e7\u00e3o de aproveitamento e clicar em \u201cSalvar\u201d.<br \/>\nb)\u00a0<strong>para disciplinas cursadas em outra institui\u00e7\u00e3o<\/strong>\u00a0dever\u00e1 selecionar a institui\u00e7\u00e3o, anexar o seu hist\u00f3rico escolar, indicar o nome das disciplinas que deseja utilizar para o aproveitamento, anexar o conte\u00fado program\u00e1tico (ou plano de ensino) da disciplina cursada e clicar em \u201cSalvar\u201d.<\/p>\n<p>&nbsp;<\/p>\n<p>Informa\u00e7\u00f5es adaptadas de:<a href=\"https:\/\/wp.ufpel.edu.br\/cra\/aproveitamento-de-disciplina\/\">https:\/\/wp.ufpel.edu.br\/cra\/aproveitamento-de-disciplina\/<\/a><\/p>\n","protected":false},"excerpt":{"rendered":"<p>APROVEITAMENTO DE DISCIPLINA O discente que cursou com aprova\u00e7\u00e3o componente curricular de curso de gradua\u00e7\u00e3o ou p\u00f3s-gradua\u00e7\u00e3o poder\u00e1 solicitar aproveitamento de estudos a qualquer tempo atrav\u00e9s do sistema Cobalto. Para obter o aproveitamento, a atividade curricular cursada dever\u00e1 contemplar, no m\u00ednimo, 75% da carga hor\u00e1ria e do conte\u00fado da atividade curricular pretendida, sendo facultada ao [&hellip;]<\/p>\n","protected":false},"author":598,"featured_media":0,"parent":871,"menu_order":0,"comment_status":"closed","ping_status":"closed","template":"","meta":{"jetpack_post_was_ever_published":false,"footnotes":""},"class_list":["post-1519","page","type-page","status-publish","hentry"],"jetpack_sharing_enabled":true,"jetpack_shortlink":"https:\/\/wp.me\/P8gexX-ov","jetpack-related-posts":[],"publishpress_future_action":{"enabled":false,"date":"2026-05-15 17:15:42","action":"change-status","newStatus":"draft","terms":[],"taxonomy":"","extraData":[]},"publishpress_future_workflow_manual_trigger":{"enabledWorkflows":[]},"_links":{"self":[{"href":"https:\/\/wp.ufpel.edu.br\/enghidrica\/wp-json\/wp\/v2\/pages\/1519","targetHints":{"allow":["GET"]}}],"collection":[{"href":"https:\/\/wp.ufpel.edu.br\/enghidrica\/wp-json\/wp\/v2\/pages"}],"about":[{"href":"https:\/\/wp.ufpel.edu.br\/enghidrica\/wp-json\/wp\/v2\/types\/page"}],"author":[{"embeddable":true,"href":"https:\/\/wp.ufpel.edu.br\/enghidrica\/wp-json\/wp\/v2\/users\/598"}],"replies":[{"embeddable":true,"href":"https:\/\/wp.ufpel.edu.br\/enghidrica\/wp-json\/wp\/v2\/comments?post=1519"}],"version-history":[{"count":10,"href":"https:\/\/wp.ufpel.edu.br\/enghidrica\/wp-json\/wp\/v2\/pages\/1519\/revisions"}],"predecessor-version":[{"id":2503,"href":"https:\/\/wp.ufpel.edu.br\/enghidrica\/wp-json\/wp\/v2\/pages\/1519\/revisions\/2503"}],"up":[{"embeddable":true,"href":"https:\/\/wp.ufpel.edu.br\/enghidrica\/wp-json\/wp\/v2\/pages\/871"}],"wp:attachment":[{"href":"https:\/\/wp.ufpel.edu.br\/enghidrica\/wp-json\/wp\/v2\/media?parent=1519"}],"curies":[{"name":"wp","href":"https:\/\/api.w.org\/{rel}","templated":true}]}}