{"id":1515,"date":"2018-10-03T18:28:11","date_gmt":"2018-10-03T21:28:11","guid":{"rendered":"https:\/\/wp.ufpel.edu.br\/enghidrica\/?page_id=1515"},"modified":"2026-04-08T11:22:52","modified_gmt":"2026-04-08T14:22:52","slug":"formacao-livre","status":"publish","type":"page","link":"https:\/\/wp.ufpel.edu.br\/enghidrica\/formularios\/formacao-livre\/","title":{"rendered":"Atividades curriculares em extens\u00e3o"},"content":{"rendered":"<p style=\"text-align: center;\"><a name=\"_Toc279496648\"><\/a><b>ATIVIDADES CURRICULARES EM EXTENS\u00c3O (ACE)<\/b><\/p>\n<div style=\"text-align: justify;\">\n<p>No curso de Engenharia H\u00eddrica, as atividades extensionistas poder\u00e3o ser curricularizadas das seguintes formas:<\/p>\n<p>-atividades complementares em extens\u00e3o (ACE);<\/p>\n<p>&#8211; disciplinas obrigat\u00f3rias do curso definidas como extensionistas.<\/p>\n<p>Em ambas as situa\u00e7\u00f5es o estudante ao definir pela atividade que deseja ter em extens\u00e3o, deve ser inscrito como membro da equipe e, portanto, agente da atividade de programas, projetos e a\u00e7\u00f5es devidamente cadastrados. Uma vez certificado, poder\u00e1, de acordo com orienta\u00e7\u00f5es do tutor, apresentar a certifica\u00e7\u00e3o para fazer constar a carga hor\u00e1ria realizada em ACE.<\/p>\n<p>O aluno poder\u00e1 participar de PROGRAMAS, PROJETOS e A\u00c7\u00d5ES DE EXTENS\u00c3O no pr\u00f3prio curso de Engenharia H\u00eddrica ou outros cursos ou unidades da UFPel, conforme cadastro da atividade no sistema Projetos Unificados\/Cobalto, nos quais o aluno pode atuar como membro da equipe e agente da atividade. Tamb\u00e9m poder\u00e1 participar destas atividades em outras institui\u00e7\u00f5es (nacionais e estrangeiras) a partir de comprova\u00e7\u00e3o. Para participar de PROGRAMAS, PROJETOS e A\u00c7\u00d5ES DE EXTENS\u00c3O, o aluno dever\u00e1 procurar o docente coordenador do PROGRAMA, PROJETO ou A\u00c7\u00c3O DE EXTENS\u00c3O, e solicitar sua participa\u00e7\u00e3o. Caso o docente aceite, ao final o aluno dever\u00e1 receber um documento (atestado ou certificado, por exemplo) do coordenador atestando sua participa\u00e7\u00e3o e indicando pelo menos a carga hor\u00e1ria e o per\u00edodo de participa\u00e7\u00e3o. Ressalta-se que a emiss\u00e3o da certifica\u00e7\u00e3o da participa\u00e7\u00e3o em programas\/projetos \u00e9 realizada pela PREC, ap\u00f3s aprova\u00e7\u00e3o dos relat\u00f3rios.<\/p>\n<p>Na situa\u00e7\u00e3o de <strong>disciplinas obrigat\u00f3rias com car\u00e1ter extensionista<\/strong>, o aluno ter\u00e1 sua carga hor\u00e1ria contabilizada como ACE a partir da matr\u00edcula e aprova\u00e7\u00e3o na disciplina, que ter\u00e1 sua carga hor\u00e1ria registrada automaticamente no sistema.<\/p>\n<p>As disciplinas, atrav\u00e9s do seu car\u00e1ter extensionista, possibilitar\u00e3o a forma\u00e7\u00e3o extensionista do aluno a partir do seu contato com a sociedade e atuando em atividades de sua \u00e1rea profissional, contribuindo para qualificar sua forma\u00e7\u00e3o acad\u00eamica e profissional.<\/p>\n<p>Os projetos de extens\u00e3o do curso de Engenharia H\u00eddrica, sejam eles referentes \u00e0s disciplinas com carga hor\u00e1ria extensionista ou n\u00e3o, poder\u00e3o estar vinculados ao \u201cPrograma de Extens\u00e3o do Curso de Engenharia H\u00eddrica\u201d (c\u00f3digo 630), que estar\u00e1 cadastrado no sistema Projetos Unificados\/Cobalto.<\/p>\n<p><strong>O total de cr\u00e9ditos previstos para integraliza\u00e7\u00e3o curricular de Atividades Curriculares em Extens\u00e3o ser\u00e1 de 14 cr\u00e9ditos, ou seja, 210 horas e para as disciplinas obrigat\u00f3rias com car\u00e1ter extensionista ser\u00e1 de 12 cr\u00e9ditos, ou seja, 180 horas, totalizando 390 horas\u00a0 ou 26 cr\u00e9ditos obrigat\u00f3rios em atividades extensionistas. Como equival\u00eancia, 1 cr\u00e9dito corresponde a uma carga hor\u00e1ria de 15 horas.<\/strong><\/p>\n<p>Para que as horas de Atividades Curriculares em Extens\u00e3o (ACE) sejam computadas e inseridas no hist\u00f3rico escolar do aluno, este deve submet\u00ea-las \u00e0 aprecia\u00e7\u00e3o do professor tutor mediante o preenchimento do &#8220;<strong><a href=\"https:\/\/wp.ufpel.edu.br\/enghidrica\/files\/2022\/08\/Requerimento-atividades-de-extensao.docx\">Requerimento de aproveitamento de carga hor\u00e1ria de atividades curriculares em extens\u00e3o<\/a>&#8220;<\/strong> at\u00e9 o in\u00edcio do 10<sup>o<\/sup> (d\u00e9cimo) semestre. O aluno dever\u00e1 encaminhar o pedido para aprecia\u00e7\u00e3o e avalia\u00e7\u00e3o do Colegiado de Curso.<\/p>\n<p>Situa\u00e7\u00f5es n\u00e3o previstas podem ser aproveitadas, com a an\u00e1lise e anu\u00eancia do Colegiado do Curso.<\/p>\n<p>Fonte: Projeto Pedag\u00f3gico de Curso de Gradua\u00e7\u00e3o em Engenharia H\u00eddrica da UFPel<\/p>\n<\/div>\n<p>&nbsp;<\/p>\n","protected":false},"excerpt":{"rendered":"<p>ATIVIDADES CURRICULARES EM EXTENS\u00c3O (ACE) No curso de Engenharia H\u00eddrica, as atividades extensionistas poder\u00e3o ser curricularizadas das seguintes formas: -atividades complementares em extens\u00e3o (ACE); &#8211; disciplinas obrigat\u00f3rias do curso definidas como extensionistas. Em ambas as situa\u00e7\u00f5es o estudante ao definir pela atividade que deseja ter em extens\u00e3o, deve ser inscrito como membro da equipe e, [&hellip;]<\/p>\n","protected":false},"author":598,"featured_media":0,"parent":871,"menu_order":0,"comment_status":"closed","ping_status":"closed","template":"","meta":{"jetpack_post_was_ever_published":false,"footnotes":""},"class_list":["post-1515","page","type-page","status-publish","hentry"],"jetpack_sharing_enabled":true,"jetpack_shortlink":"https:\/\/wp.me\/P8gexX-or","jetpack-related-posts":[],"publishpress_future_action":{"enabled":false,"date":"2026-04-18 07:11:30","action":"change-status","newStatus":"draft","terms":[],"taxonomy":"","extraData":[]},"publishpress_future_workflow_manual_trigger":{"enabledWorkflows":[]},"_links":{"self":[{"href":"https:\/\/wp.ufpel.edu.br\/enghidrica\/wp-json\/wp\/v2\/pages\/1515","targetHints":{"allow":["GET"]}}],"collection":[{"href":"https:\/\/wp.ufpel.edu.br\/enghidrica\/wp-json\/wp\/v2\/pages"}],"about":[{"href":"https:\/\/wp.ufpel.edu.br\/enghidrica\/wp-json\/wp\/v2\/types\/page"}],"author":[{"embeddable":true,"href":"https:\/\/wp.ufpel.edu.br\/enghidrica\/wp-json\/wp\/v2\/users\/598"}],"replies":[{"embeddable":true,"href":"https:\/\/wp.ufpel.edu.br\/enghidrica\/wp-json\/wp\/v2\/comments?post=1515"}],"version-history":[{"count":3,"href":"https:\/\/wp.ufpel.edu.br\/enghidrica\/wp-json\/wp\/v2\/pages\/1515\/revisions"}],"predecessor-version":[{"id":3057,"href":"https:\/\/wp.ufpel.edu.br\/enghidrica\/wp-json\/wp\/v2\/pages\/1515\/revisions\/3057"}],"up":[{"embeddable":true,"href":"https:\/\/wp.ufpel.edu.br\/enghidrica\/wp-json\/wp\/v2\/pages\/871"}],"wp:attachment":[{"href":"https:\/\/wp.ufpel.edu.br\/enghidrica\/wp-json\/wp\/v2\/media?parent=1515"}],"curies":[{"name":"wp","href":"https:\/\/api.w.org\/{rel}","templated":true}]}}